{"id":88,"date":"2024-02-12T07:06:32","date_gmt":"2024-02-12T07:06:32","guid":{"rendered":"https:\/\/nembutalhouse.com\/gras\/?post_type=product&#038;p=88"},"modified":"2024-08-26T05:58:30","modified_gmt":"2024-08-26T05:58:30","slug":"pineapple-express","status":"publish","type":"product","link":"https:\/\/kaufengras.com\/pl\/product\/ekspres-ananasowy\/","title":{"rendered":"Pineapple Express"},"content":{"rendered":"<h2>Kup online Pineapple Express<\/h2>\n<h3>BuyGrass: Tw\u00f3j kompleksowy sklep do zakupu Pineapple Express online<\/h3>\n<p>Chcesz kupi\u0107 Pineapple Express online? W takim razie KaufenGras jest w\u0142a\u015bciwym miejscem dla Ciebie! Jeste\u015bmy punktem kompleksowej obs\u0142ugi dla wszystkiego, co ma zwi\u0105zek z Pineapple Express i oferujemy wysokiej jako\u015bci produkty, kt\u00f3re s\u0105 legalnie dost\u0119pne w Niemczech.<\/p>\n<h3>Dlaczego warto wybra\u0107 Pineapple Express od KaufenGras?<\/h3>\n<p>W KaufenGras jeste\u015bmy dumni z tego, \u017ce oferujemy tylko najlepsze odmiany Pineapple Express dost\u0119pne na rynku. Nasze produkty s\u0105 starannie opracowane, aby zapewni\u0107 najwy\u017csz\u0105 jako\u015b\u0107 i moc, dzi\u0119ki czemu za ka\u017cdym razem mo\u017cesz cieszy\u0107 si\u0119 niezr\u00f3wnanymi wra\u017ceniami z palenia.<\/p>\n<h3>Kup Pineapple Express legalnie online<\/h3>\n<p>Kupuj\u0105c u nas, mo\u017cesz mie\u0107 pewno\u015b\u0107, \u017ce kupujesz Pineapple Express legalnie. Przestrzegamy wszystkich przepis\u00f3w i wytycznych, zapewniaj\u0105c, \u017ce nasze produkty s\u0105 bezpieczne, legalne i najwy\u017cszej jako\u015bci. Dzi\u0119ki KaufenGras mo\u017cesz spa\u0107 spokojnie, wiedz\u0105c, \u017ce kupujesz swoje ulubione odmiany w spos\u00f3b odpowiedzialny i legalny.<\/p>\n<h3>Gdzie mog\u0119 kupi\u0107 Pineapple Express w Niemczech?<\/h3>\n<p>Zastanawiasz si\u0119, gdzie <a href=\"https:\/\/kaufengras.com\/pl\/product\/ekspres-ananasowy\/\">Pineapple Express<\/a> w Niemczech? KaufenGras jest tutaj dla Ciebie! W naszym wygodnym sklepie internetowym mo\u017cesz \u0142atwo przegl\u0105da\u0107 nasz\u0105 ofert\u0119 produkt\u00f3w Pineapple Express i z\u0142o\u017cy\u0107 zam\u00f3wienie za pomoc\u0105 kilku klikni\u0119\u0107. Oferujemy szybk\u0105 i dyskretn\u0105 wysy\u0142k\u0119, dzi\u0119ki czemu mo\u017cesz z \u0142atwo\u015bci\u0105 cieszy\u0107 si\u0119 swoimi ulubionymi odmianami.<\/p>\n<h3>Zam\u00f3w Pineapple Express online ju\u017c dzi\u015b<\/h3>\n<p>Czy jeste\u015b gotowy, aby do\u015bwiadczy\u0107 podnosz\u0105cych na duchu i rewitalizuj\u0105cych efekt\u00f3w Pineapple Express? Zam\u00f3w Pineapple Express online w KaufenGras ju\u017c dzi\u015b i przekonaj si\u0119, dlaczego jeste\u015bmy numerem jeden w\u015br\u00f3d entuzjast\u00f3w konopi indyjskich w ca\u0142ym kraju. Nasza przyjazna dla u\u017cytkownika strona internetowa u\u0142atwia znalezienie i zakup ulubionych odmian, dzi\u0119ki czemu mo\u017cesz cieszy\u0107 si\u0119 nimi w zaciszu w\u0142asnego domu.<\/p>\n<h3>Kup BuyGrass dla Pineapple Express<\/h3>\n<p>Niezale\u017cnie od tego, czy jeste\u015b do\u015bwiadczonym palaczem, czy nowicjuszem w \u015bwiecie konopi indyjskich, KaufenGras to kompleksowy sklep ze wszystkimi rzeczami Pineapple Express. Dzi\u0119ki naszemu szerokiemu wyborowi, konkurencyjnym cenom i wyj\u0105tkowej obs\u0142udze klienta, staramy si\u0119 zapewni\u0107 jak najlepsze wra\u017cenia z zakup\u00f3w. Dlaczego wi\u0119c czeka\u0107? Kup KaufenGras ju\u017c dzi\u015b i popraw swoje wra\u017cenia z palenia dzi\u0119ki Pineapple Express!<\/p>","protected":false},"excerpt":{"rendered":"<p>Kup Pineapple Express online KaufenGras: Tw\u00f3j punkt kompleksowej obs\u0142ugi dla kupuj\u0105cych Pineapple Express online Chcesz kupi\u0107 Pineapple Express online? KaufenGras jest w\u0142a\u015bciwym miejscem dla Ciebie! Jeste\u015bmy punktem kompleksowej obs\u0142ugi w zakresie wszystkiego, co ma zwi\u0105zek z Pineapple Express i oferujemy wysokiej jako\u015bci produkty, kt\u00f3re s\u0105 legalnie dost\u0119pne w Niemczech. Dlaczego warto wybra\u0107 Pineapple Express z [...]<\/p>","protected":false},"featured_media":8962,"comment_status":"open","ping_status":"closed","template":"","meta":{"inline_featured_image":false,"_joinchat":[]},"product_cat":[17],"product_tag":[],"class_list":{"0":"post-88","1":"product","2":"type-product","3":"status-publish","4":"has-post-thumbnail","6":"product_cat-gras","8":"first","9":"instock","10":"featured","11":"shipping-taxable","12":"purchasable","13":"product-type-variable","14":"has-default-attributes"},"yoast_head":"<!-- This site is optimized with the Yoast SEO plugin v23.5 - https:\/\/yoast.com\/wordpress\/plugins\/seo\/ -->\n<title>Pineapple Express online kaufen - Pineapple Express zu verkaufen<\/title>\n<meta name=\"description\" content=\"Wenn Sie Pineapple Express online kaufen m\u00f6chten, besuchen Sie unseren Online-Shop Kaufengras. Wir haben hochwertige Produkte wie Pineapple Express im Angebot. Bestellen Sie jetzt!\" \/>\n<meta name=\"robots\" content=\"index, follow, max-snippet:-1, max-image-preview:large, max-video-preview:-1\" \/>\n<link rel=\"canonical\" href=\"https:\/\/kaufengras.com\/pl\/product\/ekspres-ananasowy\/\" \/>\n<meta property=\"og:locale\" content=\"pl_PL\" \/>\n<meta property=\"og:type\" content=\"article\" \/>\n<meta property=\"og:title\" content=\"Pineapple Express online kaufen - Pineapple Express zu verkaufen\" \/>\n<meta property=\"og:description\" content=\"Wenn Sie Pineapple Express online kaufen m\u00f6chten, besuchen Sie unseren Online-Shop Kaufengras. Wir haben hochwertige Produkte wie Pineapple Express im Angebot. Bestellen Sie jetzt!\" \/>\n<meta property=\"og:url\" content=\"https:\/\/kaufengras.com\/pl\/product\/ekspres-ananasowy\/\" \/>\n<meta property=\"og:site_name\" content=\"Kaufen Gras\" \/>\n<meta property=\"article:modified_time\" content=\"2024-08-26T05:58:30+00:00\" \/>\n<meta property=\"og:image\" content=\"https:\/\/kaufengras.com\/wp-content\/uploads\/2024\/02\/Pineapple-Express-1.jpg\" \/>\n\t<meta property=\"og:image:width\" content=\"600\" \/>\n\t<meta property=\"og:image:height\" content=\"600\" \/>\n\t<meta property=\"og:image:type\" content=\"image\/jpeg\" \/>\n<meta name=\"twitter:card\" content=\"summary_large_image\" \/>\n<meta name=\"twitter:label1\" content=\"Szacowany czas czytania\" \/>\n\t<meta name=\"twitter:data1\" content=\"2 minuty\" \/>\n<script type=\"application\/ld+json\" class=\"yoast-schema-graph\">{\"@context\":\"https:\/\/schema.org\",\"@graph\":[{\"@type\":\"WebPage\",\"@id\":\"https:\/\/kaufengras.com\/product\/pineapple-express\/\",\"url\":\"https:\/\/kaufengras.com\/product\/pineapple-express\/\",\"name\":\"Pineapple Express online kaufen - Pineapple Express zu verkaufen\",\"isPartOf\":{\"@id\":\"https:\/\/kaufengras.com\/#website\"},\"primaryImageOfPage\":{\"@id\":\"https:\/\/kaufengras.com\/product\/pineapple-express\/#primaryimage\"},\"image\":{\"@id\":\"https:\/\/kaufengras.com\/product\/pineapple-express\/#primaryimage\"},\"thumbnailUrl\":\"https:\/\/kaufengras.com\/wp-content\/uploads\/2024\/02\/Pineapple-Express-1.jpg\",\"datePublished\":\"2024-02-12T07:06:32+00:00\",\"dateModified\":\"2024-08-26T05:58:30+00:00\",\"description\":\"Wenn Sie Pineapple Express online kaufen m\u00f6chten, besuchen Sie unseren Online-Shop Kaufengras. Wir haben hochwertige Produkte wie Pineapple Express im Angebot. Bestellen Sie jetzt!\",\"breadcrumb\":{\"@id\":\"https:\/\/kaufengras.com\/product\/pineapple-express\/#breadcrumb\"},\"inLanguage\":\"pl-PL\",\"potentialAction\":[{\"@type\":\"ReadAction\",\"target\":[\"https:\/\/kaufengras.com\/product\/pineapple-express\/\"]}]},{\"@type\":\"ImageObject\",\"inLanguage\":\"pl-PL\",\"@id\":\"https:\/\/kaufengras.com\/product\/pineapple-express\/#primaryimage\",\"url\":\"https:\/\/kaufengras.com\/wp-content\/uploads\/2024\/02\/Pineapple-Express-1.jpg\",\"contentUrl\":\"https:\/\/kaufengras.com\/wp-content\/uploads\/2024\/02\/Pineapple-Express-1.jpg\",\"width\":600,\"height\":600,\"caption\":\"Kaufen Pineapple-Express Online\"},{\"@type\":\"BreadcrumbList\",\"@id\":\"https:\/\/kaufengras.com\/product\/pineapple-express\/#breadcrumb\",\"itemListElement\":[{\"@type\":\"ListItem\",\"position\":1,\"name\":\"Home\",\"item\":\"https:\/\/kaufengras.com\/\"},{\"@type\":\"ListItem\",\"position\":2,\"name\":\"Shop\",\"item\":\"https:\/\/kaufengras.com\/shop\/\"},{\"@type\":\"ListItem\",\"position\":3,\"name\":\"Pineapple Express\"}]},{\"@type\":\"WebSite\",\"@id\":\"https:\/\/kaufengras.com\/#website\",\"url\":\"https:\/\/kaufengras.com\/\",\"name\":\"Kaufen Gras\",\"description\":\"Gras Online Kaufen\",\"publisher\":{\"@id\":\"https:\/\/kaufengras.com\/#organization\"},\"potentialAction\":[{\"@type\":\"SearchAction\",\"target\":{\"@type\":\"EntryPoint\",\"urlTemplate\":\"https:\/\/kaufengras.com\/?s={search_term_string}\"},\"query-input\":{\"@type\":\"PropertyValueSpecification\",\"valueRequired\":true,\"valueName\":\"search_term_string\"}}],\"inLanguage\":\"pl-PL\"},{\"@type\":\"Organization\",\"@id\":\"https:\/\/kaufengras.com\/#organization\",\"name\":\"Kaufen Gras\",\"url\":\"https:\/\/kaufengras.com\/\",\"logo\":{\"@type\":\"ImageObject\",\"inLanguage\":\"pl-PL\",\"@id\":\"https:\/\/kaufengras.com\/#\/schema\/logo\/image\/\",\"url\":\"https:\/\/kaufengras.com\/wp-content\/uploads\/2024\/02\/logo.png\",\"contentUrl\":\"https:\/\/kaufengras.com\/wp-content\/uploads\/2024\/02\/logo.png\",\"width\":250,\"height\":71,\"caption\":\"Kaufen Gras\"},\"image\":{\"@id\":\"https:\/\/kaufengras.com\/#\/schema\/logo\/image\/\"}}]}<\/script>\n<!-- \/ Yoast SEO plugin. -->","yoast_head_json":{"title":"Pineapple Express online kaufen - Pineapple Express zu verkaufen","description":"Wenn Sie Pineapple Express online kaufen m\u00f6chten, besuchen Sie unseren Online-Shop Kaufengras. Wir haben hochwertige Produkte wie Pineapple Express im Angebot. Bestellen Sie jetzt!","robots":{"index":"index","follow":"follow","max-snippet":"max-snippet:-1","max-image-preview":"max-image-preview:large","max-video-preview":"max-video-preview:-1"},"canonical":"https:\/\/kaufengras.com\/pl\/product\/ekspres-ananasowy\/","og_locale":"pl_PL","og_type":"article","og_title":"Pineapple Express online kaufen - Pineapple Express zu verkaufen","og_description":"Wenn Sie Pineapple Express online kaufen m\u00f6chten, besuchen Sie unseren Online-Shop Kaufengras. Wir haben hochwertige Produkte wie Pineapple Express im Angebot. Bestellen Sie jetzt!","og_url":"https:\/\/kaufengras.com\/pl\/product\/ekspres-ananasowy\/","og_site_name":"Kaufen Gras","article_modified_time":"2024-08-26T05:58:30+00:00","og_image":[{"width":600,"height":600,"url":"https:\/\/kaufengras.com\/wp-content\/uploads\/2024\/02\/Pineapple-Express-1.jpg","type":"image\/jpeg"}],"twitter_card":"summary_large_image","twitter_misc":{"Szacowany czas czytania":"2 minuty"},"schema":{"@context":"https:\/\/schema.org","@graph":[{"@type":"WebPage","@id":"https:\/\/kaufengras.com\/product\/pineapple-express\/","url":"https:\/\/kaufengras.com\/product\/pineapple-express\/","name":"Pineapple Express online kaufen - Pineapple Express zu verkaufen","isPartOf":{"@id":"https:\/\/kaufengras.com\/#website"},"primaryImageOfPage":{"@id":"https:\/\/kaufengras.com\/product\/pineapple-express\/#primaryimage"},"image":{"@id":"https:\/\/kaufengras.com\/product\/pineapple-express\/#primaryimage"},"thumbnailUrl":"https:\/\/kaufengras.com\/wp-content\/uploads\/2024\/02\/Pineapple-Express-1.jpg","datePublished":"2024-02-12T07:06:32+00:00","dateModified":"2024-08-26T05:58:30+00:00","description":"Wenn Sie Pineapple Express online kaufen m\u00f6chten, besuchen Sie unseren Online-Shop Kaufengras. Wir haben hochwertige Produkte wie Pineapple Express im Angebot. Bestellen Sie jetzt!","breadcrumb":{"@id":"https:\/\/kaufengras.com\/product\/pineapple-express\/#breadcrumb"},"inLanguage":"pl-PL","potentialAction":[{"@type":"ReadAction","target":["https:\/\/kaufengras.com\/product\/pineapple-express\/"]}]},{"@type":"ImageObject","inLanguage":"pl-PL","@id":"https:\/\/kaufengras.com\/product\/pineapple-express\/#primaryimage","url":"https:\/\/kaufengras.com\/wp-content\/uploads\/2024\/02\/Pineapple-Express-1.jpg","contentUrl":"https:\/\/kaufengras.com\/wp-content\/uploads\/2024\/02\/Pineapple-Express-1.jpg","width":600,"height":600,"caption":"Kaufen Pineapple-Express Online"},{"@type":"BreadcrumbList","@id":"https:\/\/kaufengras.com\/product\/pineapple-express\/#breadcrumb","itemListElement":[{"@type":"ListItem","position":1,"name":"Home","item":"https:\/\/kaufengras.com\/"},{"@type":"ListItem","position":2,"name":"Shop","item":"https:\/\/kaufengras.com\/shop\/"},{"@type":"ListItem","position":3,"name":"Pineapple Express"}]},{"@type":"WebSite","@id":"https:\/\/kaufengras.com\/#website","url":"https:\/\/kaufengras.com\/","name":"Kaufen Gras","description":"Gras Online Kaufen","publisher":{"@id":"https:\/\/kaufengras.com\/#organization"},"potentialAction":[{"@type":"SearchAction","target":{"@type":"EntryPoint","urlTemplate":"https:\/\/kaufengras.com\/?s={search_term_string}"},"query-input":{"@type":"PropertyValueSpecification","valueRequired":true,"valueName":"search_term_string"}}],"inLanguage":"pl-PL"},{"@type":"Organization","@id":"https:\/\/kaufengras.com\/#organization","name":"Kaufen Gras","url":"https:\/\/kaufengras.com\/","logo":{"@type":"ImageObject","inLanguage":"pl-PL","@id":"https:\/\/kaufengras.com\/#\/schema\/logo\/image\/","url":"https:\/\/kaufengras.com\/wp-content\/uploads\/2024\/02\/logo.png","contentUrl":"https:\/\/kaufengras.com\/wp-content\/uploads\/2024\/02\/logo.png","width":250,"height":71,"caption":"Kaufen Gras"},"image":{"@id":"https:\/\/kaufengras.com\/#\/schema\/logo\/image\/"}}]}},"_links":{"self":[{"href":"https:\/\/kaufengras.com\/pl\/wp-json\/wp\/v2\/product\/88","targetHints":{"allow":["GET"]}}],"collection":[{"href":"https:\/\/kaufengras.com\/pl\/wp-json\/wp\/v2\/product"}],"about":[{"href":"https:\/\/kaufengras.com\/pl\/wp-json\/wp\/v2\/types\/product"}],"replies":[{"embeddable":true,"href":"https:\/\/kaufengras.com\/pl\/wp-json\/wp\/v2\/comments?post=88"}],"wp:featuredmedia":[{"embeddable":true,"href":"https:\/\/kaufengras.com\/pl\/wp-json\/wp\/v2\/media\/8962"}],"wp:attachment":[{"href":"https:\/\/kaufengras.com\/pl\/wp-json\/wp\/v2\/media?parent=88"}],"wp:term":[{"taxonomy":"product_cat","embeddable":true,"href":"https:\/\/kaufengras.com\/pl\/wp-json\/wp\/v2\/product_cat?post=88"},{"taxonomy":"product_tag","embeddable":true,"href":"https:\/\/kaufengras.com\/pl\/wp-json\/wp\/v2\/product_tag?post=88"}],"curies":[{"name":"wp","href":"https:\/\/api.w.org\/{rel}","templated":true}]}}