{"id":47,"date":"2024-02-12T07:06:19","date_gmt":"2024-02-12T07:06:19","guid":{"rendered":"https:\/\/nembutalhouse.com\/gras\/?post_type=product&#038;p=47"},"modified":"2024-08-26T06:05:54","modified_gmt":"2024-08-26T06:05:54","slug":"blueberry-kush","status":"publish","type":"product","link":"https:\/\/kaufengras.com\/pl\/product\/blueberry-kush\/","title":{"rendered":"Blueberry Kush"},"content":{"rendered":"<h2>Kup Blueberry Kush online<\/h2>\n<h3>KaufenGras: Twoje miejsce docelowe, aby kupi\u0107 Blueberry Kush w Niemczech<\/h3>\n<p>Witamy w KaufenGras, preferowanym dostawcy do legalnego zakupu Blueberry Kush online. Jako koneserzy wysokiej jako\u015bci produkt\u00f3w z konopi indyjskich, z dum\u0105 oferujemy szeroki wyb\u00f3r odmian, w tym renomowan\u0105 Blueberry Kush. Je\u015bli zastanawiasz si\u0119, gdzie kupi\u0107 Blueberry Kush w Wielkiej Brytanii, KaufenGras jest w\u0142a\u015bciwym miejscem.<\/p>\n<h3>Odkryj niepowtarzalny smak Blueberry Kush<\/h3>\n<p>Zafunduj sobie bogaty, owocowy aromat i smak <a href=\"https:\/\/kaufengras.com\/pl\/product\/blueberry-kush\/\">Blueberry Kush<\/a>to popularna hybryda z dominacj\u0105 Indica, znana ze swoich relaksuj\u0105cych i euforycznych efekt\u00f3w. Dzi\u0119ki naszej starannie wyselekcjonowanej ofercie mo\u017cesz do\u015bwiadczy\u0107 pe\u0142nego spektrum w\u0142a\u015bciwo\u015bci tej kultowej odmiany, od g\u0119stych, mro\u017anych p\u0105k\u00f3w po koj\u0105cy, topi\u0105cy cia\u0142o haj.<\/p>\n<h3>Zam\u00f3w Blueberry Kush \u0142atwo online<\/h3>\n<p>W KaufenGras wiemy, jak wa\u017cna jest wygoda i dyskrecja przy zakupie produkt\u00f3w z konopi indyjskich. Dlatego te\u017c zoptymalizowali\u015bmy proces sk\u0142adania zam\u00f3wie\u0144 online, aby\u015b m\u00f3g\u0142 kupi\u0107 Blueberry Kush w zaciszu w\u0142asnego domu za pomoc\u0105 zaledwie kilku klikni\u0119\u0107. Co wi\u0119cej, dzi\u0119ki naszemu bezpiecznemu opakowaniu i szybkiej, niezawodnej wysy\u0142ce, mo\u017cesz spa\u0107 spokojnie, wiedz\u0105c, \u017ce Twoje zam\u00f3wienie dotrze bezpiecznie i dyskretnie.<\/p>\n<h3>Gdzie kupi\u0107 Blueberry Kush: Obietnica jako\u015bci KaufenGras<\/h3>\n<p>Wybieraj\u0105c KaufenGras jako sw\u00f3j sklep z Blueberry Kush, mo\u017cesz mie\u0107 pewno\u015b\u0107, \u017ce otrzymujesz produkt najwy\u017cszej jako\u015bci dost\u0119pny na rynku. \u015aci\u015ble wsp\u00f3\u0142pracujemy z zaufanymi dostawcami i hodowcami, aby zapewni\u0107, \u017ce ka\u017cda partia Blueberry Kush na sprzeda\u017c spe\u0142nia nasze surowe standardy dotycz\u0105ce mocy, czysto\u015bci i \u015bwie\u017co\u015bci.<\/p>\n<h3>Poznaj r\u00f3\u017cnic\u0119 KaufenGras<\/h3>\n<p>Dzi\u0119ki naszemu zaanga\u017cowaniu w zadowolenie klienta i d\u0105\u017ceniu do doskona\u0142o\u015bci, KaufenGras wyr\u00f3\u017cnia si\u0119 jako najlepsze miejsce do zakupu Blueberry Kush online. Niezale\u017cnie od tego, czy jeste\u015b do\u015bwiadczonym entuzjast\u0105 marihuany, czy ciekawskim nowicjuszem, zapraszamy do zapoznania si\u0119 z nasz\u0105 ofert\u0105 i przekonania si\u0119, dlaczego jeste\u015bmy najlepszym wyborem dla koneser\u00f3w konopi w ca\u0142ym kraju.<\/p>\n<h3>Kup Blueberry Kush ju\u017c dzi\u015b<\/h3>\n<p>Czy jeste\u015b gotowy, aby do\u015bwiadczy\u0107 niezr\u00f3wnanej jako\u015bci i wygody zakup\u00f3w w KaufenGras? Zam\u00f3w Blueberry Kush w naszym sklepie internetowym ju\u017c dzi\u015b i przenie\u015b swoje do\u015bwiadczenia z konopiami indyjskimi na nowy poziom. Do\u0142\u0105cz do tysi\u0119cy zadowolonych klient\u00f3w, kt\u00f3rzy polegaj\u0105 na KaufenGras w zakresie wszystkich swoich potrzeb zwi\u0105zanych z konopiami indyjskimi - nie mo\u017cemy si\u0119 doczeka\u0107, aby Ci pom\u00f3c!<\/p>","protected":false},"excerpt":{"rendered":"<p>Kup Blueberry Kush online KaufenGras: Twoje miejsce docelowe do zakupu Blueberry Kush w Niemczech Witamy w KaufenGras, preferowanym dostawcy do legalnego zakupu Blueberry Kush online. Jako koneserzy wysokiej jako\u015bci produkt\u00f3w z konopi indyjskich, z dum\u0105 oferujemy szeroki wyb\u00f3r odmian, w tym renomowan\u0105 Blueberry Kush. Je\u015bli zastanawiasz si\u0119, gdzie [...]<\/p>","protected":false},"featured_media":8956,"comment_status":"open","ping_status":"closed","template":"","meta":{"inline_featured_image":false,"_joinchat":[]},"product_cat":[17],"product_tag":[],"class_list":{"0":"post-47","1":"product","2":"type-product","3":"status-publish","4":"has-post-thumbnail","6":"product_cat-gras","8":"first","9":"instock","10":"featured","11":"shipping-taxable","12":"purchasable","13":"product-type-variable","14":"has-default-attributes"},"yoast_head":"<!-- This site is optimized with the Yoast SEO plugin v23.5 - https:\/\/yoast.com\/wordpress\/plugins\/seo\/ -->\n<title>Blueberry Kush online kaufen - Blueberry Kush zu verkaufen<\/title>\n<meta name=\"description\" content=\"Sie k\u00f6nnen Blueberry Kush online in unserem Online-Shop kaufen, da wir Blueberry Kush hier zum Verkauf anbieten. Geben Sie Ihre Bestellung auf und erhalten Sie jeden Tag g\u00fcnstige Angebote. Jetzt bestellen!\" \/>\n<meta name=\"robots\" content=\"index, follow, max-snippet:-1, max-image-preview:large, max-video-preview:-1\" \/>\n<link rel=\"canonical\" href=\"https:\/\/kaufengras.com\/pl\/product\/blueberry-kush\/\" \/>\n<meta property=\"og:locale\" content=\"pl_PL\" \/>\n<meta property=\"og:type\" content=\"article\" \/>\n<meta property=\"og:title\" content=\"Blueberry Kush online kaufen - Blueberry Kush zu verkaufen\" \/>\n<meta property=\"og:description\" content=\"Sie k\u00f6nnen Blueberry Kush online in unserem Online-Shop kaufen, da wir Blueberry Kush hier zum Verkauf anbieten. Geben Sie Ihre Bestellung auf und erhalten Sie jeden Tag g\u00fcnstige Angebote. Jetzt bestellen!\" \/>\n<meta property=\"og:url\" content=\"https:\/\/kaufengras.com\/pl\/product\/blueberry-kush\/\" \/>\n<meta property=\"og:site_name\" content=\"Kaufen Gras\" \/>\n<meta property=\"article:modified_time\" content=\"2024-08-26T06:05:54+00:00\" \/>\n<meta property=\"og:image\" content=\"https:\/\/kaufengras.com\/wp-content\/uploads\/2024\/02\/Blueberry-Kush-1.jpg\" \/>\n\t<meta property=\"og:image:width\" content=\"600\" \/>\n\t<meta property=\"og:image:height\" content=\"600\" \/>\n\t<meta property=\"og:image:type\" content=\"image\/jpeg\" \/>\n<meta name=\"twitter:card\" content=\"summary_large_image\" \/>\n<meta name=\"twitter:label1\" content=\"Szacowany czas czytania\" \/>\n\t<meta name=\"twitter:data1\" content=\"2 minuty\" \/>\n<script type=\"application\/ld+json\" class=\"yoast-schema-graph\">{\"@context\":\"https:\/\/schema.org\",\"@graph\":[{\"@type\":\"WebPage\",\"@id\":\"https:\/\/kaufengras.com\/product\/blueberry-kush\/\",\"url\":\"https:\/\/kaufengras.com\/product\/blueberry-kush\/\",\"name\":\"Blueberry Kush online kaufen - Blueberry Kush zu verkaufen\",\"isPartOf\":{\"@id\":\"https:\/\/kaufengras.com\/#website\"},\"primaryImageOfPage\":{\"@id\":\"https:\/\/kaufengras.com\/product\/blueberry-kush\/#primaryimage\"},\"image\":{\"@id\":\"https:\/\/kaufengras.com\/product\/blueberry-kush\/#primaryimage\"},\"thumbnailUrl\":\"https:\/\/kaufengras.com\/wp-content\/uploads\/2024\/02\/Blueberry-Kush-1.jpg\",\"datePublished\":\"2024-02-12T07:06:19+00:00\",\"dateModified\":\"2024-08-26T06:05:54+00:00\",\"description\":\"Sie k\u00f6nnen Blueberry Kush online in unserem Online-Shop kaufen, da wir Blueberry Kush hier zum Verkauf anbieten. Geben Sie Ihre Bestellung auf und erhalten Sie jeden Tag g\u00fcnstige Angebote. Jetzt bestellen!\",\"breadcrumb\":{\"@id\":\"https:\/\/kaufengras.com\/product\/blueberry-kush\/#breadcrumb\"},\"inLanguage\":\"pl-PL\",\"potentialAction\":[{\"@type\":\"ReadAction\",\"target\":[\"https:\/\/kaufengras.com\/product\/blueberry-kush\/\"]}]},{\"@type\":\"ImageObject\",\"inLanguage\":\"pl-PL\",\"@id\":\"https:\/\/kaufengras.com\/product\/blueberry-kush\/#primaryimage\",\"url\":\"https:\/\/kaufengras.com\/wp-content\/uploads\/2024\/02\/Blueberry-Kush-1.jpg\",\"contentUrl\":\"https:\/\/kaufengras.com\/wp-content\/uploads\/2024\/02\/Blueberry-Kush-1.jpg\",\"width\":600,\"height\":600,\"caption\":\"Kaufen Blueberry-Kush Online\"},{\"@type\":\"BreadcrumbList\",\"@id\":\"https:\/\/kaufengras.com\/product\/blueberry-kush\/#breadcrumb\",\"itemListElement\":[{\"@type\":\"ListItem\",\"position\":1,\"name\":\"Home\",\"item\":\"https:\/\/kaufengras.com\/\"},{\"@type\":\"ListItem\",\"position\":2,\"name\":\"Shop\",\"item\":\"https:\/\/kaufengras.com\/shop\/\"},{\"@type\":\"ListItem\",\"position\":3,\"name\":\"Blueberry Kush\"}]},{\"@type\":\"WebSite\",\"@id\":\"https:\/\/kaufengras.com\/#website\",\"url\":\"https:\/\/kaufengras.com\/\",\"name\":\"Kaufen Gras\",\"description\":\"Gras Online Kaufen\",\"publisher\":{\"@id\":\"https:\/\/kaufengras.com\/#organization\"},\"potentialAction\":[{\"@type\":\"SearchAction\",\"target\":{\"@type\":\"EntryPoint\",\"urlTemplate\":\"https:\/\/kaufengras.com\/?s={search_term_string}\"},\"query-input\":{\"@type\":\"PropertyValueSpecification\",\"valueRequired\":true,\"valueName\":\"search_term_string\"}}],\"inLanguage\":\"pl-PL\"},{\"@type\":\"Organization\",\"@id\":\"https:\/\/kaufengras.com\/#organization\",\"name\":\"Kaufen Gras\",\"url\":\"https:\/\/kaufengras.com\/\",\"logo\":{\"@type\":\"ImageObject\",\"inLanguage\":\"pl-PL\",\"@id\":\"https:\/\/kaufengras.com\/#\/schema\/logo\/image\/\",\"url\":\"https:\/\/kaufengras.com\/wp-content\/uploads\/2024\/02\/logo.png\",\"contentUrl\":\"https:\/\/kaufengras.com\/wp-content\/uploads\/2024\/02\/logo.png\",\"width\":250,\"height\":71,\"caption\":\"Kaufen Gras\"},\"image\":{\"@id\":\"https:\/\/kaufengras.com\/#\/schema\/logo\/image\/\"}}]}<\/script>\n<!-- \/ Yoast SEO plugin. -->","yoast_head_json":{"title":"Blueberry Kush online kaufen - Blueberry Kush zu verkaufen","description":"Sie k\u00f6nnen Blueberry Kush online in unserem Online-Shop kaufen, da wir Blueberry Kush hier zum Verkauf anbieten. Geben Sie Ihre Bestellung auf und erhalten Sie jeden Tag g\u00fcnstige Angebote. Jetzt bestellen!","robots":{"index":"index","follow":"follow","max-snippet":"max-snippet:-1","max-image-preview":"max-image-preview:large","max-video-preview":"max-video-preview:-1"},"canonical":"https:\/\/kaufengras.com\/pl\/product\/blueberry-kush\/","og_locale":"pl_PL","og_type":"article","og_title":"Blueberry Kush online kaufen - Blueberry Kush zu verkaufen","og_description":"Sie k\u00f6nnen Blueberry Kush online in unserem Online-Shop kaufen, da wir Blueberry Kush hier zum Verkauf anbieten. Geben Sie Ihre Bestellung auf und erhalten Sie jeden Tag g\u00fcnstige Angebote. Jetzt bestellen!","og_url":"https:\/\/kaufengras.com\/pl\/product\/blueberry-kush\/","og_site_name":"Kaufen Gras","article_modified_time":"2024-08-26T06:05:54+00:00","og_image":[{"width":600,"height":600,"url":"https:\/\/kaufengras.com\/wp-content\/uploads\/2024\/02\/Blueberry-Kush-1.jpg","type":"image\/jpeg"}],"twitter_card":"summary_large_image","twitter_misc":{"Szacowany czas czytania":"2 minuty"},"schema":{"@context":"https:\/\/schema.org","@graph":[{"@type":"WebPage","@id":"https:\/\/kaufengras.com\/product\/blueberry-kush\/","url":"https:\/\/kaufengras.com\/product\/blueberry-kush\/","name":"Blueberry Kush online kaufen - Blueberry Kush zu verkaufen","isPartOf":{"@id":"https:\/\/kaufengras.com\/#website"},"primaryImageOfPage":{"@id":"https:\/\/kaufengras.com\/product\/blueberry-kush\/#primaryimage"},"image":{"@id":"https:\/\/kaufengras.com\/product\/blueberry-kush\/#primaryimage"},"thumbnailUrl":"https:\/\/kaufengras.com\/wp-content\/uploads\/2024\/02\/Blueberry-Kush-1.jpg","datePublished":"2024-02-12T07:06:19+00:00","dateModified":"2024-08-26T06:05:54+00:00","description":"Sie k\u00f6nnen Blueberry Kush online in unserem Online-Shop kaufen, da wir Blueberry Kush hier zum Verkauf anbieten. Geben Sie Ihre Bestellung auf und erhalten Sie jeden Tag g\u00fcnstige Angebote. Jetzt bestellen!","breadcrumb":{"@id":"https:\/\/kaufengras.com\/product\/blueberry-kush\/#breadcrumb"},"inLanguage":"pl-PL","potentialAction":[{"@type":"ReadAction","target":["https:\/\/kaufengras.com\/product\/blueberry-kush\/"]}]},{"@type":"ImageObject","inLanguage":"pl-PL","@id":"https:\/\/kaufengras.com\/product\/blueberry-kush\/#primaryimage","url":"https:\/\/kaufengras.com\/wp-content\/uploads\/2024\/02\/Blueberry-Kush-1.jpg","contentUrl":"https:\/\/kaufengras.com\/wp-content\/uploads\/2024\/02\/Blueberry-Kush-1.jpg","width":600,"height":600,"caption":"Kaufen Blueberry-Kush Online"},{"@type":"BreadcrumbList","@id":"https:\/\/kaufengras.com\/product\/blueberry-kush\/#breadcrumb","itemListElement":[{"@type":"ListItem","position":1,"name":"Home","item":"https:\/\/kaufengras.com\/"},{"@type":"ListItem","position":2,"name":"Shop","item":"https:\/\/kaufengras.com\/shop\/"},{"@type":"ListItem","position":3,"name":"Blueberry Kush"}]},{"@type":"WebSite","@id":"https:\/\/kaufengras.com\/#website","url":"https:\/\/kaufengras.com\/","name":"Kaufen Gras","description":"Gras Online Kaufen","publisher":{"@id":"https:\/\/kaufengras.com\/#organization"},"potentialAction":[{"@type":"SearchAction","target":{"@type":"EntryPoint","urlTemplate":"https:\/\/kaufengras.com\/?s={search_term_string}"},"query-input":{"@type":"PropertyValueSpecification","valueRequired":true,"valueName":"search_term_string"}}],"inLanguage":"pl-PL"},{"@type":"Organization","@id":"https:\/\/kaufengras.com\/#organization","name":"Kaufen Gras","url":"https:\/\/kaufengras.com\/","logo":{"@type":"ImageObject","inLanguage":"pl-PL","@id":"https:\/\/kaufengras.com\/#\/schema\/logo\/image\/","url":"https:\/\/kaufengras.com\/wp-content\/uploads\/2024\/02\/logo.png","contentUrl":"https:\/\/kaufengras.com\/wp-content\/uploads\/2024\/02\/logo.png","width":250,"height":71,"caption":"Kaufen Gras"},"image":{"@id":"https:\/\/kaufengras.com\/#\/schema\/logo\/image\/"}}]}},"_links":{"self":[{"href":"https:\/\/kaufengras.com\/pl\/wp-json\/wp\/v2\/product\/47","targetHints":{"allow":["GET"]}}],"collection":[{"href":"https:\/\/kaufengras.com\/pl\/wp-json\/wp\/v2\/product"}],"about":[{"href":"https:\/\/kaufengras.com\/pl\/wp-json\/wp\/v2\/types\/product"}],"replies":[{"embeddable":true,"href":"https:\/\/kaufengras.com\/pl\/wp-json\/wp\/v2\/comments?post=47"}],"wp:featuredmedia":[{"embeddable":true,"href":"https:\/\/kaufengras.com\/pl\/wp-json\/wp\/v2\/media\/8956"}],"wp:attachment":[{"href":"https:\/\/kaufengras.com\/pl\/wp-json\/wp\/v2\/media?parent=47"}],"wp:term":[{"taxonomy":"product_cat","embeddable":true,"href":"https:\/\/kaufengras.com\/pl\/wp-json\/wp\/v2\/product_cat?post=47"},{"taxonomy":"product_tag","embeddable":true,"href":"https:\/\/kaufengras.com\/pl\/wp-json\/wp\/v2\/product_tag?post=47"}],"curies":[{"name":"wp","href":"https:\/\/api.w.org\/{rel}","templated":true}]}}