{"id":122,"date":"2024-02-12T07:06:55","date_gmt":"2024-02-12T07:06:55","guid":{"rendered":"https:\/\/nembutalhouse.com\/gras\/?post_type=product&#038;p=122"},"modified":"2024-08-26T05:56:49","modified_gmt":"2024-08-26T05:56:49","slug":"ak-48-hashish","status":"publish","type":"product","link":"https:\/\/kaufengras.com\/pl\/product\/ak-48-haszysz\/","title":{"rendered":"Ak-48-Hashish"},"content":{"rendered":"<h2>Kup online Ak-48-Hashish<\/h2>\n<h3>Wzmocnij swoje doznania dzi\u0119ki wysokiej jako\u015bci haszyszowi AK-48 od KaufenGras: zaufanego dostawcy marihuany.<\/h3>\n<p>BuyGrass to kompleksowy sklep z najlepszym haszyszem AK-48 dost\u0119pnym online. Z dum\u0105 oferujemy szeroki wyb\u00f3r wysokiej jako\u015bci produkt\u00f3w z konopi indyjskich, w tym legendarny haszysz AK-48. Niezale\u017cnie od tego, czy jeste\u015b do\u015bwiadczonym koneserem, czy dopiero zaczynasz przygod\u0119 ze \u015bwiatem marihuany, znajdziesz u nas najwy\u017cszej klasy produkty i doskona\u0142\u0105 obs\u0142ug\u0119.<\/p>\n<h3>Bezkonkurencyjna jako\u015b\u0107 i skuteczno\u015b\u0107<\/h3>\n<p>W KaufenGras zaopatrujemy si\u0119 w <a href=\"https:\/\/kaufengras.com\/pl\/product\/ak-48-haszysz\/\">Haszysz AK-48<\/a> od zaufanych hodowc\u00f3w, dla kt\u00f3rych priorytetem jest jako\u015b\u0107 i moc. Nasz haszysz jest wytwarzany z najwy\u017cszej jako\u015bci odmian AK-48, kt\u00f3re s\u0105 znane ze swoich silnych efekt\u00f3w i wyra\u017anego profilu smakowego. Ka\u017cda partia jest starannie przetwarzana, aby zapewni\u0107 maksymaln\u0105 czysto\u015b\u0107 i moc, dostarczaj\u0105c za ka\u017cdym razem naprawd\u0119 wyj\u0105tkowy produkt.<\/p>\n<h3>Kupuj haszysz AK-48 online bez obaw<\/h3>\n<p>Czy chcia\u0142by\u015b kupi\u0107 haszysz AK-48 online? W takim razie KaufenGras jest w\u0142a\u015bciwym miejscem dla Ciebie. Wystarczy kilka klikni\u0119\u0107, aby przejrze\u0107 nasz szeroki wyb\u00f3r produkt\u00f3w z haszyszem AK-48 i dyskretnie dostarczy\u0107 je pod same drzwi. Dzi\u0119ki naszemu bezpiecznemu systemowi zam\u00f3wie\u0144 online mo\u017cesz \u0142atwo i wygodnie kupowa\u0107 swoje ulubione produkty z konopi indyjskich w zaciszu w\u0142asnego domu.<\/p>\n<h3>Gdzie kupi\u0107 haszysz AK-48: BuyGrass<\/h3>\n<p>Je\u015bli chodzi o znalezienie najlepszego haszyszu AK-48 na sprzeda\u017c, KaufenGras jest najlepszym miejscem docelowym. Nasze zaanga\u017cowanie w jako\u015b\u0107, zadowolenie klienta i konkurencyjne ceny charakteryzuj\u0105 nas jako wiod\u0105cy sklep internetowy z haszyszem AK-48. Niezale\u017cnie od tego, czy jeste\u015b w Wielkiej Brytanii, czy gdziekolwiek indziej na \u015bwiecie, mo\u017cesz zaufa\u0107 KaufenGras w zakresie wszystkich swoich potrzeb zwi\u0105zanych z konopiami indyjskimi.<\/p>\n<h3>Zam\u00f3w legalnie haszysz AK-48<\/h3>\n<p>W KaufenGras dzia\u0142amy w pe\u0142nej zgodno\u015bci ze wszystkimi przepisami prawnymi reguluj\u0105cymi sprzeda\u017c i dystrybucj\u0119 produkt\u00f3w z konopi indyjskich. Kupuj\u0105c u nas haszysz AK-48, mo\u017cesz mie\u0107 pewno\u015b\u0107, \u017ce kupujesz legalny i bezpieczny produkt z renomowanego \u017ar\u00f3d\u0142a.<\/p>\n<h3>Poznaj r\u00f3\u017cnic\u0119 KaufenGras<\/h3>\n<p>Ju\u017c dzi\u015b odkryj niezr\u00f3wnan\u0105 jako\u015b\u0107 i moc haszyszu AK-48 w KaufenGras. Dzi\u0119ki naszemu szerokiemu wyborowi, wygodnemu zamawianiu online i zaanga\u017cowaniu w zadowolenie klienta, jeste\u015bmy przekonani, \u017ce pokochasz to, co mamy do zaoferowania. Zr\u00f3b zakupy ju\u017c dzi\u015b i przekonaj si\u0119 sam o r\u00f3\u017cnicy.<\/p>","protected":false},"excerpt":{"rendered":"<p>Kup haszysz Ak-48 online Zwi\u0119ksz swoje doznania dzi\u0119ki wysokiej jako\u015bci haszyszowi AK-48 z KaufenGras: zaufanego sklepu z marihuan\u0105 KaufenGras to kompleksowy sklep z najlepszym haszyszem AK-48 dost\u0119pnym online. Jeste\u015bmy dumni z oferowania szerokiej gamy wysokiej jako\u015bci produkt\u00f3w z konopi indyjskich, w tym legendarnego haszyszu AK-48. Niezale\u017cnie od tego, czy jeste\u015b do\u015bwiadczonym koneserem, czy nowicjuszem w \u015bwiecie [...]<\/p>","protected":false},"featured_media":8981,"comment_status":"open","ping_status":"closed","template":"","meta":{"inline_featured_image":false,"_joinchat":[]},"product_cat":[18,19],"product_tag":[],"class_list":{"0":"post-122","1":"product","2":"type-product","3":"status-publish","4":"has-post-thumbnail","6":"product_cat-haschisch","7":"product_cat-hash","9":"first","10":"instock","11":"featured","12":"shipping-taxable","13":"purchasable","14":"product-type-variable"},"yoast_head":"<!-- This site is optimized with the Yoast SEO plugin v23.5 - https:\/\/yoast.com\/wordpress\/plugins\/seo\/ -->\n<title>Ak-48-Haschisch online kaufen - Ak-48-Haschisch zu verkaufen<\/title>\n<meta name=\"description\" content=\"Wenn Sie Ak-48-Hashish aus unserem Shop noch nicht probiert haben, dann verpassen Sie viel. Wir helfen Ihnen, Ak-48-Hashish online zu g\u00fcnstigen Preisen zu kaufen. Kaufen Sie Ak-48-Hashish noch heute!\" \/>\n<meta name=\"robots\" content=\"index, follow, max-snippet:-1, max-image-preview:large, max-video-preview:-1\" \/>\n<link rel=\"canonical\" href=\"https:\/\/kaufengras.com\/pl\/product\/ak-48-haszysz\/\" \/>\n<meta property=\"og:locale\" content=\"pl_PL\" \/>\n<meta property=\"og:type\" content=\"article\" \/>\n<meta property=\"og:title\" content=\"Ak-48-Haschisch online kaufen - Ak-48-Haschisch zu verkaufen\" \/>\n<meta property=\"og:description\" content=\"Wenn Sie Ak-48-Hashish aus unserem Shop noch nicht probiert haben, dann verpassen Sie viel. Wir helfen Ihnen, Ak-48-Hashish online zu g\u00fcnstigen Preisen zu kaufen. Kaufen Sie Ak-48-Hashish noch heute!\" \/>\n<meta property=\"og:url\" content=\"https:\/\/kaufengras.com\/pl\/product\/ak-48-haszysz\/\" \/>\n<meta property=\"og:site_name\" content=\"Kaufen Gras\" \/>\n<meta property=\"article:modified_time\" content=\"2024-08-26T05:56:49+00:00\" \/>\n<meta property=\"og:image\" content=\"https:\/\/kaufengras.com\/wp-content\/uploads\/2024\/02\/Ak-48.jpg\" \/>\n\t<meta property=\"og:image:width\" content=\"600\" \/>\n\t<meta property=\"og:image:height\" content=\"600\" \/>\n\t<meta property=\"og:image:type\" content=\"image\/jpeg\" \/>\n<meta name=\"twitter:card\" content=\"summary_large_image\" \/>\n<meta name=\"twitter:label1\" content=\"Szacowany czas czytania\" \/>\n\t<meta name=\"twitter:data1\" content=\"2 minuty\" \/>\n<script type=\"application\/ld+json\" class=\"yoast-schema-graph\">{\"@context\":\"https:\/\/schema.org\",\"@graph\":[{\"@type\":\"WebPage\",\"@id\":\"https:\/\/kaufengras.com\/product\/ak-48-hashish\/\",\"url\":\"https:\/\/kaufengras.com\/product\/ak-48-hashish\/\",\"name\":\"Ak-48-Haschisch online kaufen - Ak-48-Haschisch zu verkaufen\",\"isPartOf\":{\"@id\":\"https:\/\/kaufengras.com\/#website\"},\"primaryImageOfPage\":{\"@id\":\"https:\/\/kaufengras.com\/product\/ak-48-hashish\/#primaryimage\"},\"image\":{\"@id\":\"https:\/\/kaufengras.com\/product\/ak-48-hashish\/#primaryimage\"},\"thumbnailUrl\":\"https:\/\/kaufengras.com\/wp-content\/uploads\/2024\/02\/Ak-48.jpg\",\"datePublished\":\"2024-02-12T07:06:55+00:00\",\"dateModified\":\"2024-08-26T05:56:49+00:00\",\"description\":\"Wenn Sie Ak-48-Hashish aus unserem Shop noch nicht probiert haben, dann verpassen Sie viel. Wir helfen Ihnen, Ak-48-Hashish online zu g\u00fcnstigen Preisen zu kaufen. Kaufen Sie Ak-48-Hashish noch heute!\",\"breadcrumb\":{\"@id\":\"https:\/\/kaufengras.com\/product\/ak-48-hashish\/#breadcrumb\"},\"inLanguage\":\"pl-PL\",\"potentialAction\":[{\"@type\":\"ReadAction\",\"target\":[\"https:\/\/kaufengras.com\/product\/ak-48-hashish\/\"]}]},{\"@type\":\"ImageObject\",\"inLanguage\":\"pl-PL\",\"@id\":\"https:\/\/kaufengras.com\/product\/ak-48-hashish\/#primaryimage\",\"url\":\"https:\/\/kaufengras.com\/wp-content\/uploads\/2024\/02\/Ak-48.jpg\",\"contentUrl\":\"https:\/\/kaufengras.com\/wp-content\/uploads\/2024\/02\/Ak-48.jpg\",\"width\":600,\"height\":600,\"caption\":\"Kaufen Ak-48 Online\"},{\"@type\":\"BreadcrumbList\",\"@id\":\"https:\/\/kaufengras.com\/product\/ak-48-hashish\/#breadcrumb\",\"itemListElement\":[{\"@type\":\"ListItem\",\"position\":1,\"name\":\"Home\",\"item\":\"https:\/\/kaufengras.com\/\"},{\"@type\":\"ListItem\",\"position\":2,\"name\":\"Shop\",\"item\":\"https:\/\/kaufengras.com\/shop\/\"},{\"@type\":\"ListItem\",\"position\":3,\"name\":\"Ak-48-Hashish\"}]},{\"@type\":\"WebSite\",\"@id\":\"https:\/\/kaufengras.com\/#website\",\"url\":\"https:\/\/kaufengras.com\/\",\"name\":\"Kaufen Gras\",\"description\":\"Gras Online Kaufen\",\"publisher\":{\"@id\":\"https:\/\/kaufengras.com\/#organization\"},\"potentialAction\":[{\"@type\":\"SearchAction\",\"target\":{\"@type\":\"EntryPoint\",\"urlTemplate\":\"https:\/\/kaufengras.com\/?s={search_term_string}\"},\"query-input\":{\"@type\":\"PropertyValueSpecification\",\"valueRequired\":true,\"valueName\":\"search_term_string\"}}],\"inLanguage\":\"pl-PL\"},{\"@type\":\"Organization\",\"@id\":\"https:\/\/kaufengras.com\/#organization\",\"name\":\"Kaufen Gras\",\"url\":\"https:\/\/kaufengras.com\/\",\"logo\":{\"@type\":\"ImageObject\",\"inLanguage\":\"pl-PL\",\"@id\":\"https:\/\/kaufengras.com\/#\/schema\/logo\/image\/\",\"url\":\"https:\/\/kaufengras.com\/wp-content\/uploads\/2024\/02\/logo.png\",\"contentUrl\":\"https:\/\/kaufengras.com\/wp-content\/uploads\/2024\/02\/logo.png\",\"width\":250,\"height\":71,\"caption\":\"Kaufen Gras\"},\"image\":{\"@id\":\"https:\/\/kaufengras.com\/#\/schema\/logo\/image\/\"}}]}<\/script>\n<!-- \/ Yoast SEO plugin. -->","yoast_head_json":{"title":"Ak-48-Haschisch online kaufen - Ak-48-Haschisch zu verkaufen","description":"Wenn Sie Ak-48-Hashish aus unserem Shop noch nicht probiert haben, dann verpassen Sie viel. Wir helfen Ihnen, Ak-48-Hashish online zu g\u00fcnstigen Preisen zu kaufen. Kaufen Sie Ak-48-Hashish noch heute!","robots":{"index":"index","follow":"follow","max-snippet":"max-snippet:-1","max-image-preview":"max-image-preview:large","max-video-preview":"max-video-preview:-1"},"canonical":"https:\/\/kaufengras.com\/pl\/product\/ak-48-haszysz\/","og_locale":"pl_PL","og_type":"article","og_title":"Ak-48-Haschisch online kaufen - Ak-48-Haschisch zu verkaufen","og_description":"Wenn Sie Ak-48-Hashish aus unserem Shop noch nicht probiert haben, dann verpassen Sie viel. Wir helfen Ihnen, Ak-48-Hashish online zu g\u00fcnstigen Preisen zu kaufen. Kaufen Sie Ak-48-Hashish noch heute!","og_url":"https:\/\/kaufengras.com\/pl\/product\/ak-48-haszysz\/","og_site_name":"Kaufen Gras","article_modified_time":"2024-08-26T05:56:49+00:00","og_image":[{"width":600,"height":600,"url":"https:\/\/kaufengras.com\/wp-content\/uploads\/2024\/02\/Ak-48.jpg","type":"image\/jpeg"}],"twitter_card":"summary_large_image","twitter_misc":{"Szacowany czas czytania":"2 minuty"},"schema":{"@context":"https:\/\/schema.org","@graph":[{"@type":"WebPage","@id":"https:\/\/kaufengras.com\/product\/ak-48-hashish\/","url":"https:\/\/kaufengras.com\/product\/ak-48-hashish\/","name":"Ak-48-Haschisch online kaufen - Ak-48-Haschisch zu verkaufen","isPartOf":{"@id":"https:\/\/kaufengras.com\/#website"},"primaryImageOfPage":{"@id":"https:\/\/kaufengras.com\/product\/ak-48-hashish\/#primaryimage"},"image":{"@id":"https:\/\/kaufengras.com\/product\/ak-48-hashish\/#primaryimage"},"thumbnailUrl":"https:\/\/kaufengras.com\/wp-content\/uploads\/2024\/02\/Ak-48.jpg","datePublished":"2024-02-12T07:06:55+00:00","dateModified":"2024-08-26T05:56:49+00:00","description":"Wenn Sie Ak-48-Hashish aus unserem Shop noch nicht probiert haben, dann verpassen Sie viel. Wir helfen Ihnen, Ak-48-Hashish online zu g\u00fcnstigen Preisen zu kaufen. Kaufen Sie Ak-48-Hashish noch heute!","breadcrumb":{"@id":"https:\/\/kaufengras.com\/product\/ak-48-hashish\/#breadcrumb"},"inLanguage":"pl-PL","potentialAction":[{"@type":"ReadAction","target":["https:\/\/kaufengras.com\/product\/ak-48-hashish\/"]}]},{"@type":"ImageObject","inLanguage":"pl-PL","@id":"https:\/\/kaufengras.com\/product\/ak-48-hashish\/#primaryimage","url":"https:\/\/kaufengras.com\/wp-content\/uploads\/2024\/02\/Ak-48.jpg","contentUrl":"https:\/\/kaufengras.com\/wp-content\/uploads\/2024\/02\/Ak-48.jpg","width":600,"height":600,"caption":"Kaufen Ak-48 Online"},{"@type":"BreadcrumbList","@id":"https:\/\/kaufengras.com\/product\/ak-48-hashish\/#breadcrumb","itemListElement":[{"@type":"ListItem","position":1,"name":"Home","item":"https:\/\/kaufengras.com\/"},{"@type":"ListItem","position":2,"name":"Shop","item":"https:\/\/kaufengras.com\/shop\/"},{"@type":"ListItem","position":3,"name":"Ak-48-Hashish"}]},{"@type":"WebSite","@id":"https:\/\/kaufengras.com\/#website","url":"https:\/\/kaufengras.com\/","name":"Kaufen Gras","description":"Gras Online Kaufen","publisher":{"@id":"https:\/\/kaufengras.com\/#organization"},"potentialAction":[{"@type":"SearchAction","target":{"@type":"EntryPoint","urlTemplate":"https:\/\/kaufengras.com\/?s={search_term_string}"},"query-input":{"@type":"PropertyValueSpecification","valueRequired":true,"valueName":"search_term_string"}}],"inLanguage":"pl-PL"},{"@type":"Organization","@id":"https:\/\/kaufengras.com\/#organization","name":"Kaufen Gras","url":"https:\/\/kaufengras.com\/","logo":{"@type":"ImageObject","inLanguage":"pl-PL","@id":"https:\/\/kaufengras.com\/#\/schema\/logo\/image\/","url":"https:\/\/kaufengras.com\/wp-content\/uploads\/2024\/02\/logo.png","contentUrl":"https:\/\/kaufengras.com\/wp-content\/uploads\/2024\/02\/logo.png","width":250,"height":71,"caption":"Kaufen Gras"},"image":{"@id":"https:\/\/kaufengras.com\/#\/schema\/logo\/image\/"}}]}},"_links":{"self":[{"href":"https:\/\/kaufengras.com\/pl\/wp-json\/wp\/v2\/product\/122","targetHints":{"allow":["GET"]}}],"collection":[{"href":"https:\/\/kaufengras.com\/pl\/wp-json\/wp\/v2\/product"}],"about":[{"href":"https:\/\/kaufengras.com\/pl\/wp-json\/wp\/v2\/types\/product"}],"replies":[{"embeddable":true,"href":"https:\/\/kaufengras.com\/pl\/wp-json\/wp\/v2\/comments?post=122"}],"wp:featuredmedia":[{"embeddable":true,"href":"https:\/\/kaufengras.com\/pl\/wp-json\/wp\/v2\/media\/8981"}],"wp:attachment":[{"href":"https:\/\/kaufengras.com\/pl\/wp-json\/wp\/v2\/media?parent=122"}],"wp:term":[{"taxonomy":"product_cat","embeddable":true,"href":"https:\/\/kaufengras.com\/pl\/wp-json\/wp\/v2\/product_cat?post=122"},{"taxonomy":"product_tag","embeddable":true,"href":"https:\/\/kaufengras.com\/pl\/wp-json\/wp\/v2\/product_tag?post=122"}],"curies":[{"name":"wp","href":"https:\/\/api.w.org\/{rel}","templated":true}]}}