{"id":130,"date":"2024-02-12T07:06:56","date_gmt":"2024-02-12T07:06:56","guid":{"rendered":"https:\/\/nembutalhouse.com\/gras\/?post_type=product&#038;p=130"},"modified":"2024-08-26T05:45:28","modified_gmt":"2024-08-26T05:45:28","slug":"og-kush-cannabis-oil","status":"publish","type":"product","link":"https:\/\/kaufengras.com\/nl\/product\/og-kush-cannabis-olie\/","title":{"rendered":"OG Kush Cannabis Olie"},"content":{"rendered":"<h2>OG Kush cannabisolie online kopen<\/h2>\n<h3>Verbeter je ervaring met OG Kush cannabis olie van KaufenGras<\/h3>\n<p>Bij KaufenGras zijn we er trots op dat we eersteklas cannabisproducten aanbieden, waaronder de befaamde OG Kush cannabisolie. Als je OG Kush cannabis olie online wilt kopen, ben je bij ons aan het juiste adres. Onze winkel is je one-stop shop voor al je cannabis benodigdheden en we zijn er om ervoor te zorgen dat je bij elke stap een uitzonderlijke ervaring hebt.<\/p>\n<h3>Ontdek de kracht van OG Kush cannabisolie<\/h3>\n<p><a href=\"https:\/\/kaufengras.com\/nl\/product\/og-kush-cannabis-olie\/\">OG Kush cannabis olie<\/a> staat bekend om zijn krachtige effect en unieke smaakprofiel. Onze cannabis olie is gemaakt van de beste OG Kush soort en biedt een zachte en smaakvolle ervaring bij elke dosis. Of je nu tot rust wilt komen na een lange dag of wilt ontspannen met vrienden, OG Kush cannabis olie biedt de perfecte balans tussen euforie en ontspanning.<\/p>\n<h3>Bestel OG Kush cannabis olie met vertrouwen<\/h3>\n<p>Wanneer je OG Kush cannabis olie bij KaufenGras bestelt, kun je erop vertrouwen dat je een product van de hoogste kwaliteit ontvangt. Onze oli\u00ebn worden zorgvuldig gemaakt met behulp van geavanceerde extractiemethoden om een maximale potentie en zuiverheid te garanderen. Bovendien verzenden we discreet en veilig, zodat je met een gerust hart van je cannabisolie kunt genieten.<\/p>\n<h3>Waar koop ik legaal OG Kush cannabis olie?<\/h3>\n<p>Vraag je je af waar je legaal OG Kush cannabis olie kunt kopen? Dan ben je bij KaufenGras aan het juiste adres. Wij houden ons aan alle lokale wetten en regels, zodat je onze producten zonder aarzeling kunt kopen en ervan kunt genieten. In onze OG Kush cannabis olie shop kun je eenvoudig door onze selectie bladeren, een bestelling plaatsen en je OG Kush cannabis olie direct bij je thuis laten bezorgen.<\/p>\n<h3>Ervaar de onge\u00ebvenaarde kwaliteit en service bij KaufenGras<\/h3>\n<p>Bij KaufenGras doen we er alles aan om onze klanten de best mogelijke ervaring te bieden. Van onze eersteklas producten tot onze uitzonderlijke klantenservice, wij doen er alles aan om jouw tevredenheid te garanderen. Dus waarom wachten? Bestel vandaag nog OG Kush cannabis olie bij KaufenGras en til je cannabis ervaring naar een hoger niveau.<\/p>","protected":false},"excerpt":{"rendered":"<p>OG Kush Cannabis Olie Online Kopen Verbeter je ervaring met OG Kush cannabis olie van KaufenGras Bij KaufenGras zijn we trots op het aanbieden van eersteklas cannabis producten, waaronder de bekende OG Kush cannabis olie. Als je OG Kush cannabis olie online wilt kopen, ben je bij ons aan het juiste adres. Onze winkel is je one-stop-shop voor al je cannabis behoeften en we [...]<\/p>","protected":false},"featured_media":8989,"comment_status":"open","ping_status":"closed","template":"","meta":{"inline_featured_image":false,"_joinchat":[]},"product_cat":[20],"product_tag":[],"class_list":{"0":"post-130","1":"product","2":"type-product","3":"status-publish","4":"has-post-thumbnail","6":"product_cat-cannabis-ole","8":"first","9":"outofstock","10":"shipping-taxable","11":"product-type-variable"},"yoast_head":"<!-- This site is optimized with the Yoast SEO plugin v23.5 - https:\/\/yoast.com\/wordpress\/plugins\/seo\/ -->\n<title>Kaufen OG Kush Cannabis\u00f6l online \u2013 OG Kush Cannabis\u00f6l zum Verkauf<\/title>\n<meta name=\"description\" content=\"Bei Kaufen Gras k\u00f6nnen Sie OG Kush Cannabis\u00f6l g\u00fcnstig kaufen. Hier k\u00f6nnen Sie hochwertiges OG Kush Cannabis\u00f6l jetzt online in unserem Shop mit schnellem und sicherem Versandservice kaufen. Jetzt bestellen!\" \/>\n<meta name=\"robots\" content=\"index, follow, max-snippet:-1, max-image-preview:large, max-video-preview:-1\" \/>\n<link rel=\"canonical\" href=\"https:\/\/kaufengras.com\/nl\/product\/og-kush-cannabis-olie\/\" \/>\n<meta property=\"og:locale\" content=\"nl_BE\" \/>\n<meta property=\"og:type\" content=\"article\" \/>\n<meta property=\"og:title\" content=\"Kaufen OG Kush Cannabis\u00f6l online \u2013 OG Kush Cannabis\u00f6l zum Verkauf\" \/>\n<meta property=\"og:description\" content=\"Bei Kaufen Gras k\u00f6nnen Sie OG Kush Cannabis\u00f6l g\u00fcnstig kaufen. Hier k\u00f6nnen Sie hochwertiges OG Kush Cannabis\u00f6l jetzt online in unserem Shop mit schnellem und sicherem Versandservice kaufen. Jetzt bestellen!\" \/>\n<meta property=\"og:url\" content=\"https:\/\/kaufengras.com\/nl\/product\/og-kush-cannabis-olie\/\" \/>\n<meta property=\"og:site_name\" content=\"Kaufen Gras\" \/>\n<meta property=\"article:modified_time\" content=\"2024-08-26T05:45:28+00:00\" \/>\n<meta property=\"og:image\" content=\"https:\/\/kaufengras.com\/wp-content\/uploads\/2024\/02\/OG-Kush-Cannabis-Oil-1.jpg\" \/>\n\t<meta property=\"og:image:width\" content=\"600\" \/>\n\t<meta property=\"og:image:height\" content=\"600\" \/>\n\t<meta property=\"og:image:type\" content=\"image\/jpeg\" \/>\n<meta name=\"twitter:card\" content=\"summary_large_image\" \/>\n<meta name=\"twitter:label1\" content=\"Geschatte leestijd\" \/>\n\t<meta name=\"twitter:data1\" content=\"2 minuten\" \/>\n<script type=\"application\/ld+json\" class=\"yoast-schema-graph\">{\"@context\":\"https:\/\/schema.org\",\"@graph\":[{\"@type\":\"WebPage\",\"@id\":\"https:\/\/kaufengras.com\/product\/og-kush-cannabis-oil\/\",\"url\":\"https:\/\/kaufengras.com\/product\/og-kush-cannabis-oil\/\",\"name\":\"Kaufen OG Kush Cannabis\u00f6l online \u2013 OG Kush Cannabis\u00f6l zum Verkauf\",\"isPartOf\":{\"@id\":\"https:\/\/kaufengras.com\/#website\"},\"primaryImageOfPage\":{\"@id\":\"https:\/\/kaufengras.com\/product\/og-kush-cannabis-oil\/#primaryimage\"},\"image\":{\"@id\":\"https:\/\/kaufengras.com\/product\/og-kush-cannabis-oil\/#primaryimage\"},\"thumbnailUrl\":\"https:\/\/kaufengras.com\/wp-content\/uploads\/2024\/02\/OG-Kush-Cannabis-Oil-1.jpg\",\"datePublished\":\"2024-02-12T07:06:56+00:00\",\"dateModified\":\"2024-08-26T05:45:28+00:00\",\"description\":\"Bei Kaufen Gras k\u00f6nnen Sie OG Kush Cannabis\u00f6l g\u00fcnstig kaufen. Hier k\u00f6nnen Sie hochwertiges OG Kush Cannabis\u00f6l jetzt online in unserem Shop mit schnellem und sicherem Versandservice kaufen. Jetzt bestellen!\",\"breadcrumb\":{\"@id\":\"https:\/\/kaufengras.com\/product\/og-kush-cannabis-oil\/#breadcrumb\"},\"inLanguage\":\"nl-BE\",\"potentialAction\":[{\"@type\":\"ReadAction\",\"target\":[\"https:\/\/kaufengras.com\/product\/og-kush-cannabis-oil\/\"]}]},{\"@type\":\"ImageObject\",\"inLanguage\":\"nl-BE\",\"@id\":\"https:\/\/kaufengras.com\/product\/og-kush-cannabis-oil\/#primaryimage\",\"url\":\"https:\/\/kaufengras.com\/wp-content\/uploads\/2024\/02\/OG-Kush-Cannabis-Oil-1.jpg\",\"contentUrl\":\"https:\/\/kaufengras.com\/wp-content\/uploads\/2024\/02\/OG-Kush-Cannabis-Oil-1.jpg\",\"width\":600,\"height\":600,\"caption\":\"Kaufen OG-Kush-Cannabis-Oil Online\"},{\"@type\":\"BreadcrumbList\",\"@id\":\"https:\/\/kaufengras.com\/product\/og-kush-cannabis-oil\/#breadcrumb\",\"itemListElement\":[{\"@type\":\"ListItem\",\"position\":1,\"name\":\"Home\",\"item\":\"https:\/\/kaufengras.com\/\"},{\"@type\":\"ListItem\",\"position\":2,\"name\":\"Shop\",\"item\":\"https:\/\/kaufengras.com\/shop\/\"},{\"@type\":\"ListItem\",\"position\":3,\"name\":\"OG Kush Cannabis Oil\"}]},{\"@type\":\"WebSite\",\"@id\":\"https:\/\/kaufengras.com\/#website\",\"url\":\"https:\/\/kaufengras.com\/\",\"name\":\"Kaufen Gras\",\"description\":\"Gras Online Kaufen\",\"publisher\":{\"@id\":\"https:\/\/kaufengras.com\/#organization\"},\"potentialAction\":[{\"@type\":\"SearchAction\",\"target\":{\"@type\":\"EntryPoint\",\"urlTemplate\":\"https:\/\/kaufengras.com\/?s={search_term_string}\"},\"query-input\":{\"@type\":\"PropertyValueSpecification\",\"valueRequired\":true,\"valueName\":\"search_term_string\"}}],\"inLanguage\":\"nl-BE\"},{\"@type\":\"Organization\",\"@id\":\"https:\/\/kaufengras.com\/#organization\",\"name\":\"Kaufen Gras\",\"url\":\"https:\/\/kaufengras.com\/\",\"logo\":{\"@type\":\"ImageObject\",\"inLanguage\":\"nl-BE\",\"@id\":\"https:\/\/kaufengras.com\/#\/schema\/logo\/image\/\",\"url\":\"https:\/\/kaufengras.com\/wp-content\/uploads\/2024\/02\/logo.png\",\"contentUrl\":\"https:\/\/kaufengras.com\/wp-content\/uploads\/2024\/02\/logo.png\",\"width\":250,\"height\":71,\"caption\":\"Kaufen Gras\"},\"image\":{\"@id\":\"https:\/\/kaufengras.com\/#\/schema\/logo\/image\/\"}}]}<\/script>\n<!-- \/ Yoast SEO plugin. -->","yoast_head_json":{"title":"Kaufen OG Kush Cannabis\u00f6l online \u2013 OG Kush Cannabis\u00f6l zum Verkauf","description":"Bei Kaufen Gras k\u00f6nnen Sie OG Kush Cannabis\u00f6l g\u00fcnstig kaufen. Hier k\u00f6nnen Sie hochwertiges OG Kush Cannabis\u00f6l jetzt online in unserem Shop mit schnellem und sicherem Versandservice kaufen. Jetzt bestellen!","robots":{"index":"index","follow":"follow","max-snippet":"max-snippet:-1","max-image-preview":"max-image-preview:large","max-video-preview":"max-video-preview:-1"},"canonical":"https:\/\/kaufengras.com\/nl\/product\/og-kush-cannabis-olie\/","og_locale":"nl_BE","og_type":"article","og_title":"Kaufen OG Kush Cannabis\u00f6l online \u2013 OG Kush Cannabis\u00f6l zum Verkauf","og_description":"Bei Kaufen Gras k\u00f6nnen Sie OG Kush Cannabis\u00f6l g\u00fcnstig kaufen. Hier k\u00f6nnen Sie hochwertiges OG Kush Cannabis\u00f6l jetzt online in unserem Shop mit schnellem und sicherem Versandservice kaufen. Jetzt bestellen!","og_url":"https:\/\/kaufengras.com\/nl\/product\/og-kush-cannabis-olie\/","og_site_name":"Kaufen Gras","article_modified_time":"2024-08-26T05:45:28+00:00","og_image":[{"width":600,"height":600,"url":"https:\/\/kaufengras.com\/wp-content\/uploads\/2024\/02\/OG-Kush-Cannabis-Oil-1.jpg","type":"image\/jpeg"}],"twitter_card":"summary_large_image","twitter_misc":{"Geschatte leestijd":"2 minuten"},"schema":{"@context":"https:\/\/schema.org","@graph":[{"@type":"WebPage","@id":"https:\/\/kaufengras.com\/product\/og-kush-cannabis-oil\/","url":"https:\/\/kaufengras.com\/product\/og-kush-cannabis-oil\/","name":"Kaufen OG Kush Cannabis\u00f6l online \u2013 OG Kush Cannabis\u00f6l zum Verkauf","isPartOf":{"@id":"https:\/\/kaufengras.com\/#website"},"primaryImageOfPage":{"@id":"https:\/\/kaufengras.com\/product\/og-kush-cannabis-oil\/#primaryimage"},"image":{"@id":"https:\/\/kaufengras.com\/product\/og-kush-cannabis-oil\/#primaryimage"},"thumbnailUrl":"https:\/\/kaufengras.com\/wp-content\/uploads\/2024\/02\/OG-Kush-Cannabis-Oil-1.jpg","datePublished":"2024-02-12T07:06:56+00:00","dateModified":"2024-08-26T05:45:28+00:00","description":"Bei Kaufen Gras k\u00f6nnen Sie OG Kush Cannabis\u00f6l g\u00fcnstig kaufen. Hier k\u00f6nnen Sie hochwertiges OG Kush Cannabis\u00f6l jetzt online in unserem Shop mit schnellem und sicherem Versandservice kaufen. Jetzt bestellen!","breadcrumb":{"@id":"https:\/\/kaufengras.com\/product\/og-kush-cannabis-oil\/#breadcrumb"},"inLanguage":"nl-BE","potentialAction":[{"@type":"ReadAction","target":["https:\/\/kaufengras.com\/product\/og-kush-cannabis-oil\/"]}]},{"@type":"ImageObject","inLanguage":"nl-BE","@id":"https:\/\/kaufengras.com\/product\/og-kush-cannabis-oil\/#primaryimage","url":"https:\/\/kaufengras.com\/wp-content\/uploads\/2024\/02\/OG-Kush-Cannabis-Oil-1.jpg","contentUrl":"https:\/\/kaufengras.com\/wp-content\/uploads\/2024\/02\/OG-Kush-Cannabis-Oil-1.jpg","width":600,"height":600,"caption":"Kaufen OG-Kush-Cannabis-Oil Online"},{"@type":"BreadcrumbList","@id":"https:\/\/kaufengras.com\/product\/og-kush-cannabis-oil\/#breadcrumb","itemListElement":[{"@type":"ListItem","position":1,"name":"Home","item":"https:\/\/kaufengras.com\/"},{"@type":"ListItem","position":2,"name":"Shop","item":"https:\/\/kaufengras.com\/shop\/"},{"@type":"ListItem","position":3,"name":"OG Kush Cannabis Oil"}]},{"@type":"WebSite","@id":"https:\/\/kaufengras.com\/#website","url":"https:\/\/kaufengras.com\/","name":"Kaufen Gras","description":"Gras Online Kaufen","publisher":{"@id":"https:\/\/kaufengras.com\/#organization"},"potentialAction":[{"@type":"SearchAction","target":{"@type":"EntryPoint","urlTemplate":"https:\/\/kaufengras.com\/?s={search_term_string}"},"query-input":{"@type":"PropertyValueSpecification","valueRequired":true,"valueName":"search_term_string"}}],"inLanguage":"nl-BE"},{"@type":"Organization","@id":"https:\/\/kaufengras.com\/#organization","name":"Kaufen Gras","url":"https:\/\/kaufengras.com\/","logo":{"@type":"ImageObject","inLanguage":"nl-BE","@id":"https:\/\/kaufengras.com\/#\/schema\/logo\/image\/","url":"https:\/\/kaufengras.com\/wp-content\/uploads\/2024\/02\/logo.png","contentUrl":"https:\/\/kaufengras.com\/wp-content\/uploads\/2024\/02\/logo.png","width":250,"height":71,"caption":"Kaufen Gras"},"image":{"@id":"https:\/\/kaufengras.com\/#\/schema\/logo\/image\/"}}]}},"_links":{"self":[{"href":"https:\/\/kaufengras.com\/nl\/wp-json\/wp\/v2\/product\/130","targetHints":{"allow":["GET"]}}],"collection":[{"href":"https:\/\/kaufengras.com\/nl\/wp-json\/wp\/v2\/product"}],"about":[{"href":"https:\/\/kaufengras.com\/nl\/wp-json\/wp\/v2\/types\/product"}],"replies":[{"embeddable":true,"href":"https:\/\/kaufengras.com\/nl\/wp-json\/wp\/v2\/comments?post=130"}],"wp:featuredmedia":[{"embeddable":true,"href":"https:\/\/kaufengras.com\/nl\/wp-json\/wp\/v2\/media\/8989"}],"wp:attachment":[{"href":"https:\/\/kaufengras.com\/nl\/wp-json\/wp\/v2\/media?parent=130"}],"wp:term":[{"taxonomy":"product_cat","embeddable":true,"href":"https:\/\/kaufengras.com\/nl\/wp-json\/wp\/v2\/product_cat?post=130"},{"taxonomy":"product_tag","embeddable":true,"href":"https:\/\/kaufengras.com\/nl\/wp-json\/wp\/v2\/product_tag?post=130"}],"curies":[{"name":"wp","href":"https:\/\/api.w.org\/{rel}","templated":true}]}}