{"id":88,"date":"2024-02-12T07:06:32","date_gmt":"2024-02-12T07:06:32","guid":{"rendered":"https:\/\/nembutalhouse.com\/gras\/?post_type=product&#038;p=88"},"modified":"2024-08-26T05:58:30","modified_gmt":"2024-08-26T05:58:30","slug":"pineapple-express","status":"publish","type":"product","link":"https:\/\/kaufengras.com\/it\/product\/ananas-express\/","title":{"rendered":"Ananas Express"},"content":{"rendered":"<h2>Acquistare online Pineapple Express<\/h2>\n<h3>BuyGrass: il tuo negozio unico per l'acquisto di Pineapple Express online<\/h3>\n<p>Vuoi acquistare online Pineapple Express? Allora KaufenGras \u00e8 il posto giusto per voi! Siamo il negozio unico per tutto ci\u00f2 che riguarda Pineapple Express e offriamo prodotti di alta qualit\u00e0 che sono legalmente disponibili in Germania.<\/p>\n<h3>Perch\u00e9 scegliere Pineapple Express da KaufenGras?<\/h3>\n<p>Noi di KaufenGras siamo orgogliosi di offrire solo i migliori ceppi di Pineapple Express disponibili sul mercato. I nostri prodotti sono formulati con cura per garantire qualit\u00e0 e potenza superiori, in modo che possiate godere ogni volta di un'esperienza di fumo impareggiabile.<\/p>\n<h3>Acquistare Pineapple Express legalmente online<\/h3>\n<p>Quando acquistate da noi, potete essere certi di acquistare Pineapple Express legalmente. Rispettiamo tutte le normative e le linee guida, assicurando che i nostri prodotti siano sicuri, legali e della massima qualit\u00e0. Con KaufenGras potete stare tranquilli sapendo che state acquistando le vostre variet\u00e0 preferite in modo responsabile e legale.<\/p>\n<h3>Dove posso acquistare Pineapple Express in Germania?<\/h3>\n<p>Vi state chiedendo dove <a href=\"https:\/\/kaufengras.com\/it\/product\/ananas-express\/\">Ananas Express<\/a> in Germania? KaufenGras \u00e8 qui per voi! Nel nostro comodo negozio online, potete facilmente sfogliare la nostra selezione di prodotti Pineapple Express ed effettuare il vostro ordine con pochi clic. Offriamo spedizioni rapide e discrete per permettervi di gustare le vostre variet\u00e0 preferite con facilit\u00e0.<\/p>\n<h3>Ordina oggi stesso Pineapple Express online<\/h3>\n<p>Siete pronti a provare gli effetti edificanti e rivitalizzanti di Pineapple Express? Ordinate oggi stesso Pineapple Express online da KaufenGras e scoprite perch\u00e9 siamo la scelta numero uno per gli appassionati di cannabis a livello nazionale. Il nostro sito web, facile da usare, vi permette di trovare e acquistare facilmente le vostre variet\u00e0 preferite, in modo da poterle gustare nel comfort di casa vostra.<\/p>\n<h3>Acquistare BuyGrass per Pineapple Express<\/h3>\n<p>Che siate fumatori esperti o nuovi nel mondo della cannabis, KaufenGras \u00e8 il vostro negozio unico per tutto ci\u00f2 che riguarda Pineapple Express. Con la nostra ampia selezione, i prezzi competitivi e un servizio clienti eccezionale, ci impegniamo a fornirvi la migliore esperienza di acquisto possibile. Quindi perch\u00e9 aspettare? Acquistate oggi stesso su KaufenGras e migliorate la vostra esperienza di fumo con Pineapple Express!<\/p>","protected":false},"excerpt":{"rendered":"<p>Comprare Pineapple Express online KaufenGras: il tuo negozio unico per comprare Pineapple Express online Vuoi comprare Pineapple Express online? Allora KaufenGras \u00e8 il posto giusto per te! Siamo il negozio unico per tutto ci\u00f2 che riguarda il Pineapple Express e offriamo prodotti di alta qualit\u00e0 legalmente disponibili in Germania. Perch\u00e9 scegliere Pineapple Express da [...]<\/p>","protected":false},"featured_media":8962,"comment_status":"open","ping_status":"closed","template":"","meta":{"inline_featured_image":false,"_joinchat":[]},"product_cat":[17],"product_tag":[],"class_list":{"0":"post-88","1":"product","2":"type-product","3":"status-publish","4":"has-post-thumbnail","6":"product_cat-gras","8":"first","9":"instock","10":"featured","11":"shipping-taxable","12":"purchasable","13":"product-type-variable","14":"has-default-attributes"},"yoast_head":"<!-- This site is optimized with the Yoast SEO plugin v23.5 - https:\/\/yoast.com\/wordpress\/plugins\/seo\/ -->\n<title>Pineapple Express online kaufen - Pineapple Express zu verkaufen<\/title>\n<meta name=\"description\" content=\"Wenn Sie Pineapple Express online kaufen m\u00f6chten, besuchen Sie unseren Online-Shop Kaufengras. Wir haben hochwertige Produkte wie Pineapple Express im Angebot. Bestellen Sie jetzt!\" \/>\n<meta name=\"robots\" content=\"index, follow, max-snippet:-1, max-image-preview:large, max-video-preview:-1\" \/>\n<link rel=\"canonical\" href=\"https:\/\/kaufengras.com\/it\/product\/ananas-express\/\" \/>\n<meta property=\"og:locale\" content=\"it_IT\" \/>\n<meta property=\"og:type\" content=\"article\" \/>\n<meta property=\"og:title\" content=\"Pineapple Express online kaufen - Pineapple Express zu verkaufen\" \/>\n<meta property=\"og:description\" content=\"Wenn Sie Pineapple Express online kaufen m\u00f6chten, besuchen Sie unseren Online-Shop Kaufengras. Wir haben hochwertige Produkte wie Pineapple Express im Angebot. Bestellen Sie jetzt!\" \/>\n<meta property=\"og:url\" content=\"https:\/\/kaufengras.com\/it\/product\/ananas-express\/\" \/>\n<meta property=\"og:site_name\" content=\"Kaufen Gras\" \/>\n<meta property=\"article:modified_time\" content=\"2024-08-26T05:58:30+00:00\" \/>\n<meta property=\"og:image\" content=\"https:\/\/kaufengras.com\/wp-content\/uploads\/2024\/02\/Pineapple-Express-1.jpg\" \/>\n\t<meta property=\"og:image:width\" content=\"600\" \/>\n\t<meta property=\"og:image:height\" content=\"600\" \/>\n\t<meta property=\"og:image:type\" content=\"image\/jpeg\" \/>\n<meta name=\"twitter:card\" content=\"summary_large_image\" \/>\n<meta name=\"twitter:label1\" content=\"Tempo di lettura stimato\" \/>\n\t<meta name=\"twitter:data1\" content=\"2 minuti\" \/>\n<script type=\"application\/ld+json\" class=\"yoast-schema-graph\">{\"@context\":\"https:\/\/schema.org\",\"@graph\":[{\"@type\":\"WebPage\",\"@id\":\"https:\/\/kaufengras.com\/product\/pineapple-express\/\",\"url\":\"https:\/\/kaufengras.com\/product\/pineapple-express\/\",\"name\":\"Pineapple Express online kaufen - Pineapple Express zu verkaufen\",\"isPartOf\":{\"@id\":\"https:\/\/kaufengras.com\/#website\"},\"primaryImageOfPage\":{\"@id\":\"https:\/\/kaufengras.com\/product\/pineapple-express\/#primaryimage\"},\"image\":{\"@id\":\"https:\/\/kaufengras.com\/product\/pineapple-express\/#primaryimage\"},\"thumbnailUrl\":\"https:\/\/kaufengras.com\/wp-content\/uploads\/2024\/02\/Pineapple-Express-1.jpg\",\"datePublished\":\"2024-02-12T07:06:32+00:00\",\"dateModified\":\"2024-08-26T05:58:30+00:00\",\"description\":\"Wenn Sie Pineapple Express online kaufen m\u00f6chten, besuchen Sie unseren Online-Shop Kaufengras. Wir haben hochwertige Produkte wie Pineapple Express im Angebot. Bestellen Sie jetzt!\",\"breadcrumb\":{\"@id\":\"https:\/\/kaufengras.com\/product\/pineapple-express\/#breadcrumb\"},\"inLanguage\":\"it-IT\",\"potentialAction\":[{\"@type\":\"ReadAction\",\"target\":[\"https:\/\/kaufengras.com\/product\/pineapple-express\/\"]}]},{\"@type\":\"ImageObject\",\"inLanguage\":\"it-IT\",\"@id\":\"https:\/\/kaufengras.com\/product\/pineapple-express\/#primaryimage\",\"url\":\"https:\/\/kaufengras.com\/wp-content\/uploads\/2024\/02\/Pineapple-Express-1.jpg\",\"contentUrl\":\"https:\/\/kaufengras.com\/wp-content\/uploads\/2024\/02\/Pineapple-Express-1.jpg\",\"width\":600,\"height\":600,\"caption\":\"Kaufen Pineapple-Express Online\"},{\"@type\":\"BreadcrumbList\",\"@id\":\"https:\/\/kaufengras.com\/product\/pineapple-express\/#breadcrumb\",\"itemListElement\":[{\"@type\":\"ListItem\",\"position\":1,\"name\":\"Home\",\"item\":\"https:\/\/kaufengras.com\/\"},{\"@type\":\"ListItem\",\"position\":2,\"name\":\"Shop\",\"item\":\"https:\/\/kaufengras.com\/shop\/\"},{\"@type\":\"ListItem\",\"position\":3,\"name\":\"Pineapple Express\"}]},{\"@type\":\"WebSite\",\"@id\":\"https:\/\/kaufengras.com\/#website\",\"url\":\"https:\/\/kaufengras.com\/\",\"name\":\"Kaufen Gras\",\"description\":\"Gras Online Kaufen\",\"publisher\":{\"@id\":\"https:\/\/kaufengras.com\/#organization\"},\"potentialAction\":[{\"@type\":\"SearchAction\",\"target\":{\"@type\":\"EntryPoint\",\"urlTemplate\":\"https:\/\/kaufengras.com\/?s={search_term_string}\"},\"query-input\":{\"@type\":\"PropertyValueSpecification\",\"valueRequired\":true,\"valueName\":\"search_term_string\"}}],\"inLanguage\":\"it-IT\"},{\"@type\":\"Organization\",\"@id\":\"https:\/\/kaufengras.com\/#organization\",\"name\":\"Kaufen Gras\",\"url\":\"https:\/\/kaufengras.com\/\",\"logo\":{\"@type\":\"ImageObject\",\"inLanguage\":\"it-IT\",\"@id\":\"https:\/\/kaufengras.com\/#\/schema\/logo\/image\/\",\"url\":\"https:\/\/kaufengras.com\/wp-content\/uploads\/2024\/02\/logo.png\",\"contentUrl\":\"https:\/\/kaufengras.com\/wp-content\/uploads\/2024\/02\/logo.png\",\"width\":250,\"height\":71,\"caption\":\"Kaufen Gras\"},\"image\":{\"@id\":\"https:\/\/kaufengras.com\/#\/schema\/logo\/image\/\"}}]}<\/script>\n<!-- \/ Yoast SEO plugin. -->","yoast_head_json":{"title":"Pineapple Express online kaufen - Pineapple Express zu verkaufen","description":"Wenn Sie Pineapple Express online kaufen m\u00f6chten, besuchen Sie unseren Online-Shop Kaufengras. Wir haben hochwertige Produkte wie Pineapple Express im Angebot. Bestellen Sie jetzt!","robots":{"index":"index","follow":"follow","max-snippet":"max-snippet:-1","max-image-preview":"max-image-preview:large","max-video-preview":"max-video-preview:-1"},"canonical":"https:\/\/kaufengras.com\/it\/product\/ananas-express\/","og_locale":"it_IT","og_type":"article","og_title":"Pineapple Express online kaufen - Pineapple Express zu verkaufen","og_description":"Wenn Sie Pineapple Express online kaufen m\u00f6chten, besuchen Sie unseren Online-Shop Kaufengras. Wir haben hochwertige Produkte wie Pineapple Express im Angebot. Bestellen Sie jetzt!","og_url":"https:\/\/kaufengras.com\/it\/product\/ananas-express\/","og_site_name":"Kaufen Gras","article_modified_time":"2024-08-26T05:58:30+00:00","og_image":[{"width":600,"height":600,"url":"https:\/\/kaufengras.com\/wp-content\/uploads\/2024\/02\/Pineapple-Express-1.jpg","type":"image\/jpeg"}],"twitter_card":"summary_large_image","twitter_misc":{"Tempo di lettura stimato":"2 minuti"},"schema":{"@context":"https:\/\/schema.org","@graph":[{"@type":"WebPage","@id":"https:\/\/kaufengras.com\/product\/pineapple-express\/","url":"https:\/\/kaufengras.com\/product\/pineapple-express\/","name":"Pineapple Express online kaufen - Pineapple Express zu verkaufen","isPartOf":{"@id":"https:\/\/kaufengras.com\/#website"},"primaryImageOfPage":{"@id":"https:\/\/kaufengras.com\/product\/pineapple-express\/#primaryimage"},"image":{"@id":"https:\/\/kaufengras.com\/product\/pineapple-express\/#primaryimage"},"thumbnailUrl":"https:\/\/kaufengras.com\/wp-content\/uploads\/2024\/02\/Pineapple-Express-1.jpg","datePublished":"2024-02-12T07:06:32+00:00","dateModified":"2024-08-26T05:58:30+00:00","description":"Wenn Sie Pineapple Express online kaufen m\u00f6chten, besuchen Sie unseren Online-Shop Kaufengras. Wir haben hochwertige Produkte wie Pineapple Express im Angebot. Bestellen Sie jetzt!","breadcrumb":{"@id":"https:\/\/kaufengras.com\/product\/pineapple-express\/#breadcrumb"},"inLanguage":"it-IT","potentialAction":[{"@type":"ReadAction","target":["https:\/\/kaufengras.com\/product\/pineapple-express\/"]}]},{"@type":"ImageObject","inLanguage":"it-IT","@id":"https:\/\/kaufengras.com\/product\/pineapple-express\/#primaryimage","url":"https:\/\/kaufengras.com\/wp-content\/uploads\/2024\/02\/Pineapple-Express-1.jpg","contentUrl":"https:\/\/kaufengras.com\/wp-content\/uploads\/2024\/02\/Pineapple-Express-1.jpg","width":600,"height":600,"caption":"Kaufen Pineapple-Express Online"},{"@type":"BreadcrumbList","@id":"https:\/\/kaufengras.com\/product\/pineapple-express\/#breadcrumb","itemListElement":[{"@type":"ListItem","position":1,"name":"Home","item":"https:\/\/kaufengras.com\/"},{"@type":"ListItem","position":2,"name":"Shop","item":"https:\/\/kaufengras.com\/shop\/"},{"@type":"ListItem","position":3,"name":"Pineapple Express"}]},{"@type":"WebSite","@id":"https:\/\/kaufengras.com\/#website","url":"https:\/\/kaufengras.com\/","name":"Kaufen Gras","description":"Gras Online Kaufen","publisher":{"@id":"https:\/\/kaufengras.com\/#organization"},"potentialAction":[{"@type":"SearchAction","target":{"@type":"EntryPoint","urlTemplate":"https:\/\/kaufengras.com\/?s={search_term_string}"},"query-input":{"@type":"PropertyValueSpecification","valueRequired":true,"valueName":"search_term_string"}}],"inLanguage":"it-IT"},{"@type":"Organization","@id":"https:\/\/kaufengras.com\/#organization","name":"Kaufen Gras","url":"https:\/\/kaufengras.com\/","logo":{"@type":"ImageObject","inLanguage":"it-IT","@id":"https:\/\/kaufengras.com\/#\/schema\/logo\/image\/","url":"https:\/\/kaufengras.com\/wp-content\/uploads\/2024\/02\/logo.png","contentUrl":"https:\/\/kaufengras.com\/wp-content\/uploads\/2024\/02\/logo.png","width":250,"height":71,"caption":"Kaufen Gras"},"image":{"@id":"https:\/\/kaufengras.com\/#\/schema\/logo\/image\/"}}]}},"_links":{"self":[{"href":"https:\/\/kaufengras.com\/it\/wp-json\/wp\/v2\/product\/88","targetHints":{"allow":["GET"]}}],"collection":[{"href":"https:\/\/kaufengras.com\/it\/wp-json\/wp\/v2\/product"}],"about":[{"href":"https:\/\/kaufengras.com\/it\/wp-json\/wp\/v2\/types\/product"}],"replies":[{"embeddable":true,"href":"https:\/\/kaufengras.com\/it\/wp-json\/wp\/v2\/comments?post=88"}],"wp:featuredmedia":[{"embeddable":true,"href":"https:\/\/kaufengras.com\/it\/wp-json\/wp\/v2\/media\/8962"}],"wp:attachment":[{"href":"https:\/\/kaufengras.com\/it\/wp-json\/wp\/v2\/media?parent=88"}],"wp:term":[{"taxonomy":"product_cat","embeddable":true,"href":"https:\/\/kaufengras.com\/it\/wp-json\/wp\/v2\/product_cat?post=88"},{"taxonomy":"product_tag","embeddable":true,"href":"https:\/\/kaufengras.com\/it\/wp-json\/wp\/v2\/product_tag?post=88"}],"curies":[{"name":"wp","href":"https:\/\/api.w.org\/{rel}","templated":true}]}}