{"id":62,"date":"2024-02-12T07:06:21","date_gmt":"2024-02-12T07:06:21","guid":{"rendered":"https:\/\/nembutalhouse.com\/gras\/?post_type=product&#038;p=62"},"modified":"2024-08-26T06:07:04","modified_gmt":"2024-08-26T06:07:04","slug":"ghost-train-haze","status":"publish","type":"product","link":"https:\/\/kaufengras.com\/it\/product\/foschia-del-treno-fantasma\/","title":{"rendered":"Treno fantasma Haze"},"content":{"rendered":"<h2>Acquista online Ghost Train Haze<\/h2>\n<h3>BuyGrass: la tua destinazione per acquistare Ghost Train Haze legalmente in Germania<\/h3>\n<p>Noi di KaufenGras siamo lieti di offrirvi <a href=\"https:\/\/kaufengras.com\/it\/product\/foschia-del-treno-fantasma\/\">Treno fantasma Haze<\/a> una variet\u00e0 leggendaria nota per i suoi potenti effetti e per il suo caratteristico profilo aromatico. Se volete acquistare Ghost Train Haze online o vi state chiedendo dove acquistare Ghost Train Haze, siete nel posto giusto.<\/p>\n<h3>Scoprite Ghost Train Haze: un'esperienza di cannabis di prima qualit\u00e0<\/h3>\n<p>Ghost Train Haze \u00e8 un ibrido a predominanza sativa che offre un high potente ed euforico combinato con effetti cerebrali edificanti. Creata attraverso un meticoloso processo di selezione, questa variet\u00e0 ha una miscela genetica unica che si traduce in un sapore complesso di agrumi, pino e sfumature terrose.<\/p>\n<h3>Ordinare Ghost Train Haze in vendita su KaufenGras<\/h3>\n<p>Quando scegliete BuyGrass, potete essere certi di ottenere la Ghost Train Haze della migliore qualit\u00e0. La nostra ricerca dell'eccellenza assicura che ogni lotto sia coltivato con cura e rigorosamente testato per soddisfare i nostri elevati standard.<\/p>\n<h3>Acquista Ghost Train Haze: la tua fonte di cannabis legale<\/h3>\n<p>Sappiamo quanto sia importante acquistare cannabis legalmente. Ecco perch\u00e9 KaufenGras offre una piattaforma sicura per acquistare Ghost Train Haze nel Regno Unito. Con un imballaggio discreto e una spedizione veloce e affidabile, vi rendiamo facile acquistare Ghost Train Haze in tutta tranquillit\u00e0.<\/p>\n<h3>Scopri il nostro negozio Ghost Train Haze<\/h3>\n<p>Entrate nel nostro negozio Ghost Train Haze e sfogliate la nostra selezione di prodotti di cannabis di prima qualit\u00e0. Che siate intenditori esperti o nuovi nel mondo della cannabis, il nostro personale esperto \u00e8 qui per aiutarvi in ogni momento.<\/p>\n<h3>Perch\u00e9 scegliere BuyGrass?<\/h3>\n<p>Per KaufenGras la soddisfazione del cliente \u00e8 la priorit\u00e0 assoluta. Dal nostro vasto assortimento di prodotti al nostro eccezionale servizio clienti, ci sforziamo di superare le vostre aspettative in ogni momento. Quando acquistate Ghost Train Haze da noi, non state solo acquistando un prodotto - state entrando in una comunit\u00e0 di persone appassionate che condividono l'amore per la cannabis di alta qualit\u00e0.<\/p>\n<h3>Acquista oggi la Ghost Train Haze!<\/h3>\n<p>Siete pronti a sperimentare in prima persona l'impareggiabile qualit\u00e0 di Ghost Train Haze? Ordinate la vostra fornitura di questa eccezionale variet\u00e0. Con il nostro semplice processo di ordinazione e le opzioni di pagamento sicure, acquistare Ghost Train Haze non \u00e8 mai stato cos\u00ec facile. Unisciti alla famiglia KaufenGras e migliora la tua esperienza con la cannabis oggi stesso!<\/p>","protected":false},"excerpt":{"rendered":"<p>Comprare Ghost Train Haze online BuyGrass: la tua destinazione per comprare Ghost Train Haze legalmente nel Regno Unito Noi di BuyGrass siamo lieti di offrirti Ghost Train Haze, una variet\u00e0 leggendaria nota per i suoi potenti effetti e il suo caratteristico profilo aromatico. Se volete acquistare Ghost Train Haze online o vi state chiedendo dove [...]<\/p>","protected":false},"featured_media":8959,"comment_status":"open","ping_status":"closed","template":"","meta":{"inline_featured_image":false,"_joinchat":[]},"product_cat":[17],"product_tag":[],"class_list":{"0":"post-62","1":"product","2":"type-product","3":"status-publish","4":"has-post-thumbnail","6":"product_cat-gras","8":"first","9":"instock","10":"featured","11":"shipping-taxable","12":"purchasable","13":"product-type-variable","14":"has-default-attributes"},"yoast_head":"<!-- This site is optimized with the Yoast SEO plugin v23.5 - https:\/\/yoast.com\/wordpress\/plugins\/seo\/ -->\n<title>Ghost Train Haze online kaufen - Ghost Train Haze zu verkaufen<\/title>\n<meta name=\"description\" content=\"Ihre Bestellung von Ghost Train Haze zum Verkauf liegt in unserer Verantwortung. Wir werden Ihre Bestellung zum Kauf von Ghost Train Haze ber\u00fccksichtigen und Sie in kurzer Zeit erreichen. Geben Sie jetzt Gro\u00dfbestellungen auf!\" \/>\n<meta name=\"robots\" content=\"index, follow, max-snippet:-1, max-image-preview:large, max-video-preview:-1\" \/>\n<link rel=\"canonical\" href=\"https:\/\/kaufengras.com\/it\/product\/foschia-del-treno-fantasma\/\" \/>\n<meta property=\"og:locale\" content=\"it_IT\" \/>\n<meta property=\"og:type\" content=\"article\" \/>\n<meta property=\"og:title\" content=\"Ghost Train Haze online kaufen - Ghost Train Haze zu verkaufen\" \/>\n<meta property=\"og:description\" content=\"Ihre Bestellung von Ghost Train Haze zum Verkauf liegt in unserer Verantwortung. Wir werden Ihre Bestellung zum Kauf von Ghost Train Haze ber\u00fccksichtigen und Sie in kurzer Zeit erreichen. Geben Sie jetzt Gro\u00dfbestellungen auf!\" \/>\n<meta property=\"og:url\" content=\"https:\/\/kaufengras.com\/it\/product\/foschia-del-treno-fantasma\/\" \/>\n<meta property=\"og:site_name\" content=\"Kaufen Gras\" \/>\n<meta property=\"article:modified_time\" content=\"2024-08-26T06:07:04+00:00\" \/>\n<meta property=\"og:image\" content=\"https:\/\/kaufengras.com\/wp-content\/uploads\/2024\/02\/Ghost-Train-Haze-1.jpg\" \/>\n\t<meta property=\"og:image:width\" content=\"600\" \/>\n\t<meta property=\"og:image:height\" content=\"600\" \/>\n\t<meta property=\"og:image:type\" content=\"image\/jpeg\" \/>\n<meta name=\"twitter:card\" content=\"summary_large_image\" \/>\n<meta name=\"twitter:label1\" content=\"Tempo di lettura stimato\" \/>\n\t<meta name=\"twitter:data1\" content=\"2 minuti\" \/>\n<script type=\"application\/ld+json\" class=\"yoast-schema-graph\">{\"@context\":\"https:\/\/schema.org\",\"@graph\":[{\"@type\":\"WebPage\",\"@id\":\"https:\/\/kaufengras.com\/product\/ghost-train-haze\/\",\"url\":\"https:\/\/kaufengras.com\/product\/ghost-train-haze\/\",\"name\":\"Ghost Train Haze online kaufen - Ghost Train Haze zu verkaufen\",\"isPartOf\":{\"@id\":\"https:\/\/kaufengras.com\/#website\"},\"primaryImageOfPage\":{\"@id\":\"https:\/\/kaufengras.com\/product\/ghost-train-haze\/#primaryimage\"},\"image\":{\"@id\":\"https:\/\/kaufengras.com\/product\/ghost-train-haze\/#primaryimage\"},\"thumbnailUrl\":\"https:\/\/kaufengras.com\/wp-content\/uploads\/2024\/02\/Ghost-Train-Haze-1.jpg\",\"datePublished\":\"2024-02-12T07:06:21+00:00\",\"dateModified\":\"2024-08-26T06:07:04+00:00\",\"description\":\"Ihre Bestellung von Ghost Train Haze zum Verkauf liegt in unserer Verantwortung. Wir werden Ihre Bestellung zum Kauf von Ghost Train Haze ber\u00fccksichtigen und Sie in kurzer Zeit erreichen. Geben Sie jetzt Gro\u00dfbestellungen auf!\",\"breadcrumb\":{\"@id\":\"https:\/\/kaufengras.com\/product\/ghost-train-haze\/#breadcrumb\"},\"inLanguage\":\"it-IT\",\"potentialAction\":[{\"@type\":\"ReadAction\",\"target\":[\"https:\/\/kaufengras.com\/product\/ghost-train-haze\/\"]}]},{\"@type\":\"ImageObject\",\"inLanguage\":\"it-IT\",\"@id\":\"https:\/\/kaufengras.com\/product\/ghost-train-haze\/#primaryimage\",\"url\":\"https:\/\/kaufengras.com\/wp-content\/uploads\/2024\/02\/Ghost-Train-Haze-1.jpg\",\"contentUrl\":\"https:\/\/kaufengras.com\/wp-content\/uploads\/2024\/02\/Ghost-Train-Haze-1.jpg\",\"width\":600,\"height\":600,\"caption\":\"Kaufen Ghost-Train-Haze Online\"},{\"@type\":\"BreadcrumbList\",\"@id\":\"https:\/\/kaufengras.com\/product\/ghost-train-haze\/#breadcrumb\",\"itemListElement\":[{\"@type\":\"ListItem\",\"position\":1,\"name\":\"Home\",\"item\":\"https:\/\/kaufengras.com\/\"},{\"@type\":\"ListItem\",\"position\":2,\"name\":\"Shop\",\"item\":\"https:\/\/kaufengras.com\/shop\/\"},{\"@type\":\"ListItem\",\"position\":3,\"name\":\"Ghost Train Haze\"}]},{\"@type\":\"WebSite\",\"@id\":\"https:\/\/kaufengras.com\/#website\",\"url\":\"https:\/\/kaufengras.com\/\",\"name\":\"Kaufen Gras\",\"description\":\"Gras Online Kaufen\",\"publisher\":{\"@id\":\"https:\/\/kaufengras.com\/#organization\"},\"potentialAction\":[{\"@type\":\"SearchAction\",\"target\":{\"@type\":\"EntryPoint\",\"urlTemplate\":\"https:\/\/kaufengras.com\/?s={search_term_string}\"},\"query-input\":{\"@type\":\"PropertyValueSpecification\",\"valueRequired\":true,\"valueName\":\"search_term_string\"}}],\"inLanguage\":\"it-IT\"},{\"@type\":\"Organization\",\"@id\":\"https:\/\/kaufengras.com\/#organization\",\"name\":\"Kaufen Gras\",\"url\":\"https:\/\/kaufengras.com\/\",\"logo\":{\"@type\":\"ImageObject\",\"inLanguage\":\"it-IT\",\"@id\":\"https:\/\/kaufengras.com\/#\/schema\/logo\/image\/\",\"url\":\"https:\/\/kaufengras.com\/wp-content\/uploads\/2024\/02\/logo.png\",\"contentUrl\":\"https:\/\/kaufengras.com\/wp-content\/uploads\/2024\/02\/logo.png\",\"width\":250,\"height\":71,\"caption\":\"Kaufen Gras\"},\"image\":{\"@id\":\"https:\/\/kaufengras.com\/#\/schema\/logo\/image\/\"}}]}<\/script>\n<!-- \/ Yoast SEO plugin. -->","yoast_head_json":{"title":"Ghost Train Haze online kaufen - Ghost Train Haze zu verkaufen","description":"Ihre Bestellung von Ghost Train Haze zum Verkauf liegt in unserer Verantwortung. Wir werden Ihre Bestellung zum Kauf von Ghost Train Haze ber\u00fccksichtigen und Sie in kurzer Zeit erreichen. Geben Sie jetzt Gro\u00dfbestellungen auf!","robots":{"index":"index","follow":"follow","max-snippet":"max-snippet:-1","max-image-preview":"max-image-preview:large","max-video-preview":"max-video-preview:-1"},"canonical":"https:\/\/kaufengras.com\/it\/product\/foschia-del-treno-fantasma\/","og_locale":"it_IT","og_type":"article","og_title":"Ghost Train Haze online kaufen - Ghost Train Haze zu verkaufen","og_description":"Ihre Bestellung von Ghost Train Haze zum Verkauf liegt in unserer Verantwortung. Wir werden Ihre Bestellung zum Kauf von Ghost Train Haze ber\u00fccksichtigen und Sie in kurzer Zeit erreichen. Geben Sie jetzt Gro\u00dfbestellungen auf!","og_url":"https:\/\/kaufengras.com\/it\/product\/foschia-del-treno-fantasma\/","og_site_name":"Kaufen Gras","article_modified_time":"2024-08-26T06:07:04+00:00","og_image":[{"width":600,"height":600,"url":"https:\/\/kaufengras.com\/wp-content\/uploads\/2024\/02\/Ghost-Train-Haze-1.jpg","type":"image\/jpeg"}],"twitter_card":"summary_large_image","twitter_misc":{"Tempo di lettura stimato":"2 minuti"},"schema":{"@context":"https:\/\/schema.org","@graph":[{"@type":"WebPage","@id":"https:\/\/kaufengras.com\/product\/ghost-train-haze\/","url":"https:\/\/kaufengras.com\/product\/ghost-train-haze\/","name":"Ghost Train Haze online kaufen - Ghost Train Haze zu verkaufen","isPartOf":{"@id":"https:\/\/kaufengras.com\/#website"},"primaryImageOfPage":{"@id":"https:\/\/kaufengras.com\/product\/ghost-train-haze\/#primaryimage"},"image":{"@id":"https:\/\/kaufengras.com\/product\/ghost-train-haze\/#primaryimage"},"thumbnailUrl":"https:\/\/kaufengras.com\/wp-content\/uploads\/2024\/02\/Ghost-Train-Haze-1.jpg","datePublished":"2024-02-12T07:06:21+00:00","dateModified":"2024-08-26T06:07:04+00:00","description":"Ihre Bestellung von Ghost Train Haze zum Verkauf liegt in unserer Verantwortung. Wir werden Ihre Bestellung zum Kauf von Ghost Train Haze ber\u00fccksichtigen und Sie in kurzer Zeit erreichen. Geben Sie jetzt Gro\u00dfbestellungen auf!","breadcrumb":{"@id":"https:\/\/kaufengras.com\/product\/ghost-train-haze\/#breadcrumb"},"inLanguage":"it-IT","potentialAction":[{"@type":"ReadAction","target":["https:\/\/kaufengras.com\/product\/ghost-train-haze\/"]}]},{"@type":"ImageObject","inLanguage":"it-IT","@id":"https:\/\/kaufengras.com\/product\/ghost-train-haze\/#primaryimage","url":"https:\/\/kaufengras.com\/wp-content\/uploads\/2024\/02\/Ghost-Train-Haze-1.jpg","contentUrl":"https:\/\/kaufengras.com\/wp-content\/uploads\/2024\/02\/Ghost-Train-Haze-1.jpg","width":600,"height":600,"caption":"Kaufen Ghost-Train-Haze Online"},{"@type":"BreadcrumbList","@id":"https:\/\/kaufengras.com\/product\/ghost-train-haze\/#breadcrumb","itemListElement":[{"@type":"ListItem","position":1,"name":"Home","item":"https:\/\/kaufengras.com\/"},{"@type":"ListItem","position":2,"name":"Shop","item":"https:\/\/kaufengras.com\/shop\/"},{"@type":"ListItem","position":3,"name":"Ghost Train Haze"}]},{"@type":"WebSite","@id":"https:\/\/kaufengras.com\/#website","url":"https:\/\/kaufengras.com\/","name":"Kaufen Gras","description":"Gras Online Kaufen","publisher":{"@id":"https:\/\/kaufengras.com\/#organization"},"potentialAction":[{"@type":"SearchAction","target":{"@type":"EntryPoint","urlTemplate":"https:\/\/kaufengras.com\/?s={search_term_string}"},"query-input":{"@type":"PropertyValueSpecification","valueRequired":true,"valueName":"search_term_string"}}],"inLanguage":"it-IT"},{"@type":"Organization","@id":"https:\/\/kaufengras.com\/#organization","name":"Kaufen Gras","url":"https:\/\/kaufengras.com\/","logo":{"@type":"ImageObject","inLanguage":"it-IT","@id":"https:\/\/kaufengras.com\/#\/schema\/logo\/image\/","url":"https:\/\/kaufengras.com\/wp-content\/uploads\/2024\/02\/logo.png","contentUrl":"https:\/\/kaufengras.com\/wp-content\/uploads\/2024\/02\/logo.png","width":250,"height":71,"caption":"Kaufen Gras"},"image":{"@id":"https:\/\/kaufengras.com\/#\/schema\/logo\/image\/"}}]}},"_links":{"self":[{"href":"https:\/\/kaufengras.com\/it\/wp-json\/wp\/v2\/product\/62","targetHints":{"allow":["GET"]}}],"collection":[{"href":"https:\/\/kaufengras.com\/it\/wp-json\/wp\/v2\/product"}],"about":[{"href":"https:\/\/kaufengras.com\/it\/wp-json\/wp\/v2\/types\/product"}],"replies":[{"embeddable":true,"href":"https:\/\/kaufengras.com\/it\/wp-json\/wp\/v2\/comments?post=62"}],"wp:featuredmedia":[{"embeddable":true,"href":"https:\/\/kaufengras.com\/it\/wp-json\/wp\/v2\/media\/8959"}],"wp:attachment":[{"href":"https:\/\/kaufengras.com\/it\/wp-json\/wp\/v2\/media?parent=62"}],"wp:term":[{"taxonomy":"product_cat","embeddable":true,"href":"https:\/\/kaufengras.com\/it\/wp-json\/wp\/v2\/product_cat?post=62"},{"taxonomy":"product_tag","embeddable":true,"href":"https:\/\/kaufengras.com\/it\/wp-json\/wp\/v2\/product_tag?post=62"}],"curies":[{"name":"wp","href":"https:\/\/api.w.org\/{rel}","templated":true}]}}