{"id":57,"date":"2024-02-12T07:06:21","date_gmt":"2024-02-12T07:06:21","guid":{"rendered":"https:\/\/nembutalhouse.com\/gras\/?post_type=product&#038;p=57"},"modified":"2024-08-26T06:06:54","modified_gmt":"2024-08-26T06:06:54","slug":"cinex","status":"publish","type":"product","link":"https:\/\/kaufengras.com\/it\/product\/cinex\/","title":{"rendered":"Cinex"},"content":{"rendered":"<h2>Acquistare Cinex online<\/h2>\n<h3>KaufenGras: il vostro negozio unico per le variet\u00e0 ibride Cinemax<\/h3>\n<p>Benvenuti a KaufenGras, il vostro fornitore leader di variet\u00e0 ibride Cinemax. Siamo orgogliosi di offrirvi una selezione curata di prodotti di cannabis di alta qualit\u00e0, tra cui Cinemax, direttamente a voi. Che siate intenditori esperti o neofiti del mondo degli ibridi, siete nel posto giusto.<\/p>\n<h3>Scoprite Cinemax online<\/h3>\n<p>Noi di KaufenGras sappiamo quanto sia importante la convenienza nell'acquisto delle vostre variet\u00e0 di cannabis preferite. Ecco perch\u00e9 lo rendiamo facile, <a href=\"https:\/\/kaufengras.com\/it\/product\/cinex\/\">Cinemax online<\/a> e assicurarvi un'esperienza di acquisto senza problemi, comodamente da casa vostra. Con pochi clic, potrete sfogliare la nostra vasta collezione, effettuare l'ordine e farvi consegnare il Cinemax in vendita direttamente a casa vostra.<\/p>\n<h3>Fonti di approvvigionamento per Cinemax: il negozio di fiducia di KaufenGras<\/h3>\n<p>Quando si tratta di trovare Cinemax di alta qualit\u00e0 in vendita, con KaufenGras siete nel posto giusto. In qualit\u00e0 di rivenditore di fiducia, diamo priorit\u00e0 alla soddisfazione del cliente e garantiamo che ogni prodotto che offriamo soddisfa i nostri rigorosi standard di potenza, purezza e qualit\u00e0 generale. Con il nostro negozio online sicuro, puoi acquistare in tutta tranquillit\u00e0 sapendo che stai ottenendo la migliore Cinemax disponibile legalmente.<\/p>\n<h3>Ordina Cinemax in Germania: KaufenGras consegna<\/h3>\n<p>Vivete in Germania e vi state chiedendo dove potete acquistare Cinemax? KaufenGras \u00e8 qui per voi. Spediamo con orgoglio i nostri prodotti di cannabis di prima qualit\u00e0 ai clienti di tutto il paese, rendendo pi\u00f9 facile che mai mettere le mani sulla variet\u00e0 Cinemax che ami. Che vi troviate a Berlino, Monaco o in qualsiasi altro luogo, consegneremo il vostro ordine in modo discreto ed efficiente, assicurandovi un'esperienza d'acquisto senza problemi dall'inizio alla fine.<\/p>\n<h3>Provate la differenza di KaufenGras<\/h3>\n<p>Noi di KaufenGras ci impegniamo a fornire ai nostri clienti i migliori prodotti di cannabis sul mercato. Dalla nostra vasta selezione al nostro impareggiabile servizio clienti, facciamo tutto il possibile per superare le vostre aspettative in ogni momento. Quindi perch\u00e9 aspettare? Scoprite oggi stesso il nostro negozio Cinemax e migliorate la vostra esperienza con la cannabis con BuyGrass.<\/p>","protected":false},"excerpt":{"rendered":"<p>Acquistare Cinex online KaufenGras: il vostro negozio unico per i ceppi ibridi Cinemax Benvenuti a KaufenGras, il vostro fornitore leader di ceppi ibridi Cinemax. Siamo orgogliosi di fornire una selezione curata di prodotti di cannabis di alta qualit\u00e0, tra cui Cinemax, direttamente a voi. Che siate intenditori esperti o neofiti del mondo degli ibridi, siete arrivati nel [...]<\/p>","protected":false},"featured_media":8958,"comment_status":"open","ping_status":"closed","template":"","meta":{"inline_featured_image":false,"_joinchat":[]},"product_cat":[17],"product_tag":[],"class_list":{"0":"post-57","1":"product","2":"type-product","3":"status-publish","4":"has-post-thumbnail","6":"product_cat-gras","8":"first","9":"instock","10":"shipping-taxable","11":"purchasable","12":"product-type-variable","13":"has-default-attributes"},"yoast_head":"<!-- This site is optimized with the Yoast SEO plugin v23.5 - https:\/\/yoast.com\/wordpress\/plugins\/seo\/ -->\n<title>Cinex online kaufen - Cinex zu verkaufen - Cinex bestellen<\/title>\n<meta name=\"description\" content=\"M\u00f6chten Sie Cinex online zu einem vern\u00fcnftigen Preis kaufen? Besuchen Sie unseren renommierten Online-Chemikalienladen und kaufen Sie Cinex noch heute. Bestellen Sie jetzt und erhalten Sie den besten Preis in unserem Laden.\" \/>\n<meta name=\"robots\" content=\"index, follow, max-snippet:-1, max-image-preview:large, max-video-preview:-1\" \/>\n<link rel=\"canonical\" href=\"https:\/\/kaufengras.com\/it\/product\/cinex\/\" \/>\n<meta property=\"og:locale\" content=\"it_IT\" \/>\n<meta property=\"og:type\" content=\"article\" \/>\n<meta property=\"og:title\" content=\"Cinex online kaufen - Cinex zu verkaufen - Cinex bestellen\" \/>\n<meta property=\"og:description\" content=\"M\u00f6chten Sie Cinex online zu einem vern\u00fcnftigen Preis kaufen? Besuchen Sie unseren renommierten Online-Chemikalienladen und kaufen Sie Cinex noch heute. Bestellen Sie jetzt und erhalten Sie den besten Preis in unserem Laden.\" \/>\n<meta property=\"og:url\" content=\"https:\/\/kaufengras.com\/it\/product\/cinex\/\" \/>\n<meta property=\"og:site_name\" content=\"Kaufen Gras\" \/>\n<meta property=\"article:modified_time\" content=\"2024-08-26T06:06:54+00:00\" \/>\n<meta property=\"og:image\" content=\"https:\/\/kaufengras.com\/wp-content\/uploads\/2024\/02\/Cinex.jpg\" \/>\n\t<meta property=\"og:image:width\" content=\"600\" \/>\n\t<meta property=\"og:image:height\" content=\"600\" \/>\n\t<meta property=\"og:image:type\" content=\"image\/jpeg\" \/>\n<meta name=\"twitter:card\" content=\"summary_large_image\" \/>\n<meta name=\"twitter:label1\" content=\"Tempo di lettura stimato\" \/>\n\t<meta name=\"twitter:data1\" content=\"2 minuti\" \/>\n<script type=\"application\/ld+json\" class=\"yoast-schema-graph\">{\"@context\":\"https:\/\/schema.org\",\"@graph\":[{\"@type\":\"WebPage\",\"@id\":\"https:\/\/kaufengras.com\/product\/cinex\/\",\"url\":\"https:\/\/kaufengras.com\/product\/cinex\/\",\"name\":\"Cinex online kaufen - Cinex zu verkaufen - Cinex bestellen\",\"isPartOf\":{\"@id\":\"https:\/\/kaufengras.com\/#website\"},\"primaryImageOfPage\":{\"@id\":\"https:\/\/kaufengras.com\/product\/cinex\/#primaryimage\"},\"image\":{\"@id\":\"https:\/\/kaufengras.com\/product\/cinex\/#primaryimage\"},\"thumbnailUrl\":\"https:\/\/kaufengras.com\/wp-content\/uploads\/2024\/02\/Cinex.jpg\",\"datePublished\":\"2024-02-12T07:06:21+00:00\",\"dateModified\":\"2024-08-26T06:06:54+00:00\",\"description\":\"M\u00f6chten Sie Cinex online zu einem vern\u00fcnftigen Preis kaufen? Besuchen Sie unseren renommierten Online-Chemikalienladen und kaufen Sie Cinex noch heute. Bestellen Sie jetzt und erhalten Sie den besten Preis in unserem Laden.\",\"breadcrumb\":{\"@id\":\"https:\/\/kaufengras.com\/product\/cinex\/#breadcrumb\"},\"inLanguage\":\"it-IT\",\"potentialAction\":[{\"@type\":\"ReadAction\",\"target\":[\"https:\/\/kaufengras.com\/product\/cinex\/\"]}]},{\"@type\":\"ImageObject\",\"inLanguage\":\"it-IT\",\"@id\":\"https:\/\/kaufengras.com\/product\/cinex\/#primaryimage\",\"url\":\"https:\/\/kaufengras.com\/wp-content\/uploads\/2024\/02\/Cinex.jpg\",\"contentUrl\":\"https:\/\/kaufengras.com\/wp-content\/uploads\/2024\/02\/Cinex.jpg\",\"width\":600,\"height\":600,\"caption\":\"Kaufen Cinex Online\"},{\"@type\":\"BreadcrumbList\",\"@id\":\"https:\/\/kaufengras.com\/product\/cinex\/#breadcrumb\",\"itemListElement\":[{\"@type\":\"ListItem\",\"position\":1,\"name\":\"Home\",\"item\":\"https:\/\/kaufengras.com\/\"},{\"@type\":\"ListItem\",\"position\":2,\"name\":\"Shop\",\"item\":\"https:\/\/kaufengras.com\/shop\/\"},{\"@type\":\"ListItem\",\"position\":3,\"name\":\"Cinex\"}]},{\"@type\":\"WebSite\",\"@id\":\"https:\/\/kaufengras.com\/#website\",\"url\":\"https:\/\/kaufengras.com\/\",\"name\":\"Kaufen Gras\",\"description\":\"Gras Online Kaufen\",\"publisher\":{\"@id\":\"https:\/\/kaufengras.com\/#organization\"},\"potentialAction\":[{\"@type\":\"SearchAction\",\"target\":{\"@type\":\"EntryPoint\",\"urlTemplate\":\"https:\/\/kaufengras.com\/?s={search_term_string}\"},\"query-input\":{\"@type\":\"PropertyValueSpecification\",\"valueRequired\":true,\"valueName\":\"search_term_string\"}}],\"inLanguage\":\"it-IT\"},{\"@type\":\"Organization\",\"@id\":\"https:\/\/kaufengras.com\/#organization\",\"name\":\"Kaufen Gras\",\"url\":\"https:\/\/kaufengras.com\/\",\"logo\":{\"@type\":\"ImageObject\",\"inLanguage\":\"it-IT\",\"@id\":\"https:\/\/kaufengras.com\/#\/schema\/logo\/image\/\",\"url\":\"https:\/\/kaufengras.com\/wp-content\/uploads\/2024\/02\/logo.png\",\"contentUrl\":\"https:\/\/kaufengras.com\/wp-content\/uploads\/2024\/02\/logo.png\",\"width\":250,\"height\":71,\"caption\":\"Kaufen Gras\"},\"image\":{\"@id\":\"https:\/\/kaufengras.com\/#\/schema\/logo\/image\/\"}}]}<\/script>\n<!-- \/ Yoast SEO plugin. -->","yoast_head_json":{"title":"Cinex online kaufen - Cinex zu verkaufen - Cinex bestellen","description":"M\u00f6chten Sie Cinex online zu einem vern\u00fcnftigen Preis kaufen? Besuchen Sie unseren renommierten Online-Chemikalienladen und kaufen Sie Cinex noch heute. Bestellen Sie jetzt und erhalten Sie den besten Preis in unserem Laden.","robots":{"index":"index","follow":"follow","max-snippet":"max-snippet:-1","max-image-preview":"max-image-preview:large","max-video-preview":"max-video-preview:-1"},"canonical":"https:\/\/kaufengras.com\/it\/product\/cinex\/","og_locale":"it_IT","og_type":"article","og_title":"Cinex online kaufen - Cinex zu verkaufen - Cinex bestellen","og_description":"M\u00f6chten Sie Cinex online zu einem vern\u00fcnftigen Preis kaufen? Besuchen Sie unseren renommierten Online-Chemikalienladen und kaufen Sie Cinex noch heute. Bestellen Sie jetzt und erhalten Sie den besten Preis in unserem Laden.","og_url":"https:\/\/kaufengras.com\/it\/product\/cinex\/","og_site_name":"Kaufen Gras","article_modified_time":"2024-08-26T06:06:54+00:00","og_image":[{"width":600,"height":600,"url":"https:\/\/kaufengras.com\/wp-content\/uploads\/2024\/02\/Cinex.jpg","type":"image\/jpeg"}],"twitter_card":"summary_large_image","twitter_misc":{"Tempo di lettura stimato":"2 minuti"},"schema":{"@context":"https:\/\/schema.org","@graph":[{"@type":"WebPage","@id":"https:\/\/kaufengras.com\/product\/cinex\/","url":"https:\/\/kaufengras.com\/product\/cinex\/","name":"Cinex online kaufen - Cinex zu verkaufen - Cinex bestellen","isPartOf":{"@id":"https:\/\/kaufengras.com\/#website"},"primaryImageOfPage":{"@id":"https:\/\/kaufengras.com\/product\/cinex\/#primaryimage"},"image":{"@id":"https:\/\/kaufengras.com\/product\/cinex\/#primaryimage"},"thumbnailUrl":"https:\/\/kaufengras.com\/wp-content\/uploads\/2024\/02\/Cinex.jpg","datePublished":"2024-02-12T07:06:21+00:00","dateModified":"2024-08-26T06:06:54+00:00","description":"M\u00f6chten Sie Cinex online zu einem vern\u00fcnftigen Preis kaufen? Besuchen Sie unseren renommierten Online-Chemikalienladen und kaufen Sie Cinex noch heute. Bestellen Sie jetzt und erhalten Sie den besten Preis in unserem Laden.","breadcrumb":{"@id":"https:\/\/kaufengras.com\/product\/cinex\/#breadcrumb"},"inLanguage":"it-IT","potentialAction":[{"@type":"ReadAction","target":["https:\/\/kaufengras.com\/product\/cinex\/"]}]},{"@type":"ImageObject","inLanguage":"it-IT","@id":"https:\/\/kaufengras.com\/product\/cinex\/#primaryimage","url":"https:\/\/kaufengras.com\/wp-content\/uploads\/2024\/02\/Cinex.jpg","contentUrl":"https:\/\/kaufengras.com\/wp-content\/uploads\/2024\/02\/Cinex.jpg","width":600,"height":600,"caption":"Kaufen Cinex Online"},{"@type":"BreadcrumbList","@id":"https:\/\/kaufengras.com\/product\/cinex\/#breadcrumb","itemListElement":[{"@type":"ListItem","position":1,"name":"Home","item":"https:\/\/kaufengras.com\/"},{"@type":"ListItem","position":2,"name":"Shop","item":"https:\/\/kaufengras.com\/shop\/"},{"@type":"ListItem","position":3,"name":"Cinex"}]},{"@type":"WebSite","@id":"https:\/\/kaufengras.com\/#website","url":"https:\/\/kaufengras.com\/","name":"Kaufen Gras","description":"Gras Online Kaufen","publisher":{"@id":"https:\/\/kaufengras.com\/#organization"},"potentialAction":[{"@type":"SearchAction","target":{"@type":"EntryPoint","urlTemplate":"https:\/\/kaufengras.com\/?s={search_term_string}"},"query-input":{"@type":"PropertyValueSpecification","valueRequired":true,"valueName":"search_term_string"}}],"inLanguage":"it-IT"},{"@type":"Organization","@id":"https:\/\/kaufengras.com\/#organization","name":"Kaufen Gras","url":"https:\/\/kaufengras.com\/","logo":{"@type":"ImageObject","inLanguage":"it-IT","@id":"https:\/\/kaufengras.com\/#\/schema\/logo\/image\/","url":"https:\/\/kaufengras.com\/wp-content\/uploads\/2024\/02\/logo.png","contentUrl":"https:\/\/kaufengras.com\/wp-content\/uploads\/2024\/02\/logo.png","width":250,"height":71,"caption":"Kaufen Gras"},"image":{"@id":"https:\/\/kaufengras.com\/#\/schema\/logo\/image\/"}}]}},"_links":{"self":[{"href":"https:\/\/kaufengras.com\/it\/wp-json\/wp\/v2\/product\/57","targetHints":{"allow":["GET"]}}],"collection":[{"href":"https:\/\/kaufengras.com\/it\/wp-json\/wp\/v2\/product"}],"about":[{"href":"https:\/\/kaufengras.com\/it\/wp-json\/wp\/v2\/types\/product"}],"replies":[{"embeddable":true,"href":"https:\/\/kaufengras.com\/it\/wp-json\/wp\/v2\/comments?post=57"}],"wp:featuredmedia":[{"embeddable":true,"href":"https:\/\/kaufengras.com\/it\/wp-json\/wp\/v2\/media\/8958"}],"wp:attachment":[{"href":"https:\/\/kaufengras.com\/it\/wp-json\/wp\/v2\/media?parent=57"}],"wp:term":[{"taxonomy":"product_cat","embeddable":true,"href":"https:\/\/kaufengras.com\/it\/wp-json\/wp\/v2\/product_cat?post=57"},{"taxonomy":"product_tag","embeddable":true,"href":"https:\/\/kaufengras.com\/it\/wp-json\/wp\/v2\/product_tag?post=57"}],"curies":[{"name":"wp","href":"https:\/\/api.w.org\/{rel}","templated":true}]}}