{"id":42,"date":"2024-02-12T07:06:17","date_gmt":"2024-02-12T07:06:17","guid":{"rendered":"https:\/\/nembutalhouse.com\/gras\/?post_type=product&#038;p=42"},"modified":"2024-02-14T05:48:15","modified_gmt":"2024-02-14T05:48:15","slug":"banana-kush","status":"publish","type":"product","link":"https:\/\/kaufengras.com\/it\/product\/banana-kush\/","title":{"rendered":"Banana Kush"},"content":{"rendered":"<h2>Acquistare Banana Kush online<\/h2>\n<h3>Provate la pura beatitudine con la Premium Banana Kush - la migliore variet\u00e0 di KaufenGras.<\/h3>\n<p>Benvenuti a KaufenGras, il vostro negozio unico per prodotti di cannabis di alta qualit\u00e0. Noi di KaufenGras siamo orgogliosi di offrire un'ampia selezione di variet\u00e0 pregiate, tra cui l'ambita Banana Kush. Se state cercando di acquistare Banana Kush online o vi state chiedendo dove acquistare Banana Kush legalmente, siete nel posto giusto.<\/p>\n<h3>Scopri l'eccellenza della Banana Kush<\/h3>\n<p>La Banana Kush \u00e8 una variet\u00e0 ibrida nota per il suo profilo aromatico unico e i suoi potenti effetti. La nostra Banana Kush in vendita \u00e8 coltivata con cura per garantire che ogni gemma sia piena di sapore e potenza. Che siate appassionati di cannabis esperti o neofiti, Banana Kush promette di portare la vostra esperienza ad un nuovo livello.<\/p>\n<h3>Concedetevi la massima qualit\u00e0<\/h3>\n<p>Quando ordinate Banana Kush da KaufenGras, potete essere certi di ricevere solo un prodotto di altissima qualit\u00e0. Il nostro meticoloso processo di coltivazione, unito a rigide misure di controllo della qualit\u00e0, garantisce un prodotto che supera le aspettative. Non appena aprirete la confezione, sarete accolti dall'aroma stuzzicante della Banana Kush fresca.<\/p>\n<h3>Dove acquistare la Banana Kush<\/h3>\n<p>Vi state chiedendo dove acquistare la Banana Kush? Allora KaufenGras \u00e8 il posto giusto per voi. Con il nostro negozio online facile da navigare, acquistare Banana Kush \u00e8 veloce e conveniente. Basta sfogliare la nostra selezione, effettuare l'ordine e noi ci occuperemo del resto. Che tu sia nel Regno Unito o in qualsiasi altra parte del mondo, ci assicureremo che la tua Banana Kush arrivi in modo sicuro e discreto.<\/p>\n<h3>Sperimentate una soddisfazione senza pari<\/h3>\n<p>Per KaufenGras la soddisfazione del cliente \u00e8 la priorit\u00e0 assoluta. Dal processo di ordinazione semplice al servizio di consegna veloce e affidabile, ci impegniamo a superare le vostre aspettative in ogni momento. Unitevi agli innumerevoli clienti soddisfatti che hanno fatto di KaufenGras il loro punto di riferimento per i prodotti di cannabis di alta qualit\u00e0.<\/p>\n<p>Siete pronti a sperimentare gli aromi stuzzicanti e i potenti effetti della Banana Kush? Effettuate oggi stesso il vostro ordine a KaufenGras e portate la vostra esperienza con la cannabis a un nuovo livello. Grazie al nostro impegno per la qualit\u00e0 e la soddisfazione del cliente, potete fidarvi di KaufenGras per ottenere l'eccellenza ad ogni acquisto.<\/p>","protected":false},"excerpt":{"rendered":"<p>Comprare Banana Kush online Provate la pura beatitudine con la Banana Kush Premium - la migliore variet\u00e0 di KaufenGras Benvenuti a KaufenGras, il vostro negozio unico per prodotti di cannabis di alta qualit\u00e0. Noi di KaufenGras siamo orgogliosi di offrire un'ampia selezione di variet\u00e0 pregiate, tra cui l'ambita Banana Kush. Se desiderate acquistare Banana Kush online o [...]<\/p>","protected":false},"featured_media":8955,"comment_status":"open","ping_status":"closed","template":"","meta":{"inline_featured_image":false,"_joinchat":[]},"product_cat":[17],"product_tag":[],"class_list":{"0":"post-42","1":"product","2":"type-product","3":"status-publish","4":"has-post-thumbnail","6":"product_cat-gras","8":"first","9":"instock","10":"featured","11":"shipping-taxable","12":"purchasable","13":"product-type-variable","14":"has-default-attributes"},"yoast_head":"<!-- This site is optimized with the Yoast SEO plugin v23.5 - https:\/\/yoast.com\/wordpress\/plugins\/seo\/ -->\n<title>Banana Kush - Kaufen Gras<\/title>\n<meta name=\"robots\" content=\"index, follow, max-snippet:-1, max-image-preview:large, max-video-preview:-1\" \/>\n<link rel=\"canonical\" href=\"https:\/\/kaufengras.com\/it\/product\/banana-kush\/\" \/>\n<meta property=\"og:locale\" content=\"it_IT\" \/>\n<meta property=\"og:type\" content=\"article\" \/>\n<meta property=\"og:title\" content=\"Banana Kush - Kaufen Gras\" \/>\n<meta property=\"og:description\" content=\"Banana Kush Online kaufen Erleben Sie pure Gl\u00fcckseligkeit mit Premium Banana Kush \u2013 der besten Sorte von KaufenGras Willkommen bei KaufenGras, Ihrer zentralen Anlaufstelle f\u00fcr hochwertige Cannabisprodukte. Bei KaufenGras sind wir stolz darauf, eine gro\u00dfe Auswahl an Premium-Sorten anbieten zu k\u00f6nnen, darunter auch die begehrte Banana Kush. Wenn Sie Banana Kush online kaufen m\u00f6chten oder [&hellip;]\" \/>\n<meta property=\"og:url\" content=\"https:\/\/kaufengras.com\/it\/product\/banana-kush\/\" \/>\n<meta property=\"og:site_name\" content=\"Kaufen Gras\" \/>\n<meta property=\"article:modified_time\" content=\"2024-02-14T05:48:15+00:00\" \/>\n<meta property=\"og:image\" content=\"https:\/\/kaufengras.com\/wp-content\/uploads\/2024\/02\/banana-kush-1.jpg\" \/>\n\t<meta property=\"og:image:width\" content=\"600\" \/>\n\t<meta property=\"og:image:height\" content=\"600\" \/>\n\t<meta property=\"og:image:type\" content=\"image\/jpeg\" \/>\n<meta name=\"twitter:card\" content=\"summary_large_image\" \/>\n<meta name=\"twitter:label1\" content=\"Tempo di lettura stimato\" \/>\n\t<meta name=\"twitter:data1\" content=\"2 minuti\" \/>\n<script type=\"application\/ld+json\" class=\"yoast-schema-graph\">{\"@context\":\"https:\/\/schema.org\",\"@graph\":[{\"@type\":\"WebPage\",\"@id\":\"https:\/\/kaufengras.com\/product\/banana-kush\/\",\"url\":\"https:\/\/kaufengras.com\/product\/banana-kush\/\",\"name\":\"Banana Kush - Kaufen Gras\",\"isPartOf\":{\"@id\":\"https:\/\/kaufengras.com\/#website\"},\"primaryImageOfPage\":{\"@id\":\"https:\/\/kaufengras.com\/product\/banana-kush\/#primaryimage\"},\"image\":{\"@id\":\"https:\/\/kaufengras.com\/product\/banana-kush\/#primaryimage\"},\"thumbnailUrl\":\"https:\/\/kaufengras.com\/wp-content\/uploads\/2024\/02\/banana-kush-1.jpg\",\"datePublished\":\"2024-02-12T07:06:17+00:00\",\"dateModified\":\"2024-02-14T05:48:15+00:00\",\"breadcrumb\":{\"@id\":\"https:\/\/kaufengras.com\/product\/banana-kush\/#breadcrumb\"},\"inLanguage\":\"it-IT\",\"potentialAction\":[{\"@type\":\"ReadAction\",\"target\":[\"https:\/\/kaufengras.com\/product\/banana-kush\/\"]}]},{\"@type\":\"ImageObject\",\"inLanguage\":\"it-IT\",\"@id\":\"https:\/\/kaufengras.com\/product\/banana-kush\/#primaryimage\",\"url\":\"https:\/\/kaufengras.com\/wp-content\/uploads\/2024\/02\/banana-kush-1.jpg\",\"contentUrl\":\"https:\/\/kaufengras.com\/wp-content\/uploads\/2024\/02\/banana-kush-1.jpg\",\"width\":600,\"height\":600,\"caption\":\"Kaufen banana-kush Online\"},{\"@type\":\"BreadcrumbList\",\"@id\":\"https:\/\/kaufengras.com\/product\/banana-kush\/#breadcrumb\",\"itemListElement\":[{\"@type\":\"ListItem\",\"position\":1,\"name\":\"Home\",\"item\":\"https:\/\/kaufengras.com\/\"},{\"@type\":\"ListItem\",\"position\":2,\"name\":\"Shop\",\"item\":\"https:\/\/kaufengras.com\/shop\/\"},{\"@type\":\"ListItem\",\"position\":3,\"name\":\"Banana Kush\"}]},{\"@type\":\"WebSite\",\"@id\":\"https:\/\/kaufengras.com\/#website\",\"url\":\"https:\/\/kaufengras.com\/\",\"name\":\"Kaufen Gras\",\"description\":\"Gras Online Kaufen\",\"publisher\":{\"@id\":\"https:\/\/kaufengras.com\/#organization\"},\"potentialAction\":[{\"@type\":\"SearchAction\",\"target\":{\"@type\":\"EntryPoint\",\"urlTemplate\":\"https:\/\/kaufengras.com\/?s={search_term_string}\"},\"query-input\":{\"@type\":\"PropertyValueSpecification\",\"valueRequired\":true,\"valueName\":\"search_term_string\"}}],\"inLanguage\":\"it-IT\"},{\"@type\":\"Organization\",\"@id\":\"https:\/\/kaufengras.com\/#organization\",\"name\":\"Kaufen Gras\",\"url\":\"https:\/\/kaufengras.com\/\",\"logo\":{\"@type\":\"ImageObject\",\"inLanguage\":\"it-IT\",\"@id\":\"https:\/\/kaufengras.com\/#\/schema\/logo\/image\/\",\"url\":\"https:\/\/kaufengras.com\/wp-content\/uploads\/2024\/02\/logo.png\",\"contentUrl\":\"https:\/\/kaufengras.com\/wp-content\/uploads\/2024\/02\/logo.png\",\"width\":250,\"height\":71,\"caption\":\"Kaufen Gras\"},\"image\":{\"@id\":\"https:\/\/kaufengras.com\/#\/schema\/logo\/image\/\"}}]}<\/script>\n<!-- \/ Yoast SEO plugin. -->","yoast_head_json":{"title":"Banana Kush - Kaufen Gras","robots":{"index":"index","follow":"follow","max-snippet":"max-snippet:-1","max-image-preview":"max-image-preview:large","max-video-preview":"max-video-preview:-1"},"canonical":"https:\/\/kaufengras.com\/it\/product\/banana-kush\/","og_locale":"it_IT","og_type":"article","og_title":"Banana Kush - Kaufen Gras","og_description":"Banana Kush Online kaufen Erleben Sie pure Gl\u00fcckseligkeit mit Premium Banana Kush \u2013 der besten Sorte von KaufenGras Willkommen bei KaufenGras, Ihrer zentralen Anlaufstelle f\u00fcr hochwertige Cannabisprodukte. Bei KaufenGras sind wir stolz darauf, eine gro\u00dfe Auswahl an Premium-Sorten anbieten zu k\u00f6nnen, darunter auch die begehrte Banana Kush. Wenn Sie Banana Kush online kaufen m\u00f6chten oder [&hellip;]","og_url":"https:\/\/kaufengras.com\/it\/product\/banana-kush\/","og_site_name":"Kaufen Gras","article_modified_time":"2024-02-14T05:48:15+00:00","og_image":[{"width":600,"height":600,"url":"https:\/\/kaufengras.com\/wp-content\/uploads\/2024\/02\/banana-kush-1.jpg","type":"image\/jpeg"}],"twitter_card":"summary_large_image","twitter_misc":{"Tempo di lettura stimato":"2 minuti"},"schema":{"@context":"https:\/\/schema.org","@graph":[{"@type":"WebPage","@id":"https:\/\/kaufengras.com\/product\/banana-kush\/","url":"https:\/\/kaufengras.com\/product\/banana-kush\/","name":"Banana Kush - Kaufen Gras","isPartOf":{"@id":"https:\/\/kaufengras.com\/#website"},"primaryImageOfPage":{"@id":"https:\/\/kaufengras.com\/product\/banana-kush\/#primaryimage"},"image":{"@id":"https:\/\/kaufengras.com\/product\/banana-kush\/#primaryimage"},"thumbnailUrl":"https:\/\/kaufengras.com\/wp-content\/uploads\/2024\/02\/banana-kush-1.jpg","datePublished":"2024-02-12T07:06:17+00:00","dateModified":"2024-02-14T05:48:15+00:00","breadcrumb":{"@id":"https:\/\/kaufengras.com\/product\/banana-kush\/#breadcrumb"},"inLanguage":"it-IT","potentialAction":[{"@type":"ReadAction","target":["https:\/\/kaufengras.com\/product\/banana-kush\/"]}]},{"@type":"ImageObject","inLanguage":"it-IT","@id":"https:\/\/kaufengras.com\/product\/banana-kush\/#primaryimage","url":"https:\/\/kaufengras.com\/wp-content\/uploads\/2024\/02\/banana-kush-1.jpg","contentUrl":"https:\/\/kaufengras.com\/wp-content\/uploads\/2024\/02\/banana-kush-1.jpg","width":600,"height":600,"caption":"Kaufen banana-kush Online"},{"@type":"BreadcrumbList","@id":"https:\/\/kaufengras.com\/product\/banana-kush\/#breadcrumb","itemListElement":[{"@type":"ListItem","position":1,"name":"Home","item":"https:\/\/kaufengras.com\/"},{"@type":"ListItem","position":2,"name":"Shop","item":"https:\/\/kaufengras.com\/shop\/"},{"@type":"ListItem","position":3,"name":"Banana Kush"}]},{"@type":"WebSite","@id":"https:\/\/kaufengras.com\/#website","url":"https:\/\/kaufengras.com\/","name":"Kaufen Gras","description":"Gras Online Kaufen","publisher":{"@id":"https:\/\/kaufengras.com\/#organization"},"potentialAction":[{"@type":"SearchAction","target":{"@type":"EntryPoint","urlTemplate":"https:\/\/kaufengras.com\/?s={search_term_string}"},"query-input":{"@type":"PropertyValueSpecification","valueRequired":true,"valueName":"search_term_string"}}],"inLanguage":"it-IT"},{"@type":"Organization","@id":"https:\/\/kaufengras.com\/#organization","name":"Kaufen Gras","url":"https:\/\/kaufengras.com\/","logo":{"@type":"ImageObject","inLanguage":"it-IT","@id":"https:\/\/kaufengras.com\/#\/schema\/logo\/image\/","url":"https:\/\/kaufengras.com\/wp-content\/uploads\/2024\/02\/logo.png","contentUrl":"https:\/\/kaufengras.com\/wp-content\/uploads\/2024\/02\/logo.png","width":250,"height":71,"caption":"Kaufen Gras"},"image":{"@id":"https:\/\/kaufengras.com\/#\/schema\/logo\/image\/"}}]}},"_links":{"self":[{"href":"https:\/\/kaufengras.com\/it\/wp-json\/wp\/v2\/product\/42","targetHints":{"allow":["GET"]}}],"collection":[{"href":"https:\/\/kaufengras.com\/it\/wp-json\/wp\/v2\/product"}],"about":[{"href":"https:\/\/kaufengras.com\/it\/wp-json\/wp\/v2\/types\/product"}],"replies":[{"embeddable":true,"href":"https:\/\/kaufengras.com\/it\/wp-json\/wp\/v2\/comments?post=42"}],"wp:featuredmedia":[{"embeddable":true,"href":"https:\/\/kaufengras.com\/it\/wp-json\/wp\/v2\/media\/8955"}],"wp:attachment":[{"href":"https:\/\/kaufengras.com\/it\/wp-json\/wp\/v2\/media?parent=42"}],"wp:term":[{"taxonomy":"product_cat","embeddable":true,"href":"https:\/\/kaufengras.com\/it\/wp-json\/wp\/v2\/product_cat?post=42"},{"taxonomy":"product_tag","embeddable":true,"href":"https:\/\/kaufengras.com\/it\/wp-json\/wp\/v2\/product_tag?post=42"}],"curies":[{"name":"wp","href":"https:\/\/api.w.org\/{rel}","templated":true}]}}