{"id":88,"date":"2024-02-12T07:06:32","date_gmt":"2024-02-12T07:06:32","guid":{"rendered":"https:\/\/nembutalhouse.com\/gras\/?post_type=product&#038;p=88"},"modified":"2024-08-26T05:58:30","modified_gmt":"2024-08-26T05:58:30","slug":"pineapple-express","status":"publish","type":"product","link":"https:\/\/kaufengras.com\/fr\/product\/pineapple-express\/","title":{"rendered":"Pineapple Express"},"content":{"rendered":"<h2>Acheter Pineapple Express en ligne<\/h2>\n<h3>AcheterGras : votre point de vente en ligne pour Pineapple Express<\/h3>\n<p>Vous souhaitez acheter Pineapple Express en ligne ? Alors vous \u00eates \u00e0 la bonne adresse chez KaufenGras ! Nous sommes votre guichet unique pour tout ce qui concerne Pineapple Express et nous proposons des produits de qualit\u00e9 sup\u00e9rieure, disponibles l\u00e9galement en France.<\/p>\n<h3>Pourquoi choisir Pineapple Express de KaufenGras ?<\/h3>\n<p>Chez KaufenGras, nous sommes fiers de ne proposer que les meilleures vari\u00e9t\u00e9s de Pineapple Express disponibles sur le march\u00e9. Nos produits sont soigneusement assembl\u00e9s pour garantir une qualit\u00e9 et une efficacit\u00e9 de premier ordre, afin que vous puissiez profiter d'une exp\u00e9rience de fumer incomparable \u00e0 chaque fois.<\/p>\n<h3>Acheter Pineapple Express l\u00e9galement en ligne<\/h3>\n<p>Lorsque vous achetez chez nous, vous pouvez \u00eatre s\u00fbr que vous achetez Pineapple Express l\u00e9galement. Nous respectons toutes les r\u00e9glementations et directives, ce qui nous permet de garantir que nos produits sont s\u00fbrs, l\u00e9gaux et de la plus haute qualit\u00e9. Avec AcheterDeL'herbe, vous pouvez avoir l'esprit tranquille et savoir que vous achetez vos vari\u00e9t\u00e9s pr\u00e9f\u00e9r\u00e9es de mani\u00e8re responsable et l\u00e9gale.<\/p>\n<h3>O\u00f9 peut-on acheter Pineapple Express en France ?<\/h3>\n<p>Vous vous demandez o\u00f9 <a href=\"https:\/\/kaufengras.com\/fr\/product\/pineapple-express\/\">Pineapple Express<\/a> peuvent acheter en Allemagne ? AcheterDe l'herbe est l\u00e0 pour vous ! Dans notre boutique en ligne pratique, vous pouvez facilement parcourir notre s\u00e9lection de produits Pineapple Express et passer votre commande en quelques clics seulement. Nous proposons une livraison rapide et discr\u00e8te pour que vous puissiez profiter sans probl\u00e8me de vos vari\u00e9t\u00e9s pr\u00e9f\u00e9r\u00e9es.<\/p>\n<h3>Commandez Pineapple Express en ligne d\u00e8s aujourd'hui<\/h3>\n<p>\u00cates-vous pr\u00eat \u00e0 faire l'exp\u00e9rience de l'effet exaltant et vivifiant de Pineapple Express ? Commandez Pineapple Express en ligne d\u00e8s aujourd'hui sur KaufenGras et d\u00e9couvrez pourquoi nous sommes le premier choix des passionn\u00e9s de cannabis dans toute la France. Notre site Web convivial vous permet de trouver et d'acheter facilement vos vari\u00e9t\u00e9s pr\u00e9f\u00e9r\u00e9es, pour que vous puissiez en profiter confortablement chez vous.<\/p>\n<h3>Acheter Acheter de l'herbe pour Pineapple Express<\/h3>\n<p>Que vous soyez un fumeur exp\u00e9riment\u00e9 ou un novice dans le monde du cannabis, AcheterGras est votre point de contact pour tout ce qui concerne Pineapple Express. Avec notre vaste choix, nos prix comp\u00e9titifs et notre service client\u00e8le exceptionnel, nous nous effor\u00e7ons de vous offrir la meilleure exp\u00e9rience d'achat possible. Alors pourquoi attendre ? Achetez KaufenGras d\u00e8s aujourd'hui et am\u00e9liorez votre exp\u00e9rience de fumeur avec Pineapple Express !<\/p>","protected":false},"excerpt":{"rendered":"<p>Acheter Pineapple Express en ligne KaufenGras : votre point de vente pour l'achat en ligne de Pineapple Express Vous souhaitez acheter Pineapple Express en ligne ? Vous \u00eates \u00e0 la bonne adresse chez KaufenGras ! Nous sommes votre guichet unique pour tout ce qui concerne le Pineapple Express et nous proposons des produits de qualit\u00e9 sup\u00e9rieure, disponibles l\u00e9galement en France. Pourquoi choisir Pineapple Express de [...] ?<\/p>","protected":false},"featured_media":8962,"comment_status":"open","ping_status":"closed","template":"","meta":{"inline_featured_image":false,"_joinchat":[]},"product_cat":[17],"product_tag":[],"class_list":{"0":"post-88","1":"product","2":"type-product","3":"status-publish","4":"has-post-thumbnail","6":"product_cat-gras","8":"first","9":"instock","10":"featured","11":"shipping-taxable","12":"purchasable","13":"product-type-variable","14":"has-default-attributes"},"yoast_head":"<!-- This site is optimized with the Yoast SEO plugin v23.5 - https:\/\/yoast.com\/wordpress\/plugins\/seo\/ -->\n<title>Pineapple Express online kaufen - Pineapple Express zu verkaufen<\/title>\n<meta name=\"description\" content=\"Wenn Sie Pineapple Express online kaufen m\u00f6chten, besuchen Sie unseren Online-Shop Kaufengras. Wir haben hochwertige Produkte wie Pineapple Express im Angebot. Bestellen Sie jetzt!\" \/>\n<meta name=\"robots\" content=\"index, follow, max-snippet:-1, max-image-preview:large, max-video-preview:-1\" \/>\n<link rel=\"canonical\" href=\"https:\/\/kaufengras.com\/fr\/product\/pineapple-express\/\" \/>\n<meta property=\"og:locale\" content=\"fr_FR\" \/>\n<meta property=\"og:type\" content=\"article\" \/>\n<meta property=\"og:title\" content=\"Pineapple Express online kaufen - Pineapple Express zu verkaufen\" \/>\n<meta property=\"og:description\" content=\"Wenn Sie Pineapple Express online kaufen m\u00f6chten, besuchen Sie unseren Online-Shop Kaufengras. Wir haben hochwertige Produkte wie Pineapple Express im Angebot. Bestellen Sie jetzt!\" \/>\n<meta property=\"og:url\" content=\"https:\/\/kaufengras.com\/fr\/product\/pineapple-express\/\" \/>\n<meta property=\"og:site_name\" content=\"Kaufen Gras\" \/>\n<meta property=\"article:modified_time\" content=\"2024-08-26T05:58:30+00:00\" \/>\n<meta property=\"og:image\" content=\"https:\/\/kaufengras.com\/wp-content\/uploads\/2024\/02\/Pineapple-Express-1.jpg\" \/>\n\t<meta property=\"og:image:width\" content=\"600\" \/>\n\t<meta property=\"og:image:height\" content=\"600\" \/>\n\t<meta property=\"og:image:type\" content=\"image\/jpeg\" \/>\n<meta name=\"twitter:card\" content=\"summary_large_image\" \/>\n<meta name=\"twitter:label1\" content=\"Dur\u00e9e de lecture estim\u00e9e\" \/>\n\t<meta name=\"twitter:data1\" content=\"2 minutes\" \/>\n<script type=\"application\/ld+json\" class=\"yoast-schema-graph\">{\"@context\":\"https:\/\/schema.org\",\"@graph\":[{\"@type\":\"WebPage\",\"@id\":\"https:\/\/kaufengras.com\/product\/pineapple-express\/\",\"url\":\"https:\/\/kaufengras.com\/product\/pineapple-express\/\",\"name\":\"Pineapple Express online kaufen - Pineapple Express zu verkaufen\",\"isPartOf\":{\"@id\":\"https:\/\/kaufengras.com\/#website\"},\"primaryImageOfPage\":{\"@id\":\"https:\/\/kaufengras.com\/product\/pineapple-express\/#primaryimage\"},\"image\":{\"@id\":\"https:\/\/kaufengras.com\/product\/pineapple-express\/#primaryimage\"},\"thumbnailUrl\":\"https:\/\/kaufengras.com\/wp-content\/uploads\/2024\/02\/Pineapple-Express-1.jpg\",\"datePublished\":\"2024-02-12T07:06:32+00:00\",\"dateModified\":\"2024-08-26T05:58:30+00:00\",\"description\":\"Wenn Sie Pineapple Express online kaufen m\u00f6chten, besuchen Sie unseren Online-Shop Kaufengras. Wir haben hochwertige Produkte wie Pineapple Express im Angebot. Bestellen Sie jetzt!\",\"breadcrumb\":{\"@id\":\"https:\/\/kaufengras.com\/product\/pineapple-express\/#breadcrumb\"},\"inLanguage\":\"fr-FR\",\"potentialAction\":[{\"@type\":\"ReadAction\",\"target\":[\"https:\/\/kaufengras.com\/product\/pineapple-express\/\"]}]},{\"@type\":\"ImageObject\",\"inLanguage\":\"fr-FR\",\"@id\":\"https:\/\/kaufengras.com\/product\/pineapple-express\/#primaryimage\",\"url\":\"https:\/\/kaufengras.com\/wp-content\/uploads\/2024\/02\/Pineapple-Express-1.jpg\",\"contentUrl\":\"https:\/\/kaufengras.com\/wp-content\/uploads\/2024\/02\/Pineapple-Express-1.jpg\",\"width\":600,\"height\":600,\"caption\":\"Kaufen Pineapple-Express Online\"},{\"@type\":\"BreadcrumbList\",\"@id\":\"https:\/\/kaufengras.com\/product\/pineapple-express\/#breadcrumb\",\"itemListElement\":[{\"@type\":\"ListItem\",\"position\":1,\"name\":\"Home\",\"item\":\"https:\/\/kaufengras.com\/\"},{\"@type\":\"ListItem\",\"position\":2,\"name\":\"Shop\",\"item\":\"https:\/\/kaufengras.com\/shop\/\"},{\"@type\":\"ListItem\",\"position\":3,\"name\":\"Pineapple Express\"}]},{\"@type\":\"WebSite\",\"@id\":\"https:\/\/kaufengras.com\/#website\",\"url\":\"https:\/\/kaufengras.com\/\",\"name\":\"Kaufen Gras\",\"description\":\"Gras Online Kaufen\",\"publisher\":{\"@id\":\"https:\/\/kaufengras.com\/#organization\"},\"potentialAction\":[{\"@type\":\"SearchAction\",\"target\":{\"@type\":\"EntryPoint\",\"urlTemplate\":\"https:\/\/kaufengras.com\/?s={search_term_string}\"},\"query-input\":{\"@type\":\"PropertyValueSpecification\",\"valueRequired\":true,\"valueName\":\"search_term_string\"}}],\"inLanguage\":\"fr-FR\"},{\"@type\":\"Organization\",\"@id\":\"https:\/\/kaufengras.com\/#organization\",\"name\":\"Kaufen Gras\",\"url\":\"https:\/\/kaufengras.com\/\",\"logo\":{\"@type\":\"ImageObject\",\"inLanguage\":\"fr-FR\",\"@id\":\"https:\/\/kaufengras.com\/#\/schema\/logo\/image\/\",\"url\":\"https:\/\/kaufengras.com\/wp-content\/uploads\/2024\/02\/logo.png\",\"contentUrl\":\"https:\/\/kaufengras.com\/wp-content\/uploads\/2024\/02\/logo.png\",\"width\":250,\"height\":71,\"caption\":\"Kaufen Gras\"},\"image\":{\"@id\":\"https:\/\/kaufengras.com\/#\/schema\/logo\/image\/\"}}]}<\/script>\n<!-- \/ Yoast SEO plugin. -->","yoast_head_json":{"title":"Pineapple Express online kaufen - Pineapple Express zu verkaufen","description":"Wenn Sie Pineapple Express online kaufen m\u00f6chten, besuchen Sie unseren Online-Shop Kaufengras. Wir haben hochwertige Produkte wie Pineapple Express im Angebot. Bestellen Sie jetzt!","robots":{"index":"index","follow":"follow","max-snippet":"max-snippet:-1","max-image-preview":"max-image-preview:large","max-video-preview":"max-video-preview:-1"},"canonical":"https:\/\/kaufengras.com\/fr\/product\/pineapple-express\/","og_locale":"fr_FR","og_type":"article","og_title":"Pineapple Express online kaufen - Pineapple Express zu verkaufen","og_description":"Wenn Sie Pineapple Express online kaufen m\u00f6chten, besuchen Sie unseren Online-Shop Kaufengras. Wir haben hochwertige Produkte wie Pineapple Express im Angebot. Bestellen Sie jetzt!","og_url":"https:\/\/kaufengras.com\/fr\/product\/pineapple-express\/","og_site_name":"Kaufen Gras","article_modified_time":"2024-08-26T05:58:30+00:00","og_image":[{"width":600,"height":600,"url":"https:\/\/kaufengras.com\/wp-content\/uploads\/2024\/02\/Pineapple-Express-1.jpg","type":"image\/jpeg"}],"twitter_card":"summary_large_image","twitter_misc":{"Dur\u00e9e de lecture estim\u00e9e":"2 minutes"},"schema":{"@context":"https:\/\/schema.org","@graph":[{"@type":"WebPage","@id":"https:\/\/kaufengras.com\/product\/pineapple-express\/","url":"https:\/\/kaufengras.com\/product\/pineapple-express\/","name":"Pineapple Express online kaufen - Pineapple Express zu verkaufen","isPartOf":{"@id":"https:\/\/kaufengras.com\/#website"},"primaryImageOfPage":{"@id":"https:\/\/kaufengras.com\/product\/pineapple-express\/#primaryimage"},"image":{"@id":"https:\/\/kaufengras.com\/product\/pineapple-express\/#primaryimage"},"thumbnailUrl":"https:\/\/kaufengras.com\/wp-content\/uploads\/2024\/02\/Pineapple-Express-1.jpg","datePublished":"2024-02-12T07:06:32+00:00","dateModified":"2024-08-26T05:58:30+00:00","description":"Wenn Sie Pineapple Express online kaufen m\u00f6chten, besuchen Sie unseren Online-Shop Kaufengras. Wir haben hochwertige Produkte wie Pineapple Express im Angebot. Bestellen Sie jetzt!","breadcrumb":{"@id":"https:\/\/kaufengras.com\/product\/pineapple-express\/#breadcrumb"},"inLanguage":"fr-FR","potentialAction":[{"@type":"ReadAction","target":["https:\/\/kaufengras.com\/product\/pineapple-express\/"]}]},{"@type":"ImageObject","inLanguage":"fr-FR","@id":"https:\/\/kaufengras.com\/product\/pineapple-express\/#primaryimage","url":"https:\/\/kaufengras.com\/wp-content\/uploads\/2024\/02\/Pineapple-Express-1.jpg","contentUrl":"https:\/\/kaufengras.com\/wp-content\/uploads\/2024\/02\/Pineapple-Express-1.jpg","width":600,"height":600,"caption":"Kaufen Pineapple-Express Online"},{"@type":"BreadcrumbList","@id":"https:\/\/kaufengras.com\/product\/pineapple-express\/#breadcrumb","itemListElement":[{"@type":"ListItem","position":1,"name":"Home","item":"https:\/\/kaufengras.com\/"},{"@type":"ListItem","position":2,"name":"Shop","item":"https:\/\/kaufengras.com\/shop\/"},{"@type":"ListItem","position":3,"name":"Pineapple Express"}]},{"@type":"WebSite","@id":"https:\/\/kaufengras.com\/#website","url":"https:\/\/kaufengras.com\/","name":"Kaufen Gras","description":"Gras Online Kaufen","publisher":{"@id":"https:\/\/kaufengras.com\/#organization"},"potentialAction":[{"@type":"SearchAction","target":{"@type":"EntryPoint","urlTemplate":"https:\/\/kaufengras.com\/?s={search_term_string}"},"query-input":{"@type":"PropertyValueSpecification","valueRequired":true,"valueName":"search_term_string"}}],"inLanguage":"fr-FR"},{"@type":"Organization","@id":"https:\/\/kaufengras.com\/#organization","name":"Kaufen Gras","url":"https:\/\/kaufengras.com\/","logo":{"@type":"ImageObject","inLanguage":"fr-FR","@id":"https:\/\/kaufengras.com\/#\/schema\/logo\/image\/","url":"https:\/\/kaufengras.com\/wp-content\/uploads\/2024\/02\/logo.png","contentUrl":"https:\/\/kaufengras.com\/wp-content\/uploads\/2024\/02\/logo.png","width":250,"height":71,"caption":"Kaufen Gras"},"image":{"@id":"https:\/\/kaufengras.com\/#\/schema\/logo\/image\/"}}]}},"_links":{"self":[{"href":"https:\/\/kaufengras.com\/fr\/wp-json\/wp\/v2\/product\/88","targetHints":{"allow":["GET"]}}],"collection":[{"href":"https:\/\/kaufengras.com\/fr\/wp-json\/wp\/v2\/product"}],"about":[{"href":"https:\/\/kaufengras.com\/fr\/wp-json\/wp\/v2\/types\/product"}],"replies":[{"embeddable":true,"href":"https:\/\/kaufengras.com\/fr\/wp-json\/wp\/v2\/comments?post=88"}],"wp:featuredmedia":[{"embeddable":true,"href":"https:\/\/kaufengras.com\/fr\/wp-json\/wp\/v2\/media\/8962"}],"wp:attachment":[{"href":"https:\/\/kaufengras.com\/fr\/wp-json\/wp\/v2\/media?parent=88"}],"wp:term":[{"taxonomy":"product_cat","embeddable":true,"href":"https:\/\/kaufengras.com\/fr\/wp-json\/wp\/v2\/product_cat?post=88"},{"taxonomy":"product_tag","embeddable":true,"href":"https:\/\/kaufengras.com\/fr\/wp-json\/wp\/v2\/product_tag?post=88"}],"curies":[{"name":"wp","href":"https:\/\/api.w.org\/{rel}","templated":true}]}}