{"id":171,"date":"2024-02-12T07:07:06","date_gmt":"2024-02-12T07:07:06","guid":{"rendered":"https:\/\/nembutalhouse.com\/gras\/?post_type=product&#038;p=171"},"modified":"2024-08-26T05:43:02","modified_gmt":"2024-08-26T05:43:02","slug":"tangie-og-wax","status":"publish","type":"product","link":"https:\/\/kaufengras.com\/fr\/product\/tangie-og-wax\/","title":{"rendered":"Tangie OG Wax"},"content":{"rendered":"<h2>Acheter Tangie OG Wax en ligne<\/h2>\n<h3>D\u00e9couvrez Tangie OG Wax en qualit\u00e9 sup\u00e9rieure chez KaufenGras<\/h3>\n<p>Vous cherchez la meilleure Tangie OG Wax \u00e0 vendre en ligne ? Ne cherchez pas plus loin que KaufenGras, votre point de contact unique pour des produits de cannabis de premi\u00e8re qualit\u00e9. Notre boutique Tangie OG Wax propose une s\u00e9lection vari\u00e9e de concentr\u00e9s de qualit\u00e9 sup\u00e9rieure, dont le tr\u00e8s convoit\u00e9 Tangie OG Wax. Am\u00e9liorez votre exp\u00e9rience du cannabis avec notre s\u00e9lection soigneusement s\u00e9lectionn\u00e9e.<\/p>\n<h3>D\u00e9couvrez Tangie OG Wax en ligne<\/h3>\n<p>Chez KaufenGras, nous savons \u00e0 quel point la qualit\u00e9 est importante pour les concentr\u00e9s de cannabis. C'est pourquoi nous proposons la Tangie OG Wax, connue pour son profil de go\u00fbt exceptionnel et ses effets puissants. Notre Tangie OG Wax est produite \u00e0 l'aide de techniques d'extraction de pointe afin de pr\u00e9server les terp\u00e8nes et les cannabino\u00efdes naturels de la vari\u00e9t\u00e9, garantissant ainsi une exp\u00e9rience gustative et aromatique \u00e0 chaque dab.<\/p>\n<h3>O\u00f9 acheter Tangie OG Wax<\/h3>\n<p>Voulez-vous <a href=\"https:\/\/kaufengras.com\/fr\/product\/tangie-og-wax\/\">Acheter Tangie OG Wax en ligne<\/a>? AcheterGras est votre source de confiance pour les concentr\u00e9s de cannabis de qualit\u00e9 sup\u00e9rieure, y compris Tangie OG Wax. En quelques clics seulement, vous pouvez commander Tangie OG Wax dans le confort de votre maison et le faire livrer discr\u00e8tement \u00e0 votre porte. \u00c9pargnez-vous la recherche fastidieuse de Tangie OG Wax \u00e0 vendre et achetez en toute tranquillit\u00e9 sur AcheterGras.<\/p>\n<h3>Acheter Tangie OG Wax l\u00e9galement<\/h3>\n<p>Chez KaufenGras, nous mettons l'accent sur la conformit\u00e9 et la transparence et veillons \u00e0 ce que tous nos produits proviennent de fabricants agr\u00e9\u00e9s et respectent des normes de qualit\u00e9 strictes. Lorsque vous achetez Tangie OG Wax chez nous, vous pouvez \u00eatre s\u00fbr d'acheter un produit l\u00e9gal et de haute qualit\u00e9. Faites l'exp\u00e9rience de la s\u00e9curit\u00e9 \u00e0 chaque achat sur KaufenGras.<\/p>\n<h3>Commander Tangie OG Wax en France<\/h3>\n<p>Que vous soyez un passionn\u00e9 de cannabis exp\u00e9riment\u00e9 ou un novice dans le monde des concentr\u00e9s, il y en a pour tous les go\u00fbts chez KaufenGras. Gr\u00e2ce \u00e0 notre boutique en ligne conviviale, il est facile de commander de la cire Tangie OG en France et de se la faire livrer rapidement et discr\u00e8tement. D\u00e9couvrez le confort de l'achat en ligne de produits de cannabis de qualit\u00e9 avec KaufenGras.<\/p>\n<h3>D\u00e9couvrez des produits de cannabis de qualit\u00e9 sup\u00e9rieure chez KaufenGras<\/h3>\n<p>De la cire Tangie OG \u00e0 une large gamme d'autres concentr\u00e9s et accessoires, AcheterGras est votre premier contact pour tout ce qui concerne le cannabis. Faites vos achats chez nous d\u00e8s aujourd'hui et d\u00e9couvrez pourquoi nous sommes le premier choix des passionn\u00e9s de cannabis du monde entier.<\/p>","protected":false},"excerpt":{"rendered":"<p>Acheter Tangie OG Wax en ligne D\u00e9couvrez Tangie OG Wax en qualit\u00e9 sup\u00e9rieure chez KaufenGras Vous cherchez le meilleur Tangie OG Wax \u00e0 vendre en ligne ? Ne cherchez pas plus loin que KaufenGras, votre point de vente unique pour des produits de cannabis de premi\u00e8re qualit\u00e9. Notre boutique Tangie OG Wax offre une s\u00e9lection vari\u00e9e de concentr\u00e9s de qualit\u00e9 sup\u00e9rieure, y compris le tr\u00e8s convoit\u00e9 Tangie [...].<\/p>","protected":false},"featured_media":8991,"comment_status":"open","ping_status":"closed","template":"","meta":{"inline_featured_image":false,"_joinchat":[]},"product_cat":[22],"product_tag":[],"class_list":{"0":"post-171","1":"product","2":"type-product","3":"status-publish","4":"has-post-thumbnail","6":"product_cat-marihuna-wachs-shatter","8":"first","9":"instock","10":"shipping-taxable","11":"purchasable","12":"product-type-variable"},"yoast_head":"<!-- This site is optimized with the Yoast SEO plugin v23.5 - https:\/\/yoast.com\/wordpress\/plugins\/seo\/ -->\n<title>Tangie OG Wax online kaufen - Tangie OG Wax zu verkaufen<\/title>\n<meta name=\"description\" content=\"M\u00f6chten Sie Ihre Recherchen vertiefen? Kaufen Sie Tangie OG Wax bequem und sicher online, mit einem unkomplizierten Bestellvorgang f\u00fcr Tangie OG Wax zum Verkauf. Bestellen Sie Tangie OG Wax!\" \/>\n<meta name=\"robots\" content=\"index, follow, max-snippet:-1, max-image-preview:large, max-video-preview:-1\" \/>\n<link rel=\"canonical\" href=\"https:\/\/kaufengras.com\/fr\/product\/tangie-og-wax\/\" \/>\n<meta property=\"og:locale\" content=\"fr_FR\" \/>\n<meta property=\"og:type\" content=\"article\" \/>\n<meta property=\"og:title\" content=\"Tangie OG Wax online kaufen - Tangie OG Wax zu verkaufen\" \/>\n<meta property=\"og:description\" content=\"M\u00f6chten Sie Ihre Recherchen vertiefen? Kaufen Sie Tangie OG Wax bequem und sicher online, mit einem unkomplizierten Bestellvorgang f\u00fcr Tangie OG Wax zum Verkauf. Bestellen Sie Tangie OG Wax!\" \/>\n<meta property=\"og:url\" content=\"https:\/\/kaufengras.com\/fr\/product\/tangie-og-wax\/\" \/>\n<meta property=\"og:site_name\" content=\"Kaufen Gras\" \/>\n<meta property=\"article:modified_time\" content=\"2024-08-26T05:43:02+00:00\" \/>\n<meta property=\"og:image\" content=\"https:\/\/kaufengras.com\/wp-content\/uploads\/2024\/02\/Tangie-OG-Wax-1.jpg\" \/>\n\t<meta property=\"og:image:width\" content=\"600\" \/>\n\t<meta property=\"og:image:height\" content=\"600\" \/>\n\t<meta property=\"og:image:type\" content=\"image\/jpeg\" \/>\n<meta name=\"twitter:card\" content=\"summary_large_image\" \/>\n<meta name=\"twitter:label1\" content=\"Dur\u00e9e de lecture estim\u00e9e\" \/>\n\t<meta name=\"twitter:data1\" content=\"2 minutes\" \/>\n<script type=\"application\/ld+json\" class=\"yoast-schema-graph\">{\"@context\":\"https:\/\/schema.org\",\"@graph\":[{\"@type\":\"WebPage\",\"@id\":\"https:\/\/kaufengras.com\/product\/tangie-og-wax\/\",\"url\":\"https:\/\/kaufengras.com\/product\/tangie-og-wax\/\",\"name\":\"Tangie OG Wax online kaufen - Tangie OG Wax zu verkaufen\",\"isPartOf\":{\"@id\":\"https:\/\/kaufengras.com\/#website\"},\"primaryImageOfPage\":{\"@id\":\"https:\/\/kaufengras.com\/product\/tangie-og-wax\/#primaryimage\"},\"image\":{\"@id\":\"https:\/\/kaufengras.com\/product\/tangie-og-wax\/#primaryimage\"},\"thumbnailUrl\":\"https:\/\/kaufengras.com\/wp-content\/uploads\/2024\/02\/Tangie-OG-Wax-1.jpg\",\"datePublished\":\"2024-02-12T07:07:06+00:00\",\"dateModified\":\"2024-08-26T05:43:02+00:00\",\"description\":\"M\u00f6chten Sie Ihre Recherchen vertiefen? Kaufen Sie Tangie OG Wax bequem und sicher online, mit einem unkomplizierten Bestellvorgang f\u00fcr Tangie OG Wax zum Verkauf. Bestellen Sie Tangie OG Wax!\",\"breadcrumb\":{\"@id\":\"https:\/\/kaufengras.com\/product\/tangie-og-wax\/#breadcrumb\"},\"inLanguage\":\"fr-FR\",\"potentialAction\":[{\"@type\":\"ReadAction\",\"target\":[\"https:\/\/kaufengras.com\/product\/tangie-og-wax\/\"]}]},{\"@type\":\"ImageObject\",\"inLanguage\":\"fr-FR\",\"@id\":\"https:\/\/kaufengras.com\/product\/tangie-og-wax\/#primaryimage\",\"url\":\"https:\/\/kaufengras.com\/wp-content\/uploads\/2024\/02\/Tangie-OG-Wax-1.jpg\",\"contentUrl\":\"https:\/\/kaufengras.com\/wp-content\/uploads\/2024\/02\/Tangie-OG-Wax-1.jpg\",\"width\":600,\"height\":600,\"caption\":\"Kaufen Tangie-OG-Wax Online\"},{\"@type\":\"BreadcrumbList\",\"@id\":\"https:\/\/kaufengras.com\/product\/tangie-og-wax\/#breadcrumb\",\"itemListElement\":[{\"@type\":\"ListItem\",\"position\":1,\"name\":\"Home\",\"item\":\"https:\/\/kaufengras.com\/\"},{\"@type\":\"ListItem\",\"position\":2,\"name\":\"Shop\",\"item\":\"https:\/\/kaufengras.com\/shop\/\"},{\"@type\":\"ListItem\",\"position\":3,\"name\":\"Tangie OG Wax\"}]},{\"@type\":\"WebSite\",\"@id\":\"https:\/\/kaufengras.com\/#website\",\"url\":\"https:\/\/kaufengras.com\/\",\"name\":\"Kaufen Gras\",\"description\":\"Gras Online Kaufen\",\"publisher\":{\"@id\":\"https:\/\/kaufengras.com\/#organization\"},\"potentialAction\":[{\"@type\":\"SearchAction\",\"target\":{\"@type\":\"EntryPoint\",\"urlTemplate\":\"https:\/\/kaufengras.com\/?s={search_term_string}\"},\"query-input\":{\"@type\":\"PropertyValueSpecification\",\"valueRequired\":true,\"valueName\":\"search_term_string\"}}],\"inLanguage\":\"fr-FR\"},{\"@type\":\"Organization\",\"@id\":\"https:\/\/kaufengras.com\/#organization\",\"name\":\"Kaufen Gras\",\"url\":\"https:\/\/kaufengras.com\/\",\"logo\":{\"@type\":\"ImageObject\",\"inLanguage\":\"fr-FR\",\"@id\":\"https:\/\/kaufengras.com\/#\/schema\/logo\/image\/\",\"url\":\"https:\/\/kaufengras.com\/wp-content\/uploads\/2024\/02\/logo.png\",\"contentUrl\":\"https:\/\/kaufengras.com\/wp-content\/uploads\/2024\/02\/logo.png\",\"width\":250,\"height\":71,\"caption\":\"Kaufen Gras\"},\"image\":{\"@id\":\"https:\/\/kaufengras.com\/#\/schema\/logo\/image\/\"}}]}<\/script>\n<!-- \/ Yoast SEO plugin. -->","yoast_head_json":{"title":"Tangie OG Wax online kaufen - Tangie OG Wax zu verkaufen","description":"M\u00f6chten Sie Ihre Recherchen vertiefen? Kaufen Sie Tangie OG Wax bequem und sicher online, mit einem unkomplizierten Bestellvorgang f\u00fcr Tangie OG Wax zum Verkauf. Bestellen Sie Tangie OG Wax!","robots":{"index":"index","follow":"follow","max-snippet":"max-snippet:-1","max-image-preview":"max-image-preview:large","max-video-preview":"max-video-preview:-1"},"canonical":"https:\/\/kaufengras.com\/fr\/product\/tangie-og-wax\/","og_locale":"fr_FR","og_type":"article","og_title":"Tangie OG Wax online kaufen - Tangie OG Wax zu verkaufen","og_description":"M\u00f6chten Sie Ihre Recherchen vertiefen? Kaufen Sie Tangie OG Wax bequem und sicher online, mit einem unkomplizierten Bestellvorgang f\u00fcr Tangie OG Wax zum Verkauf. Bestellen Sie Tangie OG Wax!","og_url":"https:\/\/kaufengras.com\/fr\/product\/tangie-og-wax\/","og_site_name":"Kaufen Gras","article_modified_time":"2024-08-26T05:43:02+00:00","og_image":[{"width":600,"height":600,"url":"https:\/\/kaufengras.com\/wp-content\/uploads\/2024\/02\/Tangie-OG-Wax-1.jpg","type":"image\/jpeg"}],"twitter_card":"summary_large_image","twitter_misc":{"Dur\u00e9e de lecture estim\u00e9e":"2 minutes"},"schema":{"@context":"https:\/\/schema.org","@graph":[{"@type":"WebPage","@id":"https:\/\/kaufengras.com\/product\/tangie-og-wax\/","url":"https:\/\/kaufengras.com\/product\/tangie-og-wax\/","name":"Tangie OG Wax online kaufen - Tangie OG Wax zu verkaufen","isPartOf":{"@id":"https:\/\/kaufengras.com\/#website"},"primaryImageOfPage":{"@id":"https:\/\/kaufengras.com\/product\/tangie-og-wax\/#primaryimage"},"image":{"@id":"https:\/\/kaufengras.com\/product\/tangie-og-wax\/#primaryimage"},"thumbnailUrl":"https:\/\/kaufengras.com\/wp-content\/uploads\/2024\/02\/Tangie-OG-Wax-1.jpg","datePublished":"2024-02-12T07:07:06+00:00","dateModified":"2024-08-26T05:43:02+00:00","description":"M\u00f6chten Sie Ihre Recherchen vertiefen? Kaufen Sie Tangie OG Wax bequem und sicher online, mit einem unkomplizierten Bestellvorgang f\u00fcr Tangie OG Wax zum Verkauf. Bestellen Sie Tangie OG Wax!","breadcrumb":{"@id":"https:\/\/kaufengras.com\/product\/tangie-og-wax\/#breadcrumb"},"inLanguage":"fr-FR","potentialAction":[{"@type":"ReadAction","target":["https:\/\/kaufengras.com\/product\/tangie-og-wax\/"]}]},{"@type":"ImageObject","inLanguage":"fr-FR","@id":"https:\/\/kaufengras.com\/product\/tangie-og-wax\/#primaryimage","url":"https:\/\/kaufengras.com\/wp-content\/uploads\/2024\/02\/Tangie-OG-Wax-1.jpg","contentUrl":"https:\/\/kaufengras.com\/wp-content\/uploads\/2024\/02\/Tangie-OG-Wax-1.jpg","width":600,"height":600,"caption":"Kaufen Tangie-OG-Wax Online"},{"@type":"BreadcrumbList","@id":"https:\/\/kaufengras.com\/product\/tangie-og-wax\/#breadcrumb","itemListElement":[{"@type":"ListItem","position":1,"name":"Home","item":"https:\/\/kaufengras.com\/"},{"@type":"ListItem","position":2,"name":"Shop","item":"https:\/\/kaufengras.com\/shop\/"},{"@type":"ListItem","position":3,"name":"Tangie OG Wax"}]},{"@type":"WebSite","@id":"https:\/\/kaufengras.com\/#website","url":"https:\/\/kaufengras.com\/","name":"Kaufen Gras","description":"Gras Online Kaufen","publisher":{"@id":"https:\/\/kaufengras.com\/#organization"},"potentialAction":[{"@type":"SearchAction","target":{"@type":"EntryPoint","urlTemplate":"https:\/\/kaufengras.com\/?s={search_term_string}"},"query-input":{"@type":"PropertyValueSpecification","valueRequired":true,"valueName":"search_term_string"}}],"inLanguage":"fr-FR"},{"@type":"Organization","@id":"https:\/\/kaufengras.com\/#organization","name":"Kaufen Gras","url":"https:\/\/kaufengras.com\/","logo":{"@type":"ImageObject","inLanguage":"fr-FR","@id":"https:\/\/kaufengras.com\/#\/schema\/logo\/image\/","url":"https:\/\/kaufengras.com\/wp-content\/uploads\/2024\/02\/logo.png","contentUrl":"https:\/\/kaufengras.com\/wp-content\/uploads\/2024\/02\/logo.png","width":250,"height":71,"caption":"Kaufen Gras"},"image":{"@id":"https:\/\/kaufengras.com\/#\/schema\/logo\/image\/"}}]}},"_links":{"self":[{"href":"https:\/\/kaufengras.com\/fr\/wp-json\/wp\/v2\/product\/171","targetHints":{"allow":["GET"]}}],"collection":[{"href":"https:\/\/kaufengras.com\/fr\/wp-json\/wp\/v2\/product"}],"about":[{"href":"https:\/\/kaufengras.com\/fr\/wp-json\/wp\/v2\/types\/product"}],"replies":[{"embeddable":true,"href":"https:\/\/kaufengras.com\/fr\/wp-json\/wp\/v2\/comments?post=171"}],"wp:featuredmedia":[{"embeddable":true,"href":"https:\/\/kaufengras.com\/fr\/wp-json\/wp\/v2\/media\/8991"}],"wp:attachment":[{"href":"https:\/\/kaufengras.com\/fr\/wp-json\/wp\/v2\/media?parent=171"}],"wp:term":[{"taxonomy":"product_cat","embeddable":true,"href":"https:\/\/kaufengras.com\/fr\/wp-json\/wp\/v2\/product_cat?post=171"},{"taxonomy":"product_tag","embeddable":true,"href":"https:\/\/kaufengras.com\/fr\/wp-json\/wp\/v2\/product_tag?post=171"}],"curies":[{"name":"wp","href":"https:\/\/api.w.org\/{rel}","templated":true}]}}