{"id":167,"date":"2024-02-12T07:07:06","date_gmt":"2024-02-12T07:07:06","guid":{"rendered":"https:\/\/nembutalhouse.com\/gras\/?post_type=product&#038;p=167"},"modified":"2024-08-26T05:43:16","modified_gmt":"2024-08-26T05:43:16","slug":"skywalker-og-wax","status":"publish","type":"product","link":"https:\/\/kaufengras.com\/fr\/product\/skywalker-og-cire\/","title":{"rendered":"Cire Skywalker OG"},"content":{"rendered":"<h2>Acheter Skywalker OG Wax en ligne<\/h2>\n<h3>Premium Skywalker OG Wax : votre source de confiance chez KaufenGras<\/h3>\n<p>Chez KaufenGras, nous sommes fiers de pr\u00e9senter notre cire Skywalker OG haut de gamme, soigneusement fabriqu\u00e9e pour vous offrir l'exp\u00e9rience ultime du cannabis. D\u00e9veloppez vos sens avec le produit de la plus haute qualit\u00e9 disponible sur le march\u00e9.<\/p>\n<h3>Pourquoi choisir Skywalker OG Wax de KaufenGras ?<\/h3>\n<p>Lorsque vous achetez du Skywalker OG Wax en ligne, vous voulez vous assurer de sa qualit\u00e9 et de sa l\u00e9galit\u00e9. AcheterGras est votre magasin Skywalker OG Wax de confiance et offre une solution conforme \u00e0 la loi pour les passionn\u00e9s en France. Notre engagement envers l'excellence garantit que chaque commande de Skywalker OG Wax est une preuve de notre engagement envers la qualit\u00e9 et la satisfaction du client.<\/p>\n<h3>O\u00f9 acheter l\u00e9galement le Skywalker OG Wax<\/h3>\n<p>AcheterGras est la r\u00e9ponse \u00e0 la question de savoir o\u00f9 acheter l\u00e9galement la cire Skywalker OG. Le fart Skywalker OG que nous proposons \u00e0 la vente provient de sources s\u00e9rieuses et garantit le respect de toutes les r\u00e9glementations. Chez nous, vous pouvez commander Skywalker OG Wax en toute confiance, en sachant que vous recevrez un produit l\u00e9gal et de qualit\u00e9.<\/p>\n<h3>Processus de commande s\u00fbr et discret<\/h3>\n<p>Commander du Skywalker OG Wax n'a jamais \u00e9t\u00e9 aussi simple et s\u00fbr. Chez KaufenGras, nous attachons une grande importance \u00e0 votre vie priv\u00e9e et \u00e0 votre s\u00e9curit\u00e9 tout au long du processus d'achat. D\u00e9couvrez la certitude que votre commande de Skywalker OG Wax sera trait\u00e9e en toute discr\u00e9tion et livr\u00e9e \u00e0 votre porte avec le plus grand soin.<\/p>\n<h3>Acheter Skywalker OG Wax en toute confiance en France<\/h3>\n<p>D\u00e9couvrez le monde de <a href=\"https:\/\/kaufengras.com\/fr\/product\/skywalker-og-cire\/\">Cire Skywalker OG<\/a> en toute confiance, car AcheterGras offre une exp\u00e9rience d'achat en ligne sans faille. Achetez Skywalker OG Wax dans notre boutique en ligne en France et plongez dans la qualit\u00e9 et la satisfaction incomparables qu'offrent nos produits.<\/p>\n<p>AcheterGras est votre boutique Skywalker OG Wax et vous assure une exp\u00e9rience l\u00e9gale et de premi\u00e8re qualit\u00e9 en mati\u00e8re de cannabis. Commandez Skywalker OG Wax chez nous et d\u00e9couvrez la v\u00e9ritable essence de la qualit\u00e9 dans chaque bouff\u00e9e.<\/p>","protected":false},"excerpt":{"rendered":"<p>Acheter Skywalker OG Wax en ligne Premium Skywalker OG Wax : votre source de confiance chez KaufenGras Chez KaufenGras, nous sommes fiers de pr\u00e9senter notre cire Skywalker OG Premium, soigneusement fabriqu\u00e9e pour vous offrir l'exp\u00e9rience ultime du cannabis. D\u00e9veloppez vos sens avec le produit de la plus haute qualit\u00e9 disponible sur le march\u00e9. Pourquoi choisir la cire Skywalker OG de AcheterDeL'herbe ? Si [...]<\/p>","protected":false},"featured_media":8992,"comment_status":"open","ping_status":"closed","template":"","meta":{"inline_featured_image":false,"_joinchat":[]},"product_cat":[22],"product_tag":[],"class_list":{"0":"post-167","1":"product","2":"type-product","3":"status-publish","4":"has-post-thumbnail","6":"product_cat-marihuna-wachs-shatter","8":"first","9":"instock","10":"shipping-taxable","11":"purchasable","12":"product-type-variable"},"yoast_head":"<!-- This site is optimized with the Yoast SEO plugin v23.5 - https:\/\/yoast.com\/wordpress\/plugins\/seo\/ -->\n<title>Skywalker OG Wax zu verkaufen \u2013 Skywalker OG Wax online kaufen<\/title>\n<meta name=\"description\" content=\"Entdecken Sie in unserem Online-Shop Skywalker OG Wax, das hochwertige Produkte zum Verkauf anbietet. Kaufen Sie Skywalker OG Wax sicher online und beginnen Sie Ihre Recherche voller Zuversicht.\" \/>\n<meta name=\"robots\" content=\"index, follow, max-snippet:-1, max-image-preview:large, max-video-preview:-1\" \/>\n<link rel=\"canonical\" href=\"https:\/\/kaufengras.com\/fr\/product\/skywalker-og-cire\/\" \/>\n<meta property=\"og:locale\" content=\"fr_FR\" \/>\n<meta property=\"og:type\" content=\"article\" \/>\n<meta property=\"og:title\" content=\"Skywalker OG Wax zu verkaufen \u2013 Skywalker OG Wax online kaufen\" \/>\n<meta property=\"og:description\" content=\"Entdecken Sie in unserem Online-Shop Skywalker OG Wax, das hochwertige Produkte zum Verkauf anbietet. Kaufen Sie Skywalker OG Wax sicher online und beginnen Sie Ihre Recherche voller Zuversicht.\" \/>\n<meta property=\"og:url\" content=\"https:\/\/kaufengras.com\/fr\/product\/skywalker-og-cire\/\" \/>\n<meta property=\"og:site_name\" content=\"Kaufen Gras\" \/>\n<meta property=\"article:modified_time\" content=\"2024-08-26T05:43:16+00:00\" \/>\n<meta property=\"og:image\" content=\"https:\/\/kaufengras.com\/wp-content\/uploads\/2024\/02\/Skywalker-OG-Wax-1.jpg\" \/>\n\t<meta property=\"og:image:width\" content=\"600\" \/>\n\t<meta property=\"og:image:height\" content=\"600\" \/>\n\t<meta property=\"og:image:type\" content=\"image\/jpeg\" \/>\n<meta name=\"twitter:card\" content=\"summary_large_image\" \/>\n<meta name=\"twitter:label1\" content=\"Dur\u00e9e de lecture estim\u00e9e\" \/>\n\t<meta name=\"twitter:data1\" content=\"2 minutes\" \/>\n<script type=\"application\/ld+json\" class=\"yoast-schema-graph\">{\"@context\":\"https:\/\/schema.org\",\"@graph\":[{\"@type\":\"WebPage\",\"@id\":\"https:\/\/kaufengras.com\/product\/skywalker-og-wax\/\",\"url\":\"https:\/\/kaufengras.com\/product\/skywalker-og-wax\/\",\"name\":\"Skywalker OG Wax zu verkaufen \u2013 Skywalker OG Wax online kaufen\",\"isPartOf\":{\"@id\":\"https:\/\/kaufengras.com\/#website\"},\"primaryImageOfPage\":{\"@id\":\"https:\/\/kaufengras.com\/product\/skywalker-og-wax\/#primaryimage\"},\"image\":{\"@id\":\"https:\/\/kaufengras.com\/product\/skywalker-og-wax\/#primaryimage\"},\"thumbnailUrl\":\"https:\/\/kaufengras.com\/wp-content\/uploads\/2024\/02\/Skywalker-OG-Wax-1.jpg\",\"datePublished\":\"2024-02-12T07:07:06+00:00\",\"dateModified\":\"2024-08-26T05:43:16+00:00\",\"description\":\"Entdecken Sie in unserem Online-Shop Skywalker OG Wax, das hochwertige Produkte zum Verkauf anbietet. Kaufen Sie Skywalker OG Wax sicher online und beginnen Sie Ihre Recherche voller Zuversicht.\",\"breadcrumb\":{\"@id\":\"https:\/\/kaufengras.com\/product\/skywalker-og-wax\/#breadcrumb\"},\"inLanguage\":\"fr-FR\",\"potentialAction\":[{\"@type\":\"ReadAction\",\"target\":[\"https:\/\/kaufengras.com\/product\/skywalker-og-wax\/\"]}]},{\"@type\":\"ImageObject\",\"inLanguage\":\"fr-FR\",\"@id\":\"https:\/\/kaufengras.com\/product\/skywalker-og-wax\/#primaryimage\",\"url\":\"https:\/\/kaufengras.com\/wp-content\/uploads\/2024\/02\/Skywalker-OG-Wax-1.jpg\",\"contentUrl\":\"https:\/\/kaufengras.com\/wp-content\/uploads\/2024\/02\/Skywalker-OG-Wax-1.jpg\",\"width\":600,\"height\":600,\"caption\":\"Kaufen Skywalker-OG-Wax Online\"},{\"@type\":\"BreadcrumbList\",\"@id\":\"https:\/\/kaufengras.com\/product\/skywalker-og-wax\/#breadcrumb\",\"itemListElement\":[{\"@type\":\"ListItem\",\"position\":1,\"name\":\"Home\",\"item\":\"https:\/\/kaufengras.com\/\"},{\"@type\":\"ListItem\",\"position\":2,\"name\":\"Shop\",\"item\":\"https:\/\/kaufengras.com\/shop\/\"},{\"@type\":\"ListItem\",\"position\":3,\"name\":\"Skywalker OG Wax\"}]},{\"@type\":\"WebSite\",\"@id\":\"https:\/\/kaufengras.com\/#website\",\"url\":\"https:\/\/kaufengras.com\/\",\"name\":\"Kaufen Gras\",\"description\":\"Gras Online Kaufen\",\"publisher\":{\"@id\":\"https:\/\/kaufengras.com\/#organization\"},\"potentialAction\":[{\"@type\":\"SearchAction\",\"target\":{\"@type\":\"EntryPoint\",\"urlTemplate\":\"https:\/\/kaufengras.com\/?s={search_term_string}\"},\"query-input\":{\"@type\":\"PropertyValueSpecification\",\"valueRequired\":true,\"valueName\":\"search_term_string\"}}],\"inLanguage\":\"fr-FR\"},{\"@type\":\"Organization\",\"@id\":\"https:\/\/kaufengras.com\/#organization\",\"name\":\"Kaufen Gras\",\"url\":\"https:\/\/kaufengras.com\/\",\"logo\":{\"@type\":\"ImageObject\",\"inLanguage\":\"fr-FR\",\"@id\":\"https:\/\/kaufengras.com\/#\/schema\/logo\/image\/\",\"url\":\"https:\/\/kaufengras.com\/wp-content\/uploads\/2024\/02\/logo.png\",\"contentUrl\":\"https:\/\/kaufengras.com\/wp-content\/uploads\/2024\/02\/logo.png\",\"width\":250,\"height\":71,\"caption\":\"Kaufen Gras\"},\"image\":{\"@id\":\"https:\/\/kaufengras.com\/#\/schema\/logo\/image\/\"}}]}<\/script>\n<!-- \/ Yoast SEO plugin. -->","yoast_head_json":{"title":"Skywalker OG Wax zu verkaufen \u2013 Skywalker OG Wax online kaufen","description":"Entdecken Sie in unserem Online-Shop Skywalker OG Wax, das hochwertige Produkte zum Verkauf anbietet. Kaufen Sie Skywalker OG Wax sicher online und beginnen Sie Ihre Recherche voller Zuversicht.","robots":{"index":"index","follow":"follow","max-snippet":"max-snippet:-1","max-image-preview":"max-image-preview:large","max-video-preview":"max-video-preview:-1"},"canonical":"https:\/\/kaufengras.com\/fr\/product\/skywalker-og-cire\/","og_locale":"fr_FR","og_type":"article","og_title":"Skywalker OG Wax zu verkaufen \u2013 Skywalker OG Wax online kaufen","og_description":"Entdecken Sie in unserem Online-Shop Skywalker OG Wax, das hochwertige Produkte zum Verkauf anbietet. Kaufen Sie Skywalker OG Wax sicher online und beginnen Sie Ihre Recherche voller Zuversicht.","og_url":"https:\/\/kaufengras.com\/fr\/product\/skywalker-og-cire\/","og_site_name":"Kaufen Gras","article_modified_time":"2024-08-26T05:43:16+00:00","og_image":[{"width":600,"height":600,"url":"https:\/\/kaufengras.com\/wp-content\/uploads\/2024\/02\/Skywalker-OG-Wax-1.jpg","type":"image\/jpeg"}],"twitter_card":"summary_large_image","twitter_misc":{"Dur\u00e9e de lecture estim\u00e9e":"2 minutes"},"schema":{"@context":"https:\/\/schema.org","@graph":[{"@type":"WebPage","@id":"https:\/\/kaufengras.com\/product\/skywalker-og-wax\/","url":"https:\/\/kaufengras.com\/product\/skywalker-og-wax\/","name":"Skywalker OG Wax zu verkaufen \u2013 Skywalker OG Wax online kaufen","isPartOf":{"@id":"https:\/\/kaufengras.com\/#website"},"primaryImageOfPage":{"@id":"https:\/\/kaufengras.com\/product\/skywalker-og-wax\/#primaryimage"},"image":{"@id":"https:\/\/kaufengras.com\/product\/skywalker-og-wax\/#primaryimage"},"thumbnailUrl":"https:\/\/kaufengras.com\/wp-content\/uploads\/2024\/02\/Skywalker-OG-Wax-1.jpg","datePublished":"2024-02-12T07:07:06+00:00","dateModified":"2024-08-26T05:43:16+00:00","description":"Entdecken Sie in unserem Online-Shop Skywalker OG Wax, das hochwertige Produkte zum Verkauf anbietet. Kaufen Sie Skywalker OG Wax sicher online und beginnen Sie Ihre Recherche voller Zuversicht.","breadcrumb":{"@id":"https:\/\/kaufengras.com\/product\/skywalker-og-wax\/#breadcrumb"},"inLanguage":"fr-FR","potentialAction":[{"@type":"ReadAction","target":["https:\/\/kaufengras.com\/product\/skywalker-og-wax\/"]}]},{"@type":"ImageObject","inLanguage":"fr-FR","@id":"https:\/\/kaufengras.com\/product\/skywalker-og-wax\/#primaryimage","url":"https:\/\/kaufengras.com\/wp-content\/uploads\/2024\/02\/Skywalker-OG-Wax-1.jpg","contentUrl":"https:\/\/kaufengras.com\/wp-content\/uploads\/2024\/02\/Skywalker-OG-Wax-1.jpg","width":600,"height":600,"caption":"Kaufen Skywalker-OG-Wax Online"},{"@type":"BreadcrumbList","@id":"https:\/\/kaufengras.com\/product\/skywalker-og-wax\/#breadcrumb","itemListElement":[{"@type":"ListItem","position":1,"name":"Home","item":"https:\/\/kaufengras.com\/"},{"@type":"ListItem","position":2,"name":"Shop","item":"https:\/\/kaufengras.com\/shop\/"},{"@type":"ListItem","position":3,"name":"Skywalker OG Wax"}]},{"@type":"WebSite","@id":"https:\/\/kaufengras.com\/#website","url":"https:\/\/kaufengras.com\/","name":"Kaufen Gras","description":"Gras Online Kaufen","publisher":{"@id":"https:\/\/kaufengras.com\/#organization"},"potentialAction":[{"@type":"SearchAction","target":{"@type":"EntryPoint","urlTemplate":"https:\/\/kaufengras.com\/?s={search_term_string}"},"query-input":{"@type":"PropertyValueSpecification","valueRequired":true,"valueName":"search_term_string"}}],"inLanguage":"fr-FR"},{"@type":"Organization","@id":"https:\/\/kaufengras.com\/#organization","name":"Kaufen Gras","url":"https:\/\/kaufengras.com\/","logo":{"@type":"ImageObject","inLanguage":"fr-FR","@id":"https:\/\/kaufengras.com\/#\/schema\/logo\/image\/","url":"https:\/\/kaufengras.com\/wp-content\/uploads\/2024\/02\/logo.png","contentUrl":"https:\/\/kaufengras.com\/wp-content\/uploads\/2024\/02\/logo.png","width":250,"height":71,"caption":"Kaufen Gras"},"image":{"@id":"https:\/\/kaufengras.com\/#\/schema\/logo\/image\/"}}]}},"_links":{"self":[{"href":"https:\/\/kaufengras.com\/fr\/wp-json\/wp\/v2\/product\/167","targetHints":{"allow":["GET"]}}],"collection":[{"href":"https:\/\/kaufengras.com\/fr\/wp-json\/wp\/v2\/product"}],"about":[{"href":"https:\/\/kaufengras.com\/fr\/wp-json\/wp\/v2\/types\/product"}],"replies":[{"embeddable":true,"href":"https:\/\/kaufengras.com\/fr\/wp-json\/wp\/v2\/comments?post=167"}],"wp:featuredmedia":[{"embeddable":true,"href":"https:\/\/kaufengras.com\/fr\/wp-json\/wp\/v2\/media\/8992"}],"wp:attachment":[{"href":"https:\/\/kaufengras.com\/fr\/wp-json\/wp\/v2\/media?parent=167"}],"wp:term":[{"taxonomy":"product_cat","embeddable":true,"href":"https:\/\/kaufengras.com\/fr\/wp-json\/wp\/v2\/product_cat?post=167"},{"taxonomy":"product_tag","embeddable":true,"href":"https:\/\/kaufengras.com\/fr\/wp-json\/wp\/v2\/product_tag?post=167"}],"curies":[{"name":"wp","href":"https:\/\/api.w.org\/{rel}","templated":true}]}}