{"id":130,"date":"2024-02-12T07:06:56","date_gmt":"2024-02-12T07:06:56","guid":{"rendered":"https:\/\/nembutalhouse.com\/gras\/?post_type=product&#038;p=130"},"modified":"2024-08-26T05:45:28","modified_gmt":"2024-08-26T05:45:28","slug":"og-kush-cannabis-oil","status":"publish","type":"product","link":"https:\/\/kaufengras.com\/fr\/product\/huile-de-cannabis-og-kush\/","title":{"rendered":"Huile de cannabis OG Kush"},"content":{"rendered":"<h2>Acheter de l'huile de cannabis OG Kush en ligne<\/h2>\n<h3>Am\u00e9liorez votre exp\u00e9rience avec l'huile de cannabis OG Kush de KaufenGras<\/h3>\n<p>Chez KaufenGras, nous sommes fiers d'offrir des produits de cannabis de premi\u00e8re qualit\u00e9, dont la c\u00e9l\u00e8bre huile de cannabis OG Kush. Si vous souhaitez acheter de l'huile de cannabis OG Kush en ligne, vous \u00eates au bon endroit. Notre magasin est votre guichet unique pour tous vos besoins en cannabis et nous sommes l\u00e0 pour nous assurer que vous viviez une exp\u00e9rience exceptionnelle \u00e0 chaque \u00e9tape.<\/p>\n<h3>D\u00e9couvrez la puissance de l'huile de cannabis OG Kush<\/h3>\n<p><a href=\"https:\/\/kaufengras.com\/fr\/product\/huile-de-cannabis-og-kush\/\">Huile de cannabis OG Kush<\/a> est connue pour ses effets puissants et son profil de go\u00fbt unique. Notre huile de cannabis est produite \u00e0 partir de la meilleure vari\u00e9t\u00e9 d'OG Kush et offre une exp\u00e9rience douce et savoureuse \u00e0 chaque dose. Que vous cherchiez \u00e0 vous d\u00e9tendre apr\u00e8s une longue journ\u00e9e ou \u00e0 vous relaxer avec des amis, l'huile de cannabis OG Kush offre un \u00e9quilibre parfait entre euphorie et relaxation.<\/p>\n<h3>Commandez l'huile de cannabis OG Kush en toute confiance<\/h3>\n<p>Lorsque vous commandez de l'huile de cannabis OG Kush sur KaufenGras, vous pouvez \u00eatre s\u00fbr de recevoir un produit de la plus haute qualit\u00e9. Nos huiles sont soigneusement produites \u00e0 l'aide de m\u00e9thodes d'extraction de pointe afin de garantir une efficacit\u00e9 et une puret\u00e9 maximales. De plus, nous effectuons des envois discrets et s\u00e9curis\u00e9s, ce qui vous permet de profiter de votre huile de cannabis en toute tranquillit\u00e9.<\/p>\n<h3>O\u00f9 acheter l\u00e9galement de l'huile de cannabis OG Kush ?<\/h3>\n<p>Vous vous demandez o\u00f9 vous pouvez acheter l\u00e9galement de l'huile de cannabis OG Kush ? Alors vous \u00eates \u00e0 la bonne adresse chez KaufenGras. Nous respectons toutes les lois et r\u00e9glementations locales et nous nous assurons ainsi que vous pouvez acheter et profiter de nos produits en toute tranquillit\u00e9. Dans notre boutique d'huile de cannabis OG Kush, vous pouvez facilement parcourir notre s\u00e9lection, passer une commande et vous faire livrer votre huile de cannabis OG Kush directement \u00e0 votre porte.<\/p>\n<h3>Faites l'exp\u00e9rience d'une qualit\u00e9 et d'un service in\u00e9gal\u00e9s chez KaufenGras<\/h3>\n<p>Chez KaufenGras, nous mettons un point d'honneur \u00e0 offrir \u00e0 nos clients la meilleure exp\u00e9rience possible. De nos produits haut de gamme \u00e0 notre service client\u00e8le exceptionnel, nous faisons tout pour garantir votre satisfaction. Alors pourquoi attendre ? Commandez d\u00e8s aujourd'hui l'huile de cannabis OG Kush sur KaufenGras et portez votre exp\u00e9rience du cannabis \u00e0 un niveau sup\u00e9rieur.<\/p>","protected":false},"excerpt":{"rendered":"<p>Acheter de l'huile de cannabis OG Kush en ligne Am\u00e9liorez votre exp\u00e9rience avec l'huile de cannabis OG Kush de KaufenGras Chez KaufenGras, nous sommes fiers d'offrir des produits de cannabis de premi\u00e8re qualit\u00e9, dont la c\u00e9l\u00e8bre huile de cannabis OG Kush. Si vous souhaitez acheter de l'huile de cannabis OG Kush en ligne, vous \u00eates au bon endroit. Notre magasin est votre guichet unique pour tous vos besoins en cannabis et nous [...].<\/p>","protected":false},"featured_media":8989,"comment_status":"open","ping_status":"closed","template":"","meta":{"inline_featured_image":false,"_joinchat":[]},"product_cat":[20],"product_tag":[],"class_list":{"0":"post-130","1":"product","2":"type-product","3":"status-publish","4":"has-post-thumbnail","6":"product_cat-cannabis-ole","8":"first","9":"outofstock","10":"shipping-taxable","11":"product-type-variable"},"yoast_head":"<!-- This site is optimized with the Yoast SEO plugin v23.5 - https:\/\/yoast.com\/wordpress\/plugins\/seo\/ -->\n<title>Kaufen OG Kush Cannabis\u00f6l online \u2013 OG Kush Cannabis\u00f6l zum Verkauf<\/title>\n<meta name=\"description\" content=\"Bei Kaufen Gras k\u00f6nnen Sie OG Kush Cannabis\u00f6l g\u00fcnstig kaufen. Hier k\u00f6nnen Sie hochwertiges OG Kush Cannabis\u00f6l jetzt online in unserem Shop mit schnellem und sicherem Versandservice kaufen. Jetzt bestellen!\" \/>\n<meta name=\"robots\" content=\"index, follow, max-snippet:-1, max-image-preview:large, max-video-preview:-1\" \/>\n<link rel=\"canonical\" href=\"https:\/\/kaufengras.com\/fr\/product\/huile-de-cannabis-og-kush\/\" \/>\n<meta property=\"og:locale\" content=\"fr_FR\" \/>\n<meta property=\"og:type\" content=\"article\" \/>\n<meta property=\"og:title\" content=\"Kaufen OG Kush Cannabis\u00f6l online \u2013 OG Kush Cannabis\u00f6l zum Verkauf\" \/>\n<meta property=\"og:description\" content=\"Bei Kaufen Gras k\u00f6nnen Sie OG Kush Cannabis\u00f6l g\u00fcnstig kaufen. Hier k\u00f6nnen Sie hochwertiges OG Kush Cannabis\u00f6l jetzt online in unserem Shop mit schnellem und sicherem Versandservice kaufen. Jetzt bestellen!\" \/>\n<meta property=\"og:url\" content=\"https:\/\/kaufengras.com\/fr\/product\/huile-de-cannabis-og-kush\/\" \/>\n<meta property=\"og:site_name\" content=\"Kaufen Gras\" \/>\n<meta property=\"article:modified_time\" content=\"2024-08-26T05:45:28+00:00\" \/>\n<meta property=\"og:image\" content=\"https:\/\/kaufengras.com\/wp-content\/uploads\/2024\/02\/OG-Kush-Cannabis-Oil-1.jpg\" \/>\n\t<meta property=\"og:image:width\" content=\"600\" \/>\n\t<meta property=\"og:image:height\" content=\"600\" \/>\n\t<meta property=\"og:image:type\" content=\"image\/jpeg\" \/>\n<meta name=\"twitter:card\" content=\"summary_large_image\" \/>\n<meta name=\"twitter:label1\" content=\"Dur\u00e9e de lecture estim\u00e9e\" \/>\n\t<meta name=\"twitter:data1\" content=\"2 minutes\" \/>\n<script type=\"application\/ld+json\" class=\"yoast-schema-graph\">{\"@context\":\"https:\/\/schema.org\",\"@graph\":[{\"@type\":\"WebPage\",\"@id\":\"https:\/\/kaufengras.com\/product\/og-kush-cannabis-oil\/\",\"url\":\"https:\/\/kaufengras.com\/product\/og-kush-cannabis-oil\/\",\"name\":\"Kaufen OG Kush Cannabis\u00f6l online \u2013 OG Kush Cannabis\u00f6l zum Verkauf\",\"isPartOf\":{\"@id\":\"https:\/\/kaufengras.com\/#website\"},\"primaryImageOfPage\":{\"@id\":\"https:\/\/kaufengras.com\/product\/og-kush-cannabis-oil\/#primaryimage\"},\"image\":{\"@id\":\"https:\/\/kaufengras.com\/product\/og-kush-cannabis-oil\/#primaryimage\"},\"thumbnailUrl\":\"https:\/\/kaufengras.com\/wp-content\/uploads\/2024\/02\/OG-Kush-Cannabis-Oil-1.jpg\",\"datePublished\":\"2024-02-12T07:06:56+00:00\",\"dateModified\":\"2024-08-26T05:45:28+00:00\",\"description\":\"Bei Kaufen Gras k\u00f6nnen Sie OG Kush Cannabis\u00f6l g\u00fcnstig kaufen. Hier k\u00f6nnen Sie hochwertiges OG Kush Cannabis\u00f6l jetzt online in unserem Shop mit schnellem und sicherem Versandservice kaufen. Jetzt bestellen!\",\"breadcrumb\":{\"@id\":\"https:\/\/kaufengras.com\/product\/og-kush-cannabis-oil\/#breadcrumb\"},\"inLanguage\":\"fr-FR\",\"potentialAction\":[{\"@type\":\"ReadAction\",\"target\":[\"https:\/\/kaufengras.com\/product\/og-kush-cannabis-oil\/\"]}]},{\"@type\":\"ImageObject\",\"inLanguage\":\"fr-FR\",\"@id\":\"https:\/\/kaufengras.com\/product\/og-kush-cannabis-oil\/#primaryimage\",\"url\":\"https:\/\/kaufengras.com\/wp-content\/uploads\/2024\/02\/OG-Kush-Cannabis-Oil-1.jpg\",\"contentUrl\":\"https:\/\/kaufengras.com\/wp-content\/uploads\/2024\/02\/OG-Kush-Cannabis-Oil-1.jpg\",\"width\":600,\"height\":600,\"caption\":\"Kaufen OG-Kush-Cannabis-Oil Online\"},{\"@type\":\"BreadcrumbList\",\"@id\":\"https:\/\/kaufengras.com\/product\/og-kush-cannabis-oil\/#breadcrumb\",\"itemListElement\":[{\"@type\":\"ListItem\",\"position\":1,\"name\":\"Home\",\"item\":\"https:\/\/kaufengras.com\/\"},{\"@type\":\"ListItem\",\"position\":2,\"name\":\"Shop\",\"item\":\"https:\/\/kaufengras.com\/shop\/\"},{\"@type\":\"ListItem\",\"position\":3,\"name\":\"OG Kush Cannabis Oil\"}]},{\"@type\":\"WebSite\",\"@id\":\"https:\/\/kaufengras.com\/#website\",\"url\":\"https:\/\/kaufengras.com\/\",\"name\":\"Kaufen Gras\",\"description\":\"Gras Online Kaufen\",\"publisher\":{\"@id\":\"https:\/\/kaufengras.com\/#organization\"},\"potentialAction\":[{\"@type\":\"SearchAction\",\"target\":{\"@type\":\"EntryPoint\",\"urlTemplate\":\"https:\/\/kaufengras.com\/?s={search_term_string}\"},\"query-input\":{\"@type\":\"PropertyValueSpecification\",\"valueRequired\":true,\"valueName\":\"search_term_string\"}}],\"inLanguage\":\"fr-FR\"},{\"@type\":\"Organization\",\"@id\":\"https:\/\/kaufengras.com\/#organization\",\"name\":\"Kaufen Gras\",\"url\":\"https:\/\/kaufengras.com\/\",\"logo\":{\"@type\":\"ImageObject\",\"inLanguage\":\"fr-FR\",\"@id\":\"https:\/\/kaufengras.com\/#\/schema\/logo\/image\/\",\"url\":\"https:\/\/kaufengras.com\/wp-content\/uploads\/2024\/02\/logo.png\",\"contentUrl\":\"https:\/\/kaufengras.com\/wp-content\/uploads\/2024\/02\/logo.png\",\"width\":250,\"height\":71,\"caption\":\"Kaufen Gras\"},\"image\":{\"@id\":\"https:\/\/kaufengras.com\/#\/schema\/logo\/image\/\"}}]}<\/script>\n<!-- \/ Yoast SEO plugin. -->","yoast_head_json":{"title":"Kaufen OG Kush Cannabis\u00f6l online \u2013 OG Kush Cannabis\u00f6l zum Verkauf","description":"Bei Kaufen Gras k\u00f6nnen Sie OG Kush Cannabis\u00f6l g\u00fcnstig kaufen. Hier k\u00f6nnen Sie hochwertiges OG Kush Cannabis\u00f6l jetzt online in unserem Shop mit schnellem und sicherem Versandservice kaufen. Jetzt bestellen!","robots":{"index":"index","follow":"follow","max-snippet":"max-snippet:-1","max-image-preview":"max-image-preview:large","max-video-preview":"max-video-preview:-1"},"canonical":"https:\/\/kaufengras.com\/fr\/product\/huile-de-cannabis-og-kush\/","og_locale":"fr_FR","og_type":"article","og_title":"Kaufen OG Kush Cannabis\u00f6l online \u2013 OG Kush Cannabis\u00f6l zum Verkauf","og_description":"Bei Kaufen Gras k\u00f6nnen Sie OG Kush Cannabis\u00f6l g\u00fcnstig kaufen. Hier k\u00f6nnen Sie hochwertiges OG Kush Cannabis\u00f6l jetzt online in unserem Shop mit schnellem und sicherem Versandservice kaufen. Jetzt bestellen!","og_url":"https:\/\/kaufengras.com\/fr\/product\/huile-de-cannabis-og-kush\/","og_site_name":"Kaufen Gras","article_modified_time":"2024-08-26T05:45:28+00:00","og_image":[{"width":600,"height":600,"url":"https:\/\/kaufengras.com\/wp-content\/uploads\/2024\/02\/OG-Kush-Cannabis-Oil-1.jpg","type":"image\/jpeg"}],"twitter_card":"summary_large_image","twitter_misc":{"Dur\u00e9e de lecture estim\u00e9e":"2 minutes"},"schema":{"@context":"https:\/\/schema.org","@graph":[{"@type":"WebPage","@id":"https:\/\/kaufengras.com\/product\/og-kush-cannabis-oil\/","url":"https:\/\/kaufengras.com\/product\/og-kush-cannabis-oil\/","name":"Kaufen OG Kush Cannabis\u00f6l online \u2013 OG Kush Cannabis\u00f6l zum Verkauf","isPartOf":{"@id":"https:\/\/kaufengras.com\/#website"},"primaryImageOfPage":{"@id":"https:\/\/kaufengras.com\/product\/og-kush-cannabis-oil\/#primaryimage"},"image":{"@id":"https:\/\/kaufengras.com\/product\/og-kush-cannabis-oil\/#primaryimage"},"thumbnailUrl":"https:\/\/kaufengras.com\/wp-content\/uploads\/2024\/02\/OG-Kush-Cannabis-Oil-1.jpg","datePublished":"2024-02-12T07:06:56+00:00","dateModified":"2024-08-26T05:45:28+00:00","description":"Bei Kaufen Gras k\u00f6nnen Sie OG Kush Cannabis\u00f6l g\u00fcnstig kaufen. Hier k\u00f6nnen Sie hochwertiges OG Kush Cannabis\u00f6l jetzt online in unserem Shop mit schnellem und sicherem Versandservice kaufen. Jetzt bestellen!","breadcrumb":{"@id":"https:\/\/kaufengras.com\/product\/og-kush-cannabis-oil\/#breadcrumb"},"inLanguage":"fr-FR","potentialAction":[{"@type":"ReadAction","target":["https:\/\/kaufengras.com\/product\/og-kush-cannabis-oil\/"]}]},{"@type":"ImageObject","inLanguage":"fr-FR","@id":"https:\/\/kaufengras.com\/product\/og-kush-cannabis-oil\/#primaryimage","url":"https:\/\/kaufengras.com\/wp-content\/uploads\/2024\/02\/OG-Kush-Cannabis-Oil-1.jpg","contentUrl":"https:\/\/kaufengras.com\/wp-content\/uploads\/2024\/02\/OG-Kush-Cannabis-Oil-1.jpg","width":600,"height":600,"caption":"Kaufen OG-Kush-Cannabis-Oil Online"},{"@type":"BreadcrumbList","@id":"https:\/\/kaufengras.com\/product\/og-kush-cannabis-oil\/#breadcrumb","itemListElement":[{"@type":"ListItem","position":1,"name":"Home","item":"https:\/\/kaufengras.com\/"},{"@type":"ListItem","position":2,"name":"Shop","item":"https:\/\/kaufengras.com\/shop\/"},{"@type":"ListItem","position":3,"name":"OG Kush Cannabis Oil"}]},{"@type":"WebSite","@id":"https:\/\/kaufengras.com\/#website","url":"https:\/\/kaufengras.com\/","name":"Kaufen Gras","description":"Gras Online Kaufen","publisher":{"@id":"https:\/\/kaufengras.com\/#organization"},"potentialAction":[{"@type":"SearchAction","target":{"@type":"EntryPoint","urlTemplate":"https:\/\/kaufengras.com\/?s={search_term_string}"},"query-input":{"@type":"PropertyValueSpecification","valueRequired":true,"valueName":"search_term_string"}}],"inLanguage":"fr-FR"},{"@type":"Organization","@id":"https:\/\/kaufengras.com\/#organization","name":"Kaufen Gras","url":"https:\/\/kaufengras.com\/","logo":{"@type":"ImageObject","inLanguage":"fr-FR","@id":"https:\/\/kaufengras.com\/#\/schema\/logo\/image\/","url":"https:\/\/kaufengras.com\/wp-content\/uploads\/2024\/02\/logo.png","contentUrl":"https:\/\/kaufengras.com\/wp-content\/uploads\/2024\/02\/logo.png","width":250,"height":71,"caption":"Kaufen Gras"},"image":{"@id":"https:\/\/kaufengras.com\/#\/schema\/logo\/image\/"}}]}},"_links":{"self":[{"href":"https:\/\/kaufengras.com\/fr\/wp-json\/wp\/v2\/product\/130","targetHints":{"allow":["GET"]}}],"collection":[{"href":"https:\/\/kaufengras.com\/fr\/wp-json\/wp\/v2\/product"}],"about":[{"href":"https:\/\/kaufengras.com\/fr\/wp-json\/wp\/v2\/types\/product"}],"replies":[{"embeddable":true,"href":"https:\/\/kaufengras.com\/fr\/wp-json\/wp\/v2\/comments?post=130"}],"wp:featuredmedia":[{"embeddable":true,"href":"https:\/\/kaufengras.com\/fr\/wp-json\/wp\/v2\/media\/8989"}],"wp:attachment":[{"href":"https:\/\/kaufengras.com\/fr\/wp-json\/wp\/v2\/media?parent=130"}],"wp:term":[{"taxonomy":"product_cat","embeddable":true,"href":"https:\/\/kaufengras.com\/fr\/wp-json\/wp\/v2\/product_cat?post=130"},{"taxonomy":"product_tag","embeddable":true,"href":"https:\/\/kaufengras.com\/fr\/wp-json\/wp\/v2\/product_tag?post=130"}],"curies":[{"name":"wp","href":"https:\/\/api.w.org\/{rel}","templated":true}]}}