{"id":122,"date":"2024-02-12T07:06:55","date_gmt":"2024-02-12T07:06:55","guid":{"rendered":"https:\/\/nembutalhouse.com\/gras\/?post_type=product&#038;p=122"},"modified":"2024-08-26T05:56:49","modified_gmt":"2024-08-26T05:56:49","slug":"ak-48-hashish","status":"publish","type":"product","link":"https:\/\/kaufengras.com\/fr\/product\/ak-48-hashish\/","title":{"rendered":"Ak-48-Hashish"},"content":{"rendered":"<h2>Acheter Ak-48-Hashish en ligne<\/h2>\n<h3>Am\u00e9liorez votre exp\u00e9rience avec le haschisch AK-48 premium de AcheterGras : votre destination de confiance pour le cannabis<\/h3>\n<p>AcheterGras est votre point de vente unique pour le meilleur haschisch AK-48 disponible en ligne. Nous sommes fiers d'offrir une large gamme de produits de cannabis de qualit\u00e9, dont le l\u00e9gendaire haschisch AK-48. Que vous soyez un connaisseur exp\u00e9riment\u00e9 ou un novice dans le monde du cannabis, vous trouverez chez nous des produits de premi\u00e8re qualit\u00e9 et un excellent service.<\/p>\n<h3>Une qualit\u00e9 et une efficacit\u00e9 in\u00e9gal\u00e9es<\/h3>\n<p>Chez AcheterGras, nous nous approvisionnons <a href=\"https:\/\/kaufengras.com\/fr\/product\/ak-48-hashish\/\">Haschisch AK-48<\/a> de cultivateurs de confiance qui attachent de l'importance \u00e0 la qualit\u00e9 et \u00e0 l'efficacit\u00e9. Notre haschisch est produit \u00e0 partir de vari\u00e9t\u00e9s AK-48 de premi\u00e8re qualit\u00e9, r\u00e9put\u00e9es pour leurs effets puissants et leur profil de go\u00fbt prononc\u00e9. Chaque lot est trait\u00e9 avec soin afin de garantir une puret\u00e9 et une efficacit\u00e9 maximales et de fournir \u00e0 chaque fois un produit vraiment exceptionnel.<\/p>\n<h3>Achetez du haschisch AK-48 en ligne en toute confiance<\/h3>\n<p>Vous voulez acheter du haschisch AK-48 en ligne ? Vous \u00eates \u00e0 la bonne adresse sur KaufenGras. En quelques clics seulement, vous pouvez parcourir notre vaste s\u00e9lection de produits de haschisch AK-48 et les faire livrer discr\u00e8tement \u00e0 votre porte. Gr\u00e2ce \u00e0 notre syst\u00e8me de commande en ligne s\u00e9curis\u00e9, vous pouvez acheter vos produits de cannabis pr\u00e9f\u00e9r\u00e9s facilement et confortablement depuis chez vous.<\/p>\n<h3>O\u00f9 acheter du haschisch AK-48 : AcheterGras<\/h3>\n<p>Lorsqu'il s'agit de trouver le meilleur haschisch AK-48 \u00e0 vendre, AcheterGras est votre interlocuteur ultime. Notre engagement envers la qualit\u00e9, la satisfaction du client et des prix comp\u00e9titifs nous distinguent en tant que boutique en ligne leader sur le march\u00e9 du haschisch AK-48. Que vous soyez en France ou n'importe o\u00f9 dans le monde, vous pouvez faire confiance \u00e0 KaufenGras pour tous vos besoins en cannabis.<\/p>\n<h3>Commandez du haschisch AK-48 l\u00e9galement<\/h3>\n<p>Chez AcheterDeL'Herbe, nous agissons en totale conformit\u00e9 avec toutes les dispositions l\u00e9gales relatives \u00e0 la vente et \u00e0 la distribution de produits \u00e0 base de cannabis. Lorsque vous achetez du haschisch AK-48 chez nous, vous pouvez \u00eatre s\u00fbr que vous achetez un produit l\u00e9gal et s\u00fbr aupr\u00e8s d'une source r\u00e9put\u00e9e.<\/p>\n<h3>D\u00e9couvrez la diff\u00e9rence KaufenGras<\/h3>\n<p>D\u00e9couvrez d\u00e8s aujourd'hui la qualit\u00e9 et l'efficacit\u00e9 incomparables du haschisch AK-48 sur KaufenGras. Gr\u00e2ce \u00e0 notre vaste choix, \u00e0 la commodit\u00e9 de la commande en ligne et \u00e0 notre engagement envers la satisfaction du client, nous sommes convaincus que vous appr\u00e9cierez notre offre. Faites vos achats chez nous d\u00e8s aujourd'hui et d\u00e9couvrez la diff\u00e9rence par vous-m\u00eame.<\/p>","protected":false},"excerpt":{"rendered":"<p>Acheter du haschisch Ak-48 en ligne Am\u00e9liorez votre exp\u00e9rience avec le haschisch AK-48 premium de KaufenGras : votre destination cannabis de confiance KaufenGras est votre point central pour le meilleur haschisch AK-48 disponible en ligne. Nous sommes fiers d'offrir une large gamme de produits de cannabis de qualit\u00e9, dont le l\u00e9gendaire haschisch AK-48. Que vous soyez un connaisseur chevronn\u00e9 ou un novice dans le monde du [...].<\/p>","protected":false},"featured_media":8981,"comment_status":"open","ping_status":"closed","template":"","meta":{"inline_featured_image":false,"_joinchat":[]},"product_cat":[18,19],"product_tag":[],"class_list":{"0":"post-122","1":"product","2":"type-product","3":"status-publish","4":"has-post-thumbnail","6":"product_cat-haschisch","7":"product_cat-hash","9":"first","10":"instock","11":"featured","12":"shipping-taxable","13":"purchasable","14":"product-type-variable"},"yoast_head":"<!-- This site is optimized with the Yoast SEO plugin v23.5 - https:\/\/yoast.com\/wordpress\/plugins\/seo\/ -->\n<title>Ak-48-Haschisch online kaufen - Ak-48-Haschisch zu verkaufen<\/title>\n<meta name=\"description\" content=\"Wenn Sie Ak-48-Hashish aus unserem Shop noch nicht probiert haben, dann verpassen Sie viel. Wir helfen Ihnen, Ak-48-Hashish online zu g\u00fcnstigen Preisen zu kaufen. Kaufen Sie Ak-48-Hashish noch heute!\" \/>\n<meta name=\"robots\" content=\"index, follow, max-snippet:-1, max-image-preview:large, max-video-preview:-1\" \/>\n<link rel=\"canonical\" href=\"https:\/\/kaufengras.com\/fr\/product\/ak-48-hashish\/\" \/>\n<meta property=\"og:locale\" content=\"fr_FR\" \/>\n<meta property=\"og:type\" content=\"article\" \/>\n<meta property=\"og:title\" content=\"Ak-48-Haschisch online kaufen - Ak-48-Haschisch zu verkaufen\" \/>\n<meta property=\"og:description\" content=\"Wenn Sie Ak-48-Hashish aus unserem Shop noch nicht probiert haben, dann verpassen Sie viel. Wir helfen Ihnen, Ak-48-Hashish online zu g\u00fcnstigen Preisen zu kaufen. Kaufen Sie Ak-48-Hashish noch heute!\" \/>\n<meta property=\"og:url\" content=\"https:\/\/kaufengras.com\/fr\/product\/ak-48-hashish\/\" \/>\n<meta property=\"og:site_name\" content=\"Kaufen Gras\" \/>\n<meta property=\"article:modified_time\" content=\"2024-08-26T05:56:49+00:00\" \/>\n<meta property=\"og:image\" content=\"https:\/\/kaufengras.com\/wp-content\/uploads\/2024\/02\/Ak-48.jpg\" \/>\n\t<meta property=\"og:image:width\" content=\"600\" \/>\n\t<meta property=\"og:image:height\" content=\"600\" \/>\n\t<meta property=\"og:image:type\" content=\"image\/jpeg\" \/>\n<meta name=\"twitter:card\" content=\"summary_large_image\" \/>\n<meta name=\"twitter:label1\" content=\"Dur\u00e9e de lecture estim\u00e9e\" \/>\n\t<meta name=\"twitter:data1\" content=\"2 minutes\" \/>\n<script type=\"application\/ld+json\" class=\"yoast-schema-graph\">{\"@context\":\"https:\/\/schema.org\",\"@graph\":[{\"@type\":\"WebPage\",\"@id\":\"https:\/\/kaufengras.com\/product\/ak-48-hashish\/\",\"url\":\"https:\/\/kaufengras.com\/product\/ak-48-hashish\/\",\"name\":\"Ak-48-Haschisch online kaufen - Ak-48-Haschisch zu verkaufen\",\"isPartOf\":{\"@id\":\"https:\/\/kaufengras.com\/#website\"},\"primaryImageOfPage\":{\"@id\":\"https:\/\/kaufengras.com\/product\/ak-48-hashish\/#primaryimage\"},\"image\":{\"@id\":\"https:\/\/kaufengras.com\/product\/ak-48-hashish\/#primaryimage\"},\"thumbnailUrl\":\"https:\/\/kaufengras.com\/wp-content\/uploads\/2024\/02\/Ak-48.jpg\",\"datePublished\":\"2024-02-12T07:06:55+00:00\",\"dateModified\":\"2024-08-26T05:56:49+00:00\",\"description\":\"Wenn Sie Ak-48-Hashish aus unserem Shop noch nicht probiert haben, dann verpassen Sie viel. Wir helfen Ihnen, Ak-48-Hashish online zu g\u00fcnstigen Preisen zu kaufen. Kaufen Sie Ak-48-Hashish noch heute!\",\"breadcrumb\":{\"@id\":\"https:\/\/kaufengras.com\/product\/ak-48-hashish\/#breadcrumb\"},\"inLanguage\":\"fr-FR\",\"potentialAction\":[{\"@type\":\"ReadAction\",\"target\":[\"https:\/\/kaufengras.com\/product\/ak-48-hashish\/\"]}]},{\"@type\":\"ImageObject\",\"inLanguage\":\"fr-FR\",\"@id\":\"https:\/\/kaufengras.com\/product\/ak-48-hashish\/#primaryimage\",\"url\":\"https:\/\/kaufengras.com\/wp-content\/uploads\/2024\/02\/Ak-48.jpg\",\"contentUrl\":\"https:\/\/kaufengras.com\/wp-content\/uploads\/2024\/02\/Ak-48.jpg\",\"width\":600,\"height\":600,\"caption\":\"Kaufen Ak-48 Online\"},{\"@type\":\"BreadcrumbList\",\"@id\":\"https:\/\/kaufengras.com\/product\/ak-48-hashish\/#breadcrumb\",\"itemListElement\":[{\"@type\":\"ListItem\",\"position\":1,\"name\":\"Home\",\"item\":\"https:\/\/kaufengras.com\/\"},{\"@type\":\"ListItem\",\"position\":2,\"name\":\"Shop\",\"item\":\"https:\/\/kaufengras.com\/shop\/\"},{\"@type\":\"ListItem\",\"position\":3,\"name\":\"Ak-48-Hashish\"}]},{\"@type\":\"WebSite\",\"@id\":\"https:\/\/kaufengras.com\/#website\",\"url\":\"https:\/\/kaufengras.com\/\",\"name\":\"Kaufen Gras\",\"description\":\"Gras Online Kaufen\",\"publisher\":{\"@id\":\"https:\/\/kaufengras.com\/#organization\"},\"potentialAction\":[{\"@type\":\"SearchAction\",\"target\":{\"@type\":\"EntryPoint\",\"urlTemplate\":\"https:\/\/kaufengras.com\/?s={search_term_string}\"},\"query-input\":{\"@type\":\"PropertyValueSpecification\",\"valueRequired\":true,\"valueName\":\"search_term_string\"}}],\"inLanguage\":\"fr-FR\"},{\"@type\":\"Organization\",\"@id\":\"https:\/\/kaufengras.com\/#organization\",\"name\":\"Kaufen Gras\",\"url\":\"https:\/\/kaufengras.com\/\",\"logo\":{\"@type\":\"ImageObject\",\"inLanguage\":\"fr-FR\",\"@id\":\"https:\/\/kaufengras.com\/#\/schema\/logo\/image\/\",\"url\":\"https:\/\/kaufengras.com\/wp-content\/uploads\/2024\/02\/logo.png\",\"contentUrl\":\"https:\/\/kaufengras.com\/wp-content\/uploads\/2024\/02\/logo.png\",\"width\":250,\"height\":71,\"caption\":\"Kaufen Gras\"},\"image\":{\"@id\":\"https:\/\/kaufengras.com\/#\/schema\/logo\/image\/\"}}]}<\/script>\n<!-- \/ Yoast SEO plugin. -->","yoast_head_json":{"title":"Ak-48-Haschisch online kaufen - Ak-48-Haschisch zu verkaufen","description":"Wenn Sie Ak-48-Hashish aus unserem Shop noch nicht probiert haben, dann verpassen Sie viel. Wir helfen Ihnen, Ak-48-Hashish online zu g\u00fcnstigen Preisen zu kaufen. Kaufen Sie Ak-48-Hashish noch heute!","robots":{"index":"index","follow":"follow","max-snippet":"max-snippet:-1","max-image-preview":"max-image-preview:large","max-video-preview":"max-video-preview:-1"},"canonical":"https:\/\/kaufengras.com\/fr\/product\/ak-48-hashish\/","og_locale":"fr_FR","og_type":"article","og_title":"Ak-48-Haschisch online kaufen - Ak-48-Haschisch zu verkaufen","og_description":"Wenn Sie Ak-48-Hashish aus unserem Shop noch nicht probiert haben, dann verpassen Sie viel. Wir helfen Ihnen, Ak-48-Hashish online zu g\u00fcnstigen Preisen zu kaufen. Kaufen Sie Ak-48-Hashish noch heute!","og_url":"https:\/\/kaufengras.com\/fr\/product\/ak-48-hashish\/","og_site_name":"Kaufen Gras","article_modified_time":"2024-08-26T05:56:49+00:00","og_image":[{"width":600,"height":600,"url":"https:\/\/kaufengras.com\/wp-content\/uploads\/2024\/02\/Ak-48.jpg","type":"image\/jpeg"}],"twitter_card":"summary_large_image","twitter_misc":{"Dur\u00e9e de lecture estim\u00e9e":"2 minutes"},"schema":{"@context":"https:\/\/schema.org","@graph":[{"@type":"WebPage","@id":"https:\/\/kaufengras.com\/product\/ak-48-hashish\/","url":"https:\/\/kaufengras.com\/product\/ak-48-hashish\/","name":"Ak-48-Haschisch online kaufen - Ak-48-Haschisch zu verkaufen","isPartOf":{"@id":"https:\/\/kaufengras.com\/#website"},"primaryImageOfPage":{"@id":"https:\/\/kaufengras.com\/product\/ak-48-hashish\/#primaryimage"},"image":{"@id":"https:\/\/kaufengras.com\/product\/ak-48-hashish\/#primaryimage"},"thumbnailUrl":"https:\/\/kaufengras.com\/wp-content\/uploads\/2024\/02\/Ak-48.jpg","datePublished":"2024-02-12T07:06:55+00:00","dateModified":"2024-08-26T05:56:49+00:00","description":"Wenn Sie Ak-48-Hashish aus unserem Shop noch nicht probiert haben, dann verpassen Sie viel. Wir helfen Ihnen, Ak-48-Hashish online zu g\u00fcnstigen Preisen zu kaufen. Kaufen Sie Ak-48-Hashish noch heute!","breadcrumb":{"@id":"https:\/\/kaufengras.com\/product\/ak-48-hashish\/#breadcrumb"},"inLanguage":"fr-FR","potentialAction":[{"@type":"ReadAction","target":["https:\/\/kaufengras.com\/product\/ak-48-hashish\/"]}]},{"@type":"ImageObject","inLanguage":"fr-FR","@id":"https:\/\/kaufengras.com\/product\/ak-48-hashish\/#primaryimage","url":"https:\/\/kaufengras.com\/wp-content\/uploads\/2024\/02\/Ak-48.jpg","contentUrl":"https:\/\/kaufengras.com\/wp-content\/uploads\/2024\/02\/Ak-48.jpg","width":600,"height":600,"caption":"Kaufen Ak-48 Online"},{"@type":"BreadcrumbList","@id":"https:\/\/kaufengras.com\/product\/ak-48-hashish\/#breadcrumb","itemListElement":[{"@type":"ListItem","position":1,"name":"Home","item":"https:\/\/kaufengras.com\/"},{"@type":"ListItem","position":2,"name":"Shop","item":"https:\/\/kaufengras.com\/shop\/"},{"@type":"ListItem","position":3,"name":"Ak-48-Hashish"}]},{"@type":"WebSite","@id":"https:\/\/kaufengras.com\/#website","url":"https:\/\/kaufengras.com\/","name":"Kaufen Gras","description":"Gras Online Kaufen","publisher":{"@id":"https:\/\/kaufengras.com\/#organization"},"potentialAction":[{"@type":"SearchAction","target":{"@type":"EntryPoint","urlTemplate":"https:\/\/kaufengras.com\/?s={search_term_string}"},"query-input":{"@type":"PropertyValueSpecification","valueRequired":true,"valueName":"search_term_string"}}],"inLanguage":"fr-FR"},{"@type":"Organization","@id":"https:\/\/kaufengras.com\/#organization","name":"Kaufen Gras","url":"https:\/\/kaufengras.com\/","logo":{"@type":"ImageObject","inLanguage":"fr-FR","@id":"https:\/\/kaufengras.com\/#\/schema\/logo\/image\/","url":"https:\/\/kaufengras.com\/wp-content\/uploads\/2024\/02\/logo.png","contentUrl":"https:\/\/kaufengras.com\/wp-content\/uploads\/2024\/02\/logo.png","width":250,"height":71,"caption":"Kaufen Gras"},"image":{"@id":"https:\/\/kaufengras.com\/#\/schema\/logo\/image\/"}}]}},"_links":{"self":[{"href":"https:\/\/kaufengras.com\/fr\/wp-json\/wp\/v2\/product\/122","targetHints":{"allow":["GET"]}}],"collection":[{"href":"https:\/\/kaufengras.com\/fr\/wp-json\/wp\/v2\/product"}],"about":[{"href":"https:\/\/kaufengras.com\/fr\/wp-json\/wp\/v2\/types\/product"}],"replies":[{"embeddable":true,"href":"https:\/\/kaufengras.com\/fr\/wp-json\/wp\/v2\/comments?post=122"}],"wp:featuredmedia":[{"embeddable":true,"href":"https:\/\/kaufengras.com\/fr\/wp-json\/wp\/v2\/media\/8981"}],"wp:attachment":[{"href":"https:\/\/kaufengras.com\/fr\/wp-json\/wp\/v2\/media?parent=122"}],"wp:term":[{"taxonomy":"product_cat","embeddable":true,"href":"https:\/\/kaufengras.com\/fr\/wp-json\/wp\/v2\/product_cat?post=122"},{"taxonomy":"product_tag","embeddable":true,"href":"https:\/\/kaufengras.com\/fr\/wp-json\/wp\/v2\/product_tag?post=122"}],"curies":[{"name":"wp","href":"https:\/\/api.w.org\/{rel}","templated":true}]}}