{"id":42,"date":"2024-02-12T07:06:17","date_gmt":"2024-02-12T07:06:17","guid":{"rendered":"https:\/\/nembutalhouse.com\/gras\/?post_type=product&#038;p=42"},"modified":"2024-02-14T05:48:15","modified_gmt":"2024-02-14T05:48:15","slug":"banana-kush","status":"publish","type":"product","link":"https:\/\/kaufengras.com\/es\/product\/banana-kush\/","title":{"rendered":"Banana Kush"},"content":{"rendered":"<h2>Comprar Banana Kush en l\u00ednea<\/h2>\n<h3>Experimenta la felicidad pura con Premium Banana Kush - la mejor variedad de KaufenGras<\/h3>\n<p>Bienvenido a KaufenGras, su ventanilla \u00fanica para productos de cannabis de alta calidad. En KaufenGras, estamos orgullosos de ofrecer una amplia selecci\u00f3n de cepas de primera calidad, incluyendo la codiciada Banana Kush. Si buscas comprar Banana Kush online o te preguntas d\u00f3nde comprar Banana Kush legalmente, has llegado al lugar adecuado.<\/p>\n<h3>Descubre la excelencia de Banana Kush<\/h3>\n<p>Banana Kush es una variedad h\u00edbrida conocida por su perfil de sabor \u00fanico y sus potentes efectos. Nuestra Banana Kush a la venta se cultiva con cuidado para garantizar que cada cogollo est\u00e9 lleno de sabor y potencia. Tanto si eres un experimentado entusiasta del cannabis o un reci\u00e9n llegado al mundo del cannabis, Banana Kush promete llevar tu experiencia a un nuevo nivel.<\/p>\n<h3>Disfrute de la m\u00e1xima calidad<\/h3>\n<p>Cuando pides Banana Kush a KaufenGras, puedes estar seguro de que s\u00f3lo recibir\u00e1s un producto de la m\u00e1s alta calidad. Nuestro meticuloso proceso de cultivo, combinado con estrictas medidas de control de calidad, garantiza un producto que supera las expectativas. En cuanto abras el envase, te recibir\u00e1 el tentador aroma de la Banana Kush fresca.<\/p>\n<h3>D\u00f3nde comprar Banana Kush<\/h3>\n<p>\u00bfTe preguntas d\u00f3nde comprar Banana Kush? Entonces KaufenGras es el lugar adecuado para ti. Con nuestra tienda online de f\u00e1cil navegaci\u00f3n, comprar Banana Kush es r\u00e1pido y c\u00f3modo. Simplemente navega por nuestra selecci\u00f3n, haz tu pedido y nosotros nos encargaremos del resto. Tanto si est\u00e1s en el Reino Unido como en cualquier otra parte del mundo, nos aseguraremos de que tu Banana Kush llegue de forma segura y discreta.<\/p>\n<h3>Experimente una satisfacci\u00f3n sin igual<\/h3>\n<p>En KaufenGras, la satisfacci\u00f3n del cliente es nuestra m\u00e1xima prioridad. Desde nuestro sencillo proceso de pedido hasta nuestro r\u00e1pido y fiable servicio de entrega, nos esforzamos por superar sus expectativas en todo momento. \u00danase a los innumerables clientes satisfechos que han hecho de KaufenGras su fuente de productos de cannabis de primera calidad.<\/p>\n<p>\u00bfEst\u00e1s listo para experimentar los tentadores aromas y potentes efectos de Banana Kush? Haz tu pedido en KaufenGras hoy mismo y eleva tu experiencia cann\u00e1bica a un nuevo nivel. Con nuestro compromiso con la calidad y la satisfacci\u00f3n del cliente, puede confiar en que KaufenGras le ofrecer\u00e1 la excelencia en cada compra.<\/p>","protected":false},"excerpt":{"rendered":"<p>Comprar Banana Kush online Experimenta la felicidad en estado puro con Premium Banana Kush - la mejor variedad de KaufenGras Bienvenido a KaufenGras, tu tienda de productos de cannabis de alta calidad. En KaufenGras, estamos orgullosos de ofrecer una amplia selecci\u00f3n de cepas premium, incluyendo la codiciada Banana Kush. Si deseas comprar Banana Kush online o [...]<\/p>","protected":false},"featured_media":8955,"comment_status":"open","ping_status":"closed","template":"","meta":{"inline_featured_image":false,"_joinchat":[]},"product_cat":[17],"product_tag":[],"class_list":{"0":"post-42","1":"product","2":"type-product","3":"status-publish","4":"has-post-thumbnail","6":"product_cat-gras","8":"first","9":"instock","10":"featured","11":"shipping-taxable","12":"purchasable","13":"product-type-variable","14":"has-default-attributes"},"yoast_head":"<!-- This site is optimized with the Yoast SEO plugin v23.5 - https:\/\/yoast.com\/wordpress\/plugins\/seo\/ -->\n<title>Banana Kush - Kaufen Gras<\/title>\n<meta name=\"robots\" content=\"index, follow, max-snippet:-1, max-image-preview:large, max-video-preview:-1\" \/>\n<link rel=\"canonical\" href=\"https:\/\/kaufengras.com\/es\/product\/banana-kush\/\" \/>\n<meta property=\"og:locale\" content=\"es_ES\" \/>\n<meta property=\"og:type\" content=\"article\" \/>\n<meta property=\"og:title\" content=\"Banana Kush - Kaufen Gras\" \/>\n<meta property=\"og:description\" content=\"Banana Kush Online kaufen Erleben Sie pure Gl\u00fcckseligkeit mit Premium Banana Kush \u2013 der besten Sorte von KaufenGras Willkommen bei KaufenGras, Ihrer zentralen Anlaufstelle f\u00fcr hochwertige Cannabisprodukte. Bei KaufenGras sind wir stolz darauf, eine gro\u00dfe Auswahl an Premium-Sorten anbieten zu k\u00f6nnen, darunter auch die begehrte Banana Kush. Wenn Sie Banana Kush online kaufen m\u00f6chten oder [&hellip;]\" \/>\n<meta property=\"og:url\" content=\"https:\/\/kaufengras.com\/es\/product\/banana-kush\/\" \/>\n<meta property=\"og:site_name\" content=\"Kaufen Gras\" \/>\n<meta property=\"article:modified_time\" content=\"2024-02-14T05:48:15+00:00\" \/>\n<meta property=\"og:image\" content=\"https:\/\/kaufengras.com\/wp-content\/uploads\/2024\/02\/banana-kush-1.jpg\" \/>\n\t<meta property=\"og:image:width\" content=\"600\" \/>\n\t<meta property=\"og:image:height\" content=\"600\" \/>\n\t<meta property=\"og:image:type\" content=\"image\/jpeg\" \/>\n<meta name=\"twitter:card\" content=\"summary_large_image\" \/>\n<meta name=\"twitter:label1\" content=\"Tiempo de lectura\" \/>\n\t<meta name=\"twitter:data1\" content=\"2 minutos\" \/>\n<script type=\"application\/ld+json\" class=\"yoast-schema-graph\">{\"@context\":\"https:\/\/schema.org\",\"@graph\":[{\"@type\":\"WebPage\",\"@id\":\"https:\/\/kaufengras.com\/product\/banana-kush\/\",\"url\":\"https:\/\/kaufengras.com\/product\/banana-kush\/\",\"name\":\"Banana Kush - Kaufen Gras\",\"isPartOf\":{\"@id\":\"https:\/\/kaufengras.com\/#website\"},\"primaryImageOfPage\":{\"@id\":\"https:\/\/kaufengras.com\/product\/banana-kush\/#primaryimage\"},\"image\":{\"@id\":\"https:\/\/kaufengras.com\/product\/banana-kush\/#primaryimage\"},\"thumbnailUrl\":\"https:\/\/kaufengras.com\/wp-content\/uploads\/2024\/02\/banana-kush-1.jpg\",\"datePublished\":\"2024-02-12T07:06:17+00:00\",\"dateModified\":\"2024-02-14T05:48:15+00:00\",\"breadcrumb\":{\"@id\":\"https:\/\/kaufengras.com\/product\/banana-kush\/#breadcrumb\"},\"inLanguage\":\"es\",\"potentialAction\":[{\"@type\":\"ReadAction\",\"target\":[\"https:\/\/kaufengras.com\/product\/banana-kush\/\"]}]},{\"@type\":\"ImageObject\",\"inLanguage\":\"es\",\"@id\":\"https:\/\/kaufengras.com\/product\/banana-kush\/#primaryimage\",\"url\":\"https:\/\/kaufengras.com\/wp-content\/uploads\/2024\/02\/banana-kush-1.jpg\",\"contentUrl\":\"https:\/\/kaufengras.com\/wp-content\/uploads\/2024\/02\/banana-kush-1.jpg\",\"width\":600,\"height\":600,\"caption\":\"Kaufen banana-kush Online\"},{\"@type\":\"BreadcrumbList\",\"@id\":\"https:\/\/kaufengras.com\/product\/banana-kush\/#breadcrumb\",\"itemListElement\":[{\"@type\":\"ListItem\",\"position\":1,\"name\":\"Home\",\"item\":\"https:\/\/kaufengras.com\/\"},{\"@type\":\"ListItem\",\"position\":2,\"name\":\"Shop\",\"item\":\"https:\/\/kaufengras.com\/shop\/\"},{\"@type\":\"ListItem\",\"position\":3,\"name\":\"Banana Kush\"}]},{\"@type\":\"WebSite\",\"@id\":\"https:\/\/kaufengras.com\/#website\",\"url\":\"https:\/\/kaufengras.com\/\",\"name\":\"Kaufen Gras\",\"description\":\"Gras Online Kaufen\",\"publisher\":{\"@id\":\"https:\/\/kaufengras.com\/#organization\"},\"potentialAction\":[{\"@type\":\"SearchAction\",\"target\":{\"@type\":\"EntryPoint\",\"urlTemplate\":\"https:\/\/kaufengras.com\/?s={search_term_string}\"},\"query-input\":{\"@type\":\"PropertyValueSpecification\",\"valueRequired\":true,\"valueName\":\"search_term_string\"}}],\"inLanguage\":\"es\"},{\"@type\":\"Organization\",\"@id\":\"https:\/\/kaufengras.com\/#organization\",\"name\":\"Kaufen Gras\",\"url\":\"https:\/\/kaufengras.com\/\",\"logo\":{\"@type\":\"ImageObject\",\"inLanguage\":\"es\",\"@id\":\"https:\/\/kaufengras.com\/#\/schema\/logo\/image\/\",\"url\":\"https:\/\/kaufengras.com\/wp-content\/uploads\/2024\/02\/logo.png\",\"contentUrl\":\"https:\/\/kaufengras.com\/wp-content\/uploads\/2024\/02\/logo.png\",\"width\":250,\"height\":71,\"caption\":\"Kaufen Gras\"},\"image\":{\"@id\":\"https:\/\/kaufengras.com\/#\/schema\/logo\/image\/\"}}]}<\/script>\n<!-- \/ Yoast SEO plugin. -->","yoast_head_json":{"title":"Banana Kush - Kaufen Gras","robots":{"index":"index","follow":"follow","max-snippet":"max-snippet:-1","max-image-preview":"max-image-preview:large","max-video-preview":"max-video-preview:-1"},"canonical":"https:\/\/kaufengras.com\/es\/product\/banana-kush\/","og_locale":"es_ES","og_type":"article","og_title":"Banana Kush - Kaufen Gras","og_description":"Banana Kush Online kaufen Erleben Sie pure Gl\u00fcckseligkeit mit Premium Banana Kush \u2013 der besten Sorte von KaufenGras Willkommen bei KaufenGras, Ihrer zentralen Anlaufstelle f\u00fcr hochwertige Cannabisprodukte. Bei KaufenGras sind wir stolz darauf, eine gro\u00dfe Auswahl an Premium-Sorten anbieten zu k\u00f6nnen, darunter auch die begehrte Banana Kush. Wenn Sie Banana Kush online kaufen m\u00f6chten oder [&hellip;]","og_url":"https:\/\/kaufengras.com\/es\/product\/banana-kush\/","og_site_name":"Kaufen Gras","article_modified_time":"2024-02-14T05:48:15+00:00","og_image":[{"width":600,"height":600,"url":"https:\/\/kaufengras.com\/wp-content\/uploads\/2024\/02\/banana-kush-1.jpg","type":"image\/jpeg"}],"twitter_card":"summary_large_image","twitter_misc":{"Tiempo de lectura":"2 minutos"},"schema":{"@context":"https:\/\/schema.org","@graph":[{"@type":"WebPage","@id":"https:\/\/kaufengras.com\/product\/banana-kush\/","url":"https:\/\/kaufengras.com\/product\/banana-kush\/","name":"Banana Kush - Kaufen Gras","isPartOf":{"@id":"https:\/\/kaufengras.com\/#website"},"primaryImageOfPage":{"@id":"https:\/\/kaufengras.com\/product\/banana-kush\/#primaryimage"},"image":{"@id":"https:\/\/kaufengras.com\/product\/banana-kush\/#primaryimage"},"thumbnailUrl":"https:\/\/kaufengras.com\/wp-content\/uploads\/2024\/02\/banana-kush-1.jpg","datePublished":"2024-02-12T07:06:17+00:00","dateModified":"2024-02-14T05:48:15+00:00","breadcrumb":{"@id":"https:\/\/kaufengras.com\/product\/banana-kush\/#breadcrumb"},"inLanguage":"es","potentialAction":[{"@type":"ReadAction","target":["https:\/\/kaufengras.com\/product\/banana-kush\/"]}]},{"@type":"ImageObject","inLanguage":"es","@id":"https:\/\/kaufengras.com\/product\/banana-kush\/#primaryimage","url":"https:\/\/kaufengras.com\/wp-content\/uploads\/2024\/02\/banana-kush-1.jpg","contentUrl":"https:\/\/kaufengras.com\/wp-content\/uploads\/2024\/02\/banana-kush-1.jpg","width":600,"height":600,"caption":"Kaufen banana-kush Online"},{"@type":"BreadcrumbList","@id":"https:\/\/kaufengras.com\/product\/banana-kush\/#breadcrumb","itemListElement":[{"@type":"ListItem","position":1,"name":"Home","item":"https:\/\/kaufengras.com\/"},{"@type":"ListItem","position":2,"name":"Shop","item":"https:\/\/kaufengras.com\/shop\/"},{"@type":"ListItem","position":3,"name":"Banana Kush"}]},{"@type":"WebSite","@id":"https:\/\/kaufengras.com\/#website","url":"https:\/\/kaufengras.com\/","name":"Kaufen Gras","description":"Gras Online Kaufen","publisher":{"@id":"https:\/\/kaufengras.com\/#organization"},"potentialAction":[{"@type":"SearchAction","target":{"@type":"EntryPoint","urlTemplate":"https:\/\/kaufengras.com\/?s={search_term_string}"},"query-input":{"@type":"PropertyValueSpecification","valueRequired":true,"valueName":"search_term_string"}}],"inLanguage":"es"},{"@type":"Organization","@id":"https:\/\/kaufengras.com\/#organization","name":"Kaufen Gras","url":"https:\/\/kaufengras.com\/","logo":{"@type":"ImageObject","inLanguage":"es","@id":"https:\/\/kaufengras.com\/#\/schema\/logo\/image\/","url":"https:\/\/kaufengras.com\/wp-content\/uploads\/2024\/02\/logo.png","contentUrl":"https:\/\/kaufengras.com\/wp-content\/uploads\/2024\/02\/logo.png","width":250,"height":71,"caption":"Kaufen Gras"},"image":{"@id":"https:\/\/kaufengras.com\/#\/schema\/logo\/image\/"}}]}},"_links":{"self":[{"href":"https:\/\/kaufengras.com\/es\/wp-json\/wp\/v2\/product\/42","targetHints":{"allow":["GET"]}}],"collection":[{"href":"https:\/\/kaufengras.com\/es\/wp-json\/wp\/v2\/product"}],"about":[{"href":"https:\/\/kaufengras.com\/es\/wp-json\/wp\/v2\/types\/product"}],"replies":[{"embeddable":true,"href":"https:\/\/kaufengras.com\/es\/wp-json\/wp\/v2\/comments?post=42"}],"wp:featuredmedia":[{"embeddable":true,"href":"https:\/\/kaufengras.com\/es\/wp-json\/wp\/v2\/media\/8955"}],"wp:attachment":[{"href":"https:\/\/kaufengras.com\/es\/wp-json\/wp\/v2\/media?parent=42"}],"wp:term":[{"taxonomy":"product_cat","embeddable":true,"href":"https:\/\/kaufengras.com\/es\/wp-json\/wp\/v2\/product_cat?post=42"},{"taxonomy":"product_tag","embeddable":true,"href":"https:\/\/kaufengras.com\/es\/wp-json\/wp\/v2\/product_tag?post=42"}],"curies":[{"name":"wp","href":"https:\/\/api.w.org\/{rel}","templated":true}]}}