{"id":131,"date":"2024-02-12T07:06:56","date_gmt":"2024-02-12T07:06:56","guid":{"rendered":"https:\/\/nembutalhouse.com\/gras\/?post_type=product&#038;p=131"},"modified":"2024-08-26T05:44:56","modified_gmt":"2024-08-26T05:44:56","slug":"skywalker-og-cannabis-oil","status":"publish","type":"product","link":"https:\/\/kaufengras.com\/es\/product\/aceite-de-cannabis-skywalker-og\/","title":{"rendered":"Aceite de cannabis Skywalker OG"},"content":{"rendered":"<h2>Comprar Aceite de Cannabis Skywalker OG Online<\/h2>\n<h3>Descubra el aceite de cannabis Premium Skywalker OG en KaufenGras<\/h3>\n<p>En KaufenGras estamos orgullosos de ofrecer aceite de cannabis Skywalker OG de alta calidad a los aficionados al cannabis de todo el mundo. Nuestro aceite de cannabis Skywalker OG se elabora cuidadosamente a partir de ingredientes de primera calidad, garantizando una experiencia potente y sabrosa con cada gota.<\/p>\n<h3>\u00bfPor qu\u00e9 elegir el aceite de cannabis Skywalker OG?<\/h3>\n<p><a href=\"https:\/\/kaufengras.com\/es\/product\/aceite-de-cannabis-skywalker-og\/\">Aceite de cannabis Skywalker OG<\/a> es conocido por su calidad excepcional y sus potentes efectos. Tanto si eres un experto en cannabis como si eres nuevo, el aceite de cannabis Skywalker OG te ofrece una experiencia \u00fanica e inolvidable. Con su mezcla equilibrada de THC y CBD, el aceite de cannabis Skywalker OG proporciona un subid\u00f3n suave y relajante, perfecto para relajarse despu\u00e9s de un largo d\u00eda o para socializar con los amigos.<\/p>\n<h3>Comprar aceite de cannabis Skywalker OG online<\/h3>\n<p>\u00bfQuieres comprar aceite de cannabis Skywalker OG online? Entonces KaufenGras es el lugar adecuado para ti. En nuestra tienda online de f\u00e1cil uso, puedes navegar por nuestra selecci\u00f3n de productos de cannabis de primera calidad desde la comodidad de tu propia casa. Con un embalaje discreto y opciones de env\u00edo a todo el mundo, pedir aceite de cannabis Skywalker OG nunca ha sido tan f\u00e1cil.<\/p>\n<h3>\u00bfD\u00f3nde se puede comprar el aceite de cannabis Skywalker OG?<\/h3>\n<p>\u00bfSe pregunta d\u00f3nde comprar aceite de cannabis Skywalker OG? KaufenGras est\u00e1 aqu\u00ed para ti. En nuestra tienda online puedes comprar aceite de cannabis Skywalker OG con unos pocos clics. Adem\u00e1s, nuestras opciones de pago seguro garantizan una experiencia de compra sin complicaciones en todo momento.<\/p>\n<h3>Pida hoy mismo el aceite de cannabis Skywalker OG<\/h3>\n<p>\u00bfEst\u00e1s listo para experimentar por ti mismo la inigualable calidad del aceite de cannabis Skywalker OG? Pide ahora aceite de cannabis Skywalker OG en KaufenGras y rec\u00edbelo directamente en casa. Gracias a nuestro compromiso con la satisfacci\u00f3n del cliente y a nuestros productos de primera calidad, puedes confiar en KaufenGras para todas tus necesidades cann\u00e1bicas.<\/p>\n<h3>Comprar aceite de cannabis Skywalker OG en el Reino Unido<\/h3>\n<p>Si se encuentra en Alemania y desea comprar aceite de cannabis Skywalker OG, KaufenGras es su primera opci\u00f3n. Con env\u00edos r\u00e1pidos y fiables en Alemania, puedes disfrutar del mejor aceite de cannabis Skywalker OG a la venta sin tener que salir de casa. Haz tu pedido ahora y mejora tu experiencia cann\u00e1bica con KaufenGras.<\/p>\n<h3>Experimente la calidad superior con KaufenGras<\/h3>\n<p>En KaufenGras, nos comprometemos a proporcionar a nuestros clientes los mejores productos de cannabis del mercado. Desde el aceite de cannabis Skywalker OG hasta una amplia gama de variedades y accesorios, tenemos todo lo que necesitas para mejorar tu experiencia cann\u00e1bica. Compre con nosotros hoy mismo y descubra por qu\u00e9 KaufenGras es el destino definitivo para los entusiastas del cannabis.<\/p>","protected":false},"excerpt":{"rendered":"<p>Comprar Aceite de Cannabis Skywalker OG Online Descubre el aceite de cannabis Skywalker OG de calidad superior en KaufenGras En KaufenGras, estamos orgullosos de ofrecer aceite de cannabis Skywalker OG de alta calidad a los aficionados al cannabis de todo el mundo. Nuestro aceite de cannabis Skywalker OG se elabora cuidadosamente a partir de ingredientes de primera calidad, garantizando una experiencia potente y sabrosa con cada gota. \u00bfPor qu\u00e9 deber\u00eda [...]<\/p>","protected":false},"featured_media":8988,"comment_status":"open","ping_status":"closed","template":"","meta":{"inline_featured_image":false,"_joinchat":[]},"product_cat":[20],"product_tag":[],"class_list":{"0":"post-131","1":"product","2":"type-product","3":"status-publish","4":"has-post-thumbnail","6":"product_cat-cannabis-ole","8":"first","9":"instock","10":"shipping-taxable","11":"purchasable","12":"product-type-variable"},"yoast_head":"<!-- This site is optimized with the Yoast SEO plugin v23.5 - https:\/\/yoast.com\/wordpress\/plugins\/seo\/ -->\n<title>Kaufen Skywalker OG Cannabis\u00f6l online \u2013 Skywalker OG Cannabis\u00f6l zum Verkauf<\/title>\n<meta name=\"description\" content=\"Sie k\u00f6nnen Skywalker OG Cannabis\u00f6l online zu den besten Preisen in unserem Online-Shop kaufen. Wir haben g\u00fcnstiges und hochwertiges Skywalker OG Cannabis\u00f6l im Angebot und liefern es weltweit. Sie k\u00f6nnen jederzeit und \u00fcberall bestellen.\" \/>\n<meta name=\"robots\" content=\"index, follow, max-snippet:-1, max-image-preview:large, max-video-preview:-1\" \/>\n<link rel=\"canonical\" href=\"https:\/\/kaufengras.com\/es\/product\/aceite-de-cannabis-skywalker-og\/\" \/>\n<meta property=\"og:locale\" content=\"es_ES\" \/>\n<meta property=\"og:type\" content=\"article\" \/>\n<meta property=\"og:title\" content=\"Kaufen Skywalker OG Cannabis\u00f6l online \u2013 Skywalker OG Cannabis\u00f6l zum Verkauf\" \/>\n<meta property=\"og:description\" content=\"Sie k\u00f6nnen Skywalker OG Cannabis\u00f6l online zu den besten Preisen in unserem Online-Shop kaufen. Wir haben g\u00fcnstiges und hochwertiges Skywalker OG Cannabis\u00f6l im Angebot und liefern es weltweit. Sie k\u00f6nnen jederzeit und \u00fcberall bestellen.\" \/>\n<meta property=\"og:url\" content=\"https:\/\/kaufengras.com\/es\/product\/aceite-de-cannabis-skywalker-og\/\" \/>\n<meta property=\"og:site_name\" content=\"Kaufen Gras\" \/>\n<meta property=\"article:modified_time\" content=\"2024-08-26T05:44:56+00:00\" \/>\n<meta property=\"og:image\" content=\"https:\/\/kaufengras.com\/wp-content\/uploads\/2024\/02\/Skywalker-OG-Cannabis-Oil.jpg\" \/>\n\t<meta property=\"og:image:width\" content=\"600\" \/>\n\t<meta property=\"og:image:height\" content=\"600\" \/>\n\t<meta property=\"og:image:type\" content=\"image\/jpeg\" \/>\n<meta name=\"twitter:card\" content=\"summary_large_image\" \/>\n<meta name=\"twitter:label1\" content=\"Tiempo de lectura\" \/>\n\t<meta name=\"twitter:data1\" content=\"2 minutos\" \/>\n<script type=\"application\/ld+json\" class=\"yoast-schema-graph\">{\"@context\":\"https:\/\/schema.org\",\"@graph\":[{\"@type\":\"WebPage\",\"@id\":\"https:\/\/kaufengras.com\/product\/skywalker-og-cannabis-oil\/\",\"url\":\"https:\/\/kaufengras.com\/product\/skywalker-og-cannabis-oil\/\",\"name\":\"Kaufen Skywalker OG Cannabis\u00f6l online \u2013 Skywalker OG Cannabis\u00f6l zum Verkauf\",\"isPartOf\":{\"@id\":\"https:\/\/kaufengras.com\/#website\"},\"primaryImageOfPage\":{\"@id\":\"https:\/\/kaufengras.com\/product\/skywalker-og-cannabis-oil\/#primaryimage\"},\"image\":{\"@id\":\"https:\/\/kaufengras.com\/product\/skywalker-og-cannabis-oil\/#primaryimage\"},\"thumbnailUrl\":\"https:\/\/kaufengras.com\/wp-content\/uploads\/2024\/02\/Skywalker-OG-Cannabis-Oil.jpg\",\"datePublished\":\"2024-02-12T07:06:56+00:00\",\"dateModified\":\"2024-08-26T05:44:56+00:00\",\"description\":\"Sie k\u00f6nnen Skywalker OG Cannabis\u00f6l online zu den besten Preisen in unserem Online-Shop kaufen. Wir haben g\u00fcnstiges und hochwertiges Skywalker OG Cannabis\u00f6l im Angebot und liefern es weltweit. Sie k\u00f6nnen jederzeit und \u00fcberall bestellen.\",\"breadcrumb\":{\"@id\":\"https:\/\/kaufengras.com\/product\/skywalker-og-cannabis-oil\/#breadcrumb\"},\"inLanguage\":\"es\",\"potentialAction\":[{\"@type\":\"ReadAction\",\"target\":[\"https:\/\/kaufengras.com\/product\/skywalker-og-cannabis-oil\/\"]}]},{\"@type\":\"ImageObject\",\"inLanguage\":\"es\",\"@id\":\"https:\/\/kaufengras.com\/product\/skywalker-og-cannabis-oil\/#primaryimage\",\"url\":\"https:\/\/kaufengras.com\/wp-content\/uploads\/2024\/02\/Skywalker-OG-Cannabis-Oil.jpg\",\"contentUrl\":\"https:\/\/kaufengras.com\/wp-content\/uploads\/2024\/02\/Skywalker-OG-Cannabis-Oil.jpg\",\"width\":600,\"height\":600,\"caption\":\"Kaufen Skywalker-OG-Cannabis-Oil Online\"},{\"@type\":\"BreadcrumbList\",\"@id\":\"https:\/\/kaufengras.com\/product\/skywalker-og-cannabis-oil\/#breadcrumb\",\"itemListElement\":[{\"@type\":\"ListItem\",\"position\":1,\"name\":\"Home\",\"item\":\"https:\/\/kaufengras.com\/\"},{\"@type\":\"ListItem\",\"position\":2,\"name\":\"Shop\",\"item\":\"https:\/\/kaufengras.com\/shop\/\"},{\"@type\":\"ListItem\",\"position\":3,\"name\":\"Skywalker OG Cannabis Oil\"}]},{\"@type\":\"WebSite\",\"@id\":\"https:\/\/kaufengras.com\/#website\",\"url\":\"https:\/\/kaufengras.com\/\",\"name\":\"Kaufen Gras\",\"description\":\"Gras Online Kaufen\",\"publisher\":{\"@id\":\"https:\/\/kaufengras.com\/#organization\"},\"potentialAction\":[{\"@type\":\"SearchAction\",\"target\":{\"@type\":\"EntryPoint\",\"urlTemplate\":\"https:\/\/kaufengras.com\/?s={search_term_string}\"},\"query-input\":{\"@type\":\"PropertyValueSpecification\",\"valueRequired\":true,\"valueName\":\"search_term_string\"}}],\"inLanguage\":\"es\"},{\"@type\":\"Organization\",\"@id\":\"https:\/\/kaufengras.com\/#organization\",\"name\":\"Kaufen Gras\",\"url\":\"https:\/\/kaufengras.com\/\",\"logo\":{\"@type\":\"ImageObject\",\"inLanguage\":\"es\",\"@id\":\"https:\/\/kaufengras.com\/#\/schema\/logo\/image\/\",\"url\":\"https:\/\/kaufengras.com\/wp-content\/uploads\/2024\/02\/logo.png\",\"contentUrl\":\"https:\/\/kaufengras.com\/wp-content\/uploads\/2024\/02\/logo.png\",\"width\":250,\"height\":71,\"caption\":\"Kaufen Gras\"},\"image\":{\"@id\":\"https:\/\/kaufengras.com\/#\/schema\/logo\/image\/\"}}]}<\/script>\n<!-- \/ Yoast SEO plugin. -->","yoast_head_json":{"title":"Kaufen Skywalker OG Cannabis\u00f6l online \u2013 Skywalker OG Cannabis\u00f6l zum Verkauf","description":"Sie k\u00f6nnen Skywalker OG Cannabis\u00f6l online zu den besten Preisen in unserem Online-Shop kaufen. Wir haben g\u00fcnstiges und hochwertiges Skywalker OG Cannabis\u00f6l im Angebot und liefern es weltweit. Sie k\u00f6nnen jederzeit und \u00fcberall bestellen.","robots":{"index":"index","follow":"follow","max-snippet":"max-snippet:-1","max-image-preview":"max-image-preview:large","max-video-preview":"max-video-preview:-1"},"canonical":"https:\/\/kaufengras.com\/es\/product\/aceite-de-cannabis-skywalker-og\/","og_locale":"es_ES","og_type":"article","og_title":"Kaufen Skywalker OG Cannabis\u00f6l online \u2013 Skywalker OG Cannabis\u00f6l zum Verkauf","og_description":"Sie k\u00f6nnen Skywalker OG Cannabis\u00f6l online zu den besten Preisen in unserem Online-Shop kaufen. Wir haben g\u00fcnstiges und hochwertiges Skywalker OG Cannabis\u00f6l im Angebot und liefern es weltweit. Sie k\u00f6nnen jederzeit und \u00fcberall bestellen.","og_url":"https:\/\/kaufengras.com\/es\/product\/aceite-de-cannabis-skywalker-og\/","og_site_name":"Kaufen Gras","article_modified_time":"2024-08-26T05:44:56+00:00","og_image":[{"width":600,"height":600,"url":"https:\/\/kaufengras.com\/wp-content\/uploads\/2024\/02\/Skywalker-OG-Cannabis-Oil.jpg","type":"image\/jpeg"}],"twitter_card":"summary_large_image","twitter_misc":{"Tiempo de lectura":"2 minutos"},"schema":{"@context":"https:\/\/schema.org","@graph":[{"@type":"WebPage","@id":"https:\/\/kaufengras.com\/product\/skywalker-og-cannabis-oil\/","url":"https:\/\/kaufengras.com\/product\/skywalker-og-cannabis-oil\/","name":"Kaufen Skywalker OG Cannabis\u00f6l online \u2013 Skywalker OG Cannabis\u00f6l zum Verkauf","isPartOf":{"@id":"https:\/\/kaufengras.com\/#website"},"primaryImageOfPage":{"@id":"https:\/\/kaufengras.com\/product\/skywalker-og-cannabis-oil\/#primaryimage"},"image":{"@id":"https:\/\/kaufengras.com\/product\/skywalker-og-cannabis-oil\/#primaryimage"},"thumbnailUrl":"https:\/\/kaufengras.com\/wp-content\/uploads\/2024\/02\/Skywalker-OG-Cannabis-Oil.jpg","datePublished":"2024-02-12T07:06:56+00:00","dateModified":"2024-08-26T05:44:56+00:00","description":"Sie k\u00f6nnen Skywalker OG Cannabis\u00f6l online zu den besten Preisen in unserem Online-Shop kaufen. Wir haben g\u00fcnstiges und hochwertiges Skywalker OG Cannabis\u00f6l im Angebot und liefern es weltweit. Sie k\u00f6nnen jederzeit und \u00fcberall bestellen.","breadcrumb":{"@id":"https:\/\/kaufengras.com\/product\/skywalker-og-cannabis-oil\/#breadcrumb"},"inLanguage":"es","potentialAction":[{"@type":"ReadAction","target":["https:\/\/kaufengras.com\/product\/skywalker-og-cannabis-oil\/"]}]},{"@type":"ImageObject","inLanguage":"es","@id":"https:\/\/kaufengras.com\/product\/skywalker-og-cannabis-oil\/#primaryimage","url":"https:\/\/kaufengras.com\/wp-content\/uploads\/2024\/02\/Skywalker-OG-Cannabis-Oil.jpg","contentUrl":"https:\/\/kaufengras.com\/wp-content\/uploads\/2024\/02\/Skywalker-OG-Cannabis-Oil.jpg","width":600,"height":600,"caption":"Kaufen Skywalker-OG-Cannabis-Oil Online"},{"@type":"BreadcrumbList","@id":"https:\/\/kaufengras.com\/product\/skywalker-og-cannabis-oil\/#breadcrumb","itemListElement":[{"@type":"ListItem","position":1,"name":"Home","item":"https:\/\/kaufengras.com\/"},{"@type":"ListItem","position":2,"name":"Shop","item":"https:\/\/kaufengras.com\/shop\/"},{"@type":"ListItem","position":3,"name":"Skywalker OG Cannabis Oil"}]},{"@type":"WebSite","@id":"https:\/\/kaufengras.com\/#website","url":"https:\/\/kaufengras.com\/","name":"Kaufen Gras","description":"Gras Online Kaufen","publisher":{"@id":"https:\/\/kaufengras.com\/#organization"},"potentialAction":[{"@type":"SearchAction","target":{"@type":"EntryPoint","urlTemplate":"https:\/\/kaufengras.com\/?s={search_term_string}"},"query-input":{"@type":"PropertyValueSpecification","valueRequired":true,"valueName":"search_term_string"}}],"inLanguage":"es"},{"@type":"Organization","@id":"https:\/\/kaufengras.com\/#organization","name":"Kaufen Gras","url":"https:\/\/kaufengras.com\/","logo":{"@type":"ImageObject","inLanguage":"es","@id":"https:\/\/kaufengras.com\/#\/schema\/logo\/image\/","url":"https:\/\/kaufengras.com\/wp-content\/uploads\/2024\/02\/logo.png","contentUrl":"https:\/\/kaufengras.com\/wp-content\/uploads\/2024\/02\/logo.png","width":250,"height":71,"caption":"Kaufen Gras"},"image":{"@id":"https:\/\/kaufengras.com\/#\/schema\/logo\/image\/"}}]}},"_links":{"self":[{"href":"https:\/\/kaufengras.com\/es\/wp-json\/wp\/v2\/product\/131","targetHints":{"allow":["GET"]}}],"collection":[{"href":"https:\/\/kaufengras.com\/es\/wp-json\/wp\/v2\/product"}],"about":[{"href":"https:\/\/kaufengras.com\/es\/wp-json\/wp\/v2\/types\/product"}],"replies":[{"embeddable":true,"href":"https:\/\/kaufengras.com\/es\/wp-json\/wp\/v2\/comments?post=131"}],"wp:featuredmedia":[{"embeddable":true,"href":"https:\/\/kaufengras.com\/es\/wp-json\/wp\/v2\/media\/8988"}],"wp:attachment":[{"href":"https:\/\/kaufengras.com\/es\/wp-json\/wp\/v2\/media?parent=131"}],"wp:term":[{"taxonomy":"product_cat","embeddable":true,"href":"https:\/\/kaufengras.com\/es\/wp-json\/wp\/v2\/product_cat?post=131"},{"taxonomy":"product_tag","embeddable":true,"href":"https:\/\/kaufengras.com\/es\/wp-json\/wp\/v2\/product_tag?post=131"}],"curies":[{"name":"wp","href":"https:\/\/api.w.org\/{rel}","templated":true}]}}